{"id":731,"date":"2022-01-30T17:17:25","date_gmt":"2022-01-30T15:17:25","guid":{"rendered":"https:\/\/visitviljandi.ee\/maakond\/vortsjarv\/"},"modified":"2022-05-11T09:41:53","modified_gmt":"2022-05-11T07:41:53","slug":"vertsjerves-ezers","status":"publish","type":"page","link":"https:\/\/visitviljandi.ee\/lv\/aprinkis\/vertsjerves-ezers\/","title":{"rendered":"Vertsjerves ezers"},"content":{"rendered":"\n<p>Igaunijas liel\u0101ko iek\u0161zemes \u016bdenstilpni \u2013 Vertsjerves ezeru \u2013 apk\u0101rt\u0113jie iedz\u012bvot\u0101ji uztver glu\u017ei k\u0101 j\u016bru. Ezera plat\u012bba ir liel\u0101ka nek\u0101 visiem p\u0101r\u0113jiem Igaunijas ezeriem kop\u0101. Apk\u0101rt ezeram ir v\u0113sturiski izveidojusies pludmales kult\u016bra, kas p\u0113d\u0113jos gados strauji atg\u016bst savu popularit\u0101ti.<\/p>\n\n\n\n<p>Kop\u0101 ar viet\u0113jiem iedz\u012bvot\u0101jiem, kas mitin\u0101s ap ezeru izvietotajos ciematos un viens\u0113t\u0101s, var doties mak\u0161\u0137er\u0113t un v\u0113l\u0101k no nozvejot\u0101 loma pagatavot gardus \u0113dienus. Uz ezera notiek ar\u012b apm\u0101c\u012bbas bur\u0101\u0161an\u0101, kas ir lielisks veids, lai pirmo reizi iepaz\u012btos ar apk\u0101rtni. Vertsjerves ezera zvejnieku nozvejotos lomus augstu v\u0113rt\u0113 viet\u0113jie \u0161efpav\u0101ri. Viet\u0113j\u0101s zivis var atrast gan ezermalas restor\u0101nos un kafejn\u012bc\u0101s, gan ar\u012b V\u012blandes apkaimes \u0113stuv\u0113s.<\/p>\n\n\n\n<p>Ezer\u0101 galvenok\u0101rt m\u012bt zu\u0161i, zandarti, plau\u017ei un l\u012bdakas.<\/p>\n\n\n\n<p>Ja v\u0113laties atkl\u0101t interesantas apskates vietas ezera apk\u0101rtn\u0113, iepaz\u012bstieties ar ieteikumiem <a href=\"https:\/\/visitviljandi.ee\/bw_client_files\/visitviljandi\/public\/img\/File\/viljandi_kataloog_2019_ENG-vrtsjarv.pdf\" target=\"_blank\" rel=\"noreferrer noopener\">\u0161eit<\/a>.<\/p>\n\n\n\n<figure class=\"wp-block-image size-large\"><a href=\"https:\/\/visitviljandi.ee\/wp-content\/uploads\/2022\/01\/33878781090_72c2069e9b_k.jpg\"><img loading=\"lazy\" decoding=\"async\" width=\"1024\" height=\"683\" src=\"https:\/\/visitviljandi.ee\/wp-content\/uploads\/2022\/01\/33878781090_72c2069e9b_k-1024x683.jpg\" alt=\"\" class=\"wp-image-659\" srcset=\"https:\/\/visitviljandi.ee\/wp-content\/uploads\/2022\/01\/33878781090_72c2069e9b_k-1024x683.jpg 1024w, https:\/\/visitviljandi.ee\/wp-content\/uploads\/2022\/01\/33878781090_72c2069e9b_k-300x200.jpg 300w, https:\/\/visitviljandi.ee\/wp-content\/uploads\/2022\/01\/33878781090_72c2069e9b_k-768x512.jpg 768w, https:\/\/visitviljandi.ee\/wp-content\/uploads\/2022\/01\/33878781090_72c2069e9b_k-1536x1024.jpg 1536w, https:\/\/visitviljandi.ee\/wp-content\/uploads\/2022\/01\/33878781090_72c2069e9b_k.jpg 2048w\" sizes=\"auto, (max-width: 1024px) 100vw, 1024px\" \/><\/a><figcaption>Vertsjerves ezers. Fotogr\u0101fs: Kriss Silds (Kris S\u00fcld)<\/figcaption><\/figure>\n\n\n\n<p><\/p>\n","protected":false},"excerpt":{"rendered":"<p>Igaunijas liel\u0101ko iek\u0161zemes \u016bdenstilpni \u2013 Vertsjerves ezeru \u2013 apk\u0101rt\u0113jie iedz\u012bvot\u0101ji uztver glu\u017ei k\u0101 j\u016bru. Ezera plat\u012bba ir liel\u0101ka nek\u0101 visiem p\u0101r\u0113jiem Igaunijas ezeriem kop\u0101. Apk\u0101rt ezeram ir v\u0113sturiski izveidojusies pludmales kult\u016bra, kas p\u0113d\u0113jos gados strauji atg\u016bst savu popularit\u0101ti. Kop\u0101 ar viet\u0113jiem iedz\u012bvot\u0101jiem, kas mitin\u0101s ap ezeru izvietotajos ciematos un viens\u0113t\u0101s, var doties mak\u0161\u0137er\u0113t un v\u0113l\u0101k [&hellip;]<\/p>\n","protected":false},"author":4,"featured_media":625,"parent":694,"menu_order":0,"comment_status":"closed","ping_status":"closed","template":"","meta":{"_acf_changed":false,"inline_featured_image":false,"footnotes":""},"class_list":["post-731","page","type-page","status-publish","has-post-thumbnail","hentry"],"acf":[],"_links":{"self":[{"href":"https:\/\/visitviljandi.ee\/lv\/wp-json\/wp\/v2\/pages\/731","targetHints":{"allow":["GET"]}}],"collection":[{"href":"https:\/\/visitviljandi.ee\/lv\/wp-json\/wp\/v2\/pages"}],"about":[{"href":"https:\/\/visitviljandi.ee\/lv\/wp-json\/wp\/v2\/types\/page"}],"author":[{"embeddable":true,"href":"https:\/\/visitviljandi.ee\/lv\/wp-json\/wp\/v2\/users\/4"}],"replies":[{"embeddable":true,"href":"https:\/\/visitviljandi.ee\/lv\/wp-json\/wp\/v2\/comments?post=731"}],"version-history":[{"count":4,"href":"https:\/\/visitviljandi.ee\/lv\/wp-json\/wp\/v2\/pages\/731\/revisions"}],"predecessor-version":[{"id":51710,"href":"https:\/\/visitviljandi.ee\/lv\/wp-json\/wp\/v2\/pages\/731\/revisions\/51710"}],"up":[{"embeddable":true,"href":"https:\/\/visitviljandi.ee\/lv\/wp-json\/wp\/v2\/pages\/694"}],"wp:featuredmedia":[{"embeddable":true,"href":"https:\/\/visitviljandi.ee\/lv\/wp-json\/wp\/v2\/media\/625"}],"wp:attachment":[{"href":"https:\/\/visitviljandi.ee\/lv\/wp-json\/wp\/v2\/media?parent=731"}],"curies":[{"name":"wp","href":"https:\/\/api.w.org\/{rel}","templated":true}]}}