{"id":728,"date":"2022-01-29T11:03:09","date_gmt":"2022-01-29T09:03:09","guid":{"rendered":"https:\/\/visitviljandi.ee\/maakond\/sakala-county\/"},"modified":"2022-05-11T09:41:09","modified_gmt":"2022-05-11T07:41:09","slug":"sakalas-aprinkis","status":"publish","type":"page","link":"https:\/\/visitviljandi.ee\/lv\/aprinkis\/sakalas-aprinkis\/","title":{"rendered":"Sakalas apri\u0146\u0137is"},"content":{"rendered":"\n<p>V\u012blandes apri\u0146\u0137a zieme\u013cos atrodas v\u0113sturisk\u0101 Sakala \u2013 vieta, kur k\u0101dreiz mitis le\u0123end\u0101rais seno igau\u0146u vec\u0101kais Lembits. \u0160odien ir iesp\u0113ja apmekl\u0113t <a href=\"https:\/\/visitviljandi.ee\/lv\/places\/lehaveres-lembitu-pilskalns\/\" target=\"_blank\" rel=\"noreferrer noopener\">Lembitu Lehaveres pilskalnu<\/a>.<\/p>\n\n\n\n<p>S\u016bre-J\u0101ni ir viens no Igaunijas noz\u012bm\u012bg\u0101kajiem kult\u016brv\u0113sturiskajiem objektiem. No \u0161ejienes ir c\u0113lusies komponistu Kapu dzimta, un pils\u0113t\u0101 apmekl\u0113t\u0101jus gaida dzimtas <a href=\"https:\/\/visitviljandi.ee\/lv\/places\/komponistu-kappu-majas-muzejs\/\" target=\"_blank\" rel=\"noreferrer noopener\">m\u0101jas-muzejs<\/a>. Som\u0101 nomal\u0113, Hipas\u0101r\u0113, atrodas komponista Marta S\u0101ra <a href=\"https:\/\/visitviljandi.ee\/lv\/places\/komponista-marta-sara-mart-saar-muzejs\/\" target=\"_blank\" rel=\"noreferrer noopener\">m\u0101ja-muzejs<\/a>, kas joproj\u0101m iedvesmo rado\u0161o profesiju p\u0101rst\u0101vjus. Savuk\u0101rt S\u016bre-J\u0101ni kaps\u0113ta ir viena no Igaunijas izcil\u0101k\u0101 m\u0101kslinieka Johana K\u0113lera p\u0113d\u0113j\u0101 atdusas vieta.<\/p>\n\n\n\n<p>\u0160odien S\u016bre-J\u0101ni atrodas viens no aizraujo\u0161\u0101kajiem \u016bdens parkiem vis\u0101 apk\u0101rtn\u0113, ko viet\u0113jie d\u0113v\u0113 ar\u012b par <a href=\"https:\/\/visitviljandi.ee\/lv\/places\/suure-jaani-tervisekoda-udens-centrs\/\" target=\"_blank\" rel=\"noreferrer noopener\">Vesel\u012bbas namu<\/a>. \u016adens atrakcijas, peldbaseini un saunas priec\u0113 visu \u0123imeni.<\/p>\n\n\n\n<p>Sakalas apri\u0146\u0137is ir iev\u0113rojama ar\u012b ar to, ka \u0161eit var atrast vislab\u0101k saglab\u0101ju\u0161os mui\u017eas kompleksu Igaunij\u0101. Blakus <a href=\"https:\/\/visitviljandi.ee\/lv\/places\/olustveres-muiza\/\" target=\"_blank\" rel=\"noreferrer noopener\">Olustveres mui\u017eas<\/a> elegantajai galvenajai \u0113kai ir saglab\u0101ju\u0161\u0101s un atjaunotas daudzas biju\u0161\u0101s saimniec\u012bbas \u0113kas, kur\u0101s tagad darbojas m\u0101c\u012bbu telpas un darbn\u012bcas.<\/p>\n\n\n\n<p>Lai atrastu <a href=\"https:\/\/visitviljandi.ee\/lv\/places\/pilistveres-akmenu-kravums\/\" target=\"_blank\" rel=\"noreferrer noopener\">Pilistveres akme\u0146u<\/a> kr\u0101vumu un <a href=\"https:\/\/visitviljandi.ee\/lv\/places\/vehmas-svecu-fabrikas-apmeklejums\/\" target=\"_blank\" rel=\"noreferrer noopener\">Vehmas sve\u010du fabriku<\/a>, skatiet <a href=\"https:\/\/visitviljandi.ee\/bw_client_files\/visitviljandi\/public\/img\/File\/viljandi_kataloog_2019_ENG-sakalamaa.pdf\" target=\"_blank\" rel=\"noreferrer noopener\">mar\u0161rutu<\/a> un <a href=\"https:\/\/visitviljandi.ee\/bw_client_files\/visitviljandi\/public\/img\/File\/P-Viljandimaa_A5_2.pdf\" target=\"_blank\" rel=\"noreferrer noopener\">karti<\/a>.<\/p>\n\n\n\n<figure class=\"wp-block-image size-large\"><a href=\"https:\/\/visitviljandi.ee\/wp-content\/uploads\/2022\/01\/51505319472_e4e366b982_k.jpg\"><img loading=\"lazy\" decoding=\"async\" width=\"1024\" height=\"683\" src=\"https:\/\/visitviljandi.ee\/wp-content\/uploads\/2022\/01\/51505319472_e4e366b982_k-1024x683.jpg\" alt=\"\" class=\"wp-image-642\" srcset=\"https:\/\/visitviljandi.ee\/wp-content\/uploads\/2022\/01\/51505319472_e4e366b982_k-1024x683.jpg 1024w, https:\/\/visitviljandi.ee\/wp-content\/uploads\/2022\/01\/51505319472_e4e366b982_k-300x200.jpg 300w, https:\/\/visitviljandi.ee\/wp-content\/uploads\/2022\/01\/51505319472_e4e366b982_k-768x512.jpg 768w, https:\/\/visitviljandi.ee\/wp-content\/uploads\/2022\/01\/51505319472_e4e366b982_k-1536x1024.jpg 1536w, https:\/\/visitviljandi.ee\/wp-content\/uploads\/2022\/01\/51505319472_e4e366b982_k.jpg 2048w\" sizes=\"auto, (max-width: 1024px) 100vw, 1024px\" \/><\/a><figcaption>Lehaveres pilskalns Fotogr\u0101fs: S\u012bms Verners Teders (Siim Verner Teder)<\/figcaption><\/figure>\n","protected":false},"excerpt":{"rendered":"<p>V\u012blandes apri\u0146\u0137a zieme\u013cos atrodas v\u0113sturisk\u0101 Sakala \u2013 vieta, kur k\u0101dreiz mitis le\u0123end\u0101rais seno igau\u0146u vec\u0101kais Lembits. \u0160odien ir iesp\u0113ja apmekl\u0113t Lembitu Lehaveres pilskalnu. S\u016bre-J\u0101ni ir viens no Igaunijas noz\u012bm\u012bg\u0101kajiem kult\u016brv\u0113sturiskajiem objektiem. No \u0161ejienes ir c\u0113lusies komponistu Kapu dzimta, un pils\u0113t\u0101 apmekl\u0113t\u0101jus gaida dzimtas m\u0101jas-muzejs. Som\u0101 nomal\u0113, Hipas\u0101r\u0113, atrodas komponista Marta S\u0101ra m\u0101ja-muzejs, kas joproj\u0101m iedvesmo [&hellip;]<\/p>\n","protected":false},"author":4,"featured_media":637,"parent":694,"menu_order":0,"comment_status":"closed","ping_status":"closed","template":"","meta":{"_acf_changed":false,"inline_featured_image":false,"footnotes":""},"class_list":["post-728","page","type-page","status-publish","has-post-thumbnail","hentry"],"acf":[],"_links":{"self":[{"href":"https:\/\/visitviljandi.ee\/lv\/wp-json\/wp\/v2\/pages\/728","targetHints":{"allow":["GET"]}}],"collection":[{"href":"https:\/\/visitviljandi.ee\/lv\/wp-json\/wp\/v2\/pages"}],"about":[{"href":"https:\/\/visitviljandi.ee\/lv\/wp-json\/wp\/v2\/types\/page"}],"author":[{"embeddable":true,"href":"https:\/\/visitviljandi.ee\/lv\/wp-json\/wp\/v2\/users\/4"}],"replies":[{"embeddable":true,"href":"https:\/\/visitviljandi.ee\/lv\/wp-json\/wp\/v2\/comments?post=728"}],"version-history":[{"count":5,"href":"https:\/\/visitviljandi.ee\/lv\/wp-json\/wp\/v2\/pages\/728\/revisions"}],"predecessor-version":[{"id":51708,"href":"https:\/\/visitviljandi.ee\/lv\/wp-json\/wp\/v2\/pages\/728\/revisions\/51708"}],"up":[{"embeddable":true,"href":"https:\/\/visitviljandi.ee\/lv\/wp-json\/wp\/v2\/pages\/694"}],"wp:featuredmedia":[{"embeddable":true,"href":"https:\/\/visitviljandi.ee\/lv\/wp-json\/wp\/v2\/media\/637"}],"wp:attachment":[{"href":"https:\/\/visitviljandi.ee\/lv\/wp-json\/wp\/v2\/media?parent=728"}],"curies":[{"name":"wp","href":"https:\/\/api.w.org\/{rel}","templated":true}]}}