{"id":725,"date":"2022-01-30T17:14:43","date_gmt":"2022-01-30T15:14:43","guid":{"rendered":"https:\/\/visitviljandi.ee\/maakond\/soomaa\/"},"modified":"2022-05-11T09:41:29","modified_gmt":"2022-05-11T07:41:29","slug":"soma","status":"publish","type":"page","link":"https:\/\/visitviljandi.ee\/lv\/aprinkis\/soma\/","title":{"rendered":"Som\u0101"},"content":{"rendered":"\n<p>Pusstundas brauciena att\u0101lum\u0101 uz rietumiem no V\u012blandes ainava k\u013c\u016bst pavisam cit\u0101da. J\u016bs esat sasniegu\u0161i Som\u0101 (Soomaa) Nacion\u0101lo parku, kas tika izveidots 1993. gad\u0101, lai aizsarg\u0101tu neskartos purvus, da\u017e\u0101d\u0101m sug\u0101m bag\u0101t\u0101s palienes, me\u017eu p\u013cavas un me\u017eus. Daudzveid\u012bg\u0101 un neskart\u0101 daba, savdab\u012bgais piekaramais tilts un vienko\u010du laivas ir padar\u012bju\u0161as \u0161o vietu paz\u012bstamu vis\u0101 pasaul\u0113. To ir iecien\u012bju\u0161i gan piedz\u012bvojumus alksto\u0161i dabas draugi, gan br\u012bvdienu p\u0101rg\u0101jienu fani.<\/p>\n\n\n\n<p>Daudzi noteikti ir dzird\u0113ju\u0161i par piekto gadalaiku, ta\u010du paties\u012bb\u0101 Som\u0101 ir daudz interesanta ar\u012b \u0101rpus pl\u016bdu laika. Ce\u013cojums uz aizv\u0113sturisk\u0101s dabas vidieni ikvienam igaunim ir k\u0101 vasaras sv\u0113tce\u013cojums, kuram pievienoties tiek laipni aicin\u0101ti ar\u012b m\u016bsu viesi.<\/p>\n\n\n\n<p>Lab\u0101kais veids, lai iepaz\u012btu Som\u0101, protams, ir brauciens ar laivu vai kanoe. Ziem\u0101 dabas baud\u012b\u0161anai var izmantot sniega kurpes vai somu kamanas. Som\u0101 pied\u0101v\u0101 vair\u0101kas laipu takas p\u0101rg\u0101jieniem, t\u0101p\u0113c ir v\u0113rts apvienot ce\u013cojumu ar automa\u0161\u012bnu un p\u0101rg\u0101jienus k\u0101j\u0101m. P\u0113c gar\u0101ka vai \u012bs\u0101ka p\u0101rg\u0101jiena pa purvu vai p\u0113c izbrauciena ar kanoe lielisku atspirdzin\u0101jumu \u0137ermenim un garam sniegs pirts un dabas ska\u0146as, kuru rad\u012b\u0161an\u0101 cilv\u0113ks nav pielicis savu roku.<\/p>\n\n\n\n<p>Nor\u0101d\u012bjumus par p\u0101rvieto\u0161anos Som\u0101 var atrast <a href=\"https:\/\/visitviljandi.ee\/bw_client_files\/visitviljandi\/public\/img\/File\/viljandi_kataloog_2019_ENG-soomaa.pdf\" target=\"_blank\" rel=\"noreferrer noopener\">\u0161eit<\/a>.<\/p>\n\n\n\n<figure class=\"wp-block-image size-large\"><a href=\"https:\/\/visitviljandi.ee\/wp-content\/uploads\/2022\/01\/28448648087_8475b50184_k.jpg\"><img loading=\"lazy\" decoding=\"async\" width=\"1024\" height=\"577\" src=\"https:\/\/visitviljandi.ee\/wp-content\/uploads\/2022\/01\/28448648087_8475b50184_k-1024x577.jpg\" alt=\"\" class=\"wp-image-650\" srcset=\"https:\/\/visitviljandi.ee\/wp-content\/uploads\/2022\/01\/28448648087_8475b50184_k-1024x577.jpg 1024w, https:\/\/visitviljandi.ee\/wp-content\/uploads\/2022\/01\/28448648087_8475b50184_k-300x169.jpg 300w, https:\/\/visitviljandi.ee\/wp-content\/uploads\/2022\/01\/28448648087_8475b50184_k-768x433.jpg 768w, https:\/\/visitviljandi.ee\/wp-content\/uploads\/2022\/01\/28448648087_8475b50184_k-1536x866.jpg 1536w, https:\/\/visitviljandi.ee\/wp-content\/uploads\/2022\/01\/28448648087_8475b50184_k.jpg 2048w\" sizes=\"auto, (max-width: 1024px) 100vw, 1024px\" \/><\/a><figcaption>Hipas\u0101res purvs Fotogr\u0101fs: Martins Kosesons (Martin Kosseson)<\/figcaption><\/figure>\n","protected":false},"excerpt":{"rendered":"<p>Pusstundas brauciena att\u0101lum\u0101 uz rietumiem no V\u012blandes ainava k\u013c\u016bst pavisam cit\u0101da. J\u016bs esat sasniegu\u0161i Som\u0101 (Soomaa) Nacion\u0101lo parku, kas tika izveidots 1993. gad\u0101, lai aizsarg\u0101tu neskartos purvus, da\u017e\u0101d\u0101m sug\u0101m bag\u0101t\u0101s palienes, me\u017eu p\u013cavas un me\u017eus. Daudzveid\u012bg\u0101 un neskart\u0101 daba, savdab\u012bgais piekaramais tilts un vienko\u010du laivas ir padar\u012bju\u0161as \u0161o vietu paz\u012bstamu vis\u0101 pasaul\u0113. To ir iecien\u012bju\u0161i [&hellip;]<\/p>\n","protected":false},"author":4,"featured_media":619,"parent":694,"menu_order":0,"comment_status":"closed","ping_status":"closed","template":"","meta":{"_acf_changed":false,"inline_featured_image":false,"footnotes":""},"class_list":["post-725","page","type-page","status-publish","has-post-thumbnail","hentry"],"acf":[],"_links":{"self":[{"href":"https:\/\/visitviljandi.ee\/lv\/wp-json\/wp\/v2\/pages\/725","targetHints":{"allow":["GET"]}}],"collection":[{"href":"https:\/\/visitviljandi.ee\/lv\/wp-json\/wp\/v2\/pages"}],"about":[{"href":"https:\/\/visitviljandi.ee\/lv\/wp-json\/wp\/v2\/types\/page"}],"author":[{"embeddable":true,"href":"https:\/\/visitviljandi.ee\/lv\/wp-json\/wp\/v2\/users\/4"}],"replies":[{"embeddable":true,"href":"https:\/\/visitviljandi.ee\/lv\/wp-json\/wp\/v2\/comments?post=725"}],"version-history":[{"count":3,"href":"https:\/\/visitviljandi.ee\/lv\/wp-json\/wp\/v2\/pages\/725\/revisions"}],"predecessor-version":[{"id":51709,"href":"https:\/\/visitviljandi.ee\/lv\/wp-json\/wp\/v2\/pages\/725\/revisions\/51709"}],"up":[{"embeddable":true,"href":"https:\/\/visitviljandi.ee\/lv\/wp-json\/wp\/v2\/pages\/694"}],"wp:featuredmedia":[{"embeddable":true,"href":"https:\/\/visitviljandi.ee\/lv\/wp-json\/wp\/v2\/media\/619"}],"wp:attachment":[{"href":"https:\/\/visitviljandi.ee\/lv\/wp-json\/wp\/v2\/media?parent=725"}],"curies":[{"name":"wp","href":"https:\/\/api.w.org\/{rel}","templated":true}]}}