{"id":722,"date":"2022-01-26T21:39:51","date_gmt":"2022-01-26T19:39:51","guid":{"rendered":"https:\/\/visitviljandi.ee\/maakond\/mulgimaa\/"},"modified":"2022-05-11T09:40:27","modified_gmt":"2022-05-11T07:40:27","slug":"mulgima","status":"publish","type":"page","link":"https:\/\/visitviljandi.ee\/lv\/aprinkis\/mulgima\/","title":{"rendered":"Mulgim\u0101"},"content":{"rendered":"\n<p>Mulgim\u0101 ir kult\u016brv\u0113sturisks re\u0123ions Dienvidigaunij\u0101, kas valdzina ar savu unik\u0101lo dabu un pag\u0101tnes mantojumu, k\u0101 ar\u012b ar aizraujo\u0161iem pas\u0101kumiem un akt\u012bviem cilv\u0113kiem. \u0160is re\u0123ions ir paz\u012bstama k\u0101 pirmo bag\u0101to Igaunijas lauku saimniec\u012bbu un jaun\u0101s valsts kult\u016bras un sabiedrisko darbinieku \u0161\u016bpulis.<\/p>\n\n\n\n<p>Var teikt, ka \u0161obr\u012bd Mulgi piedz\u012bvo kult\u016bras renesansi. Cilv\u0113ki atkl\u0101j savas saknes un atgrie\u017eas sav\u0101 dzimtaj\u0101 pus\u0113. Sadarb\u012bb\u0101 ar uz\u0146\u0113m\u012bg\u0101kajiem viet\u0113jiem iedz\u012bvot\u0101jiem veidojas akt\u012bvas kopienas. Vasar\u0101 apk\u0101rtni var izp\u0113t\u012bt, izmantojot <a href=\"https:\/\/mulgiperemang.ee\/\" target=\"_blank\" rel=\"noreferrer noopener\">Mulgim\u0101 \u0123imenes sp\u0113li<\/a>.<\/p>\n\n\n\n<p>\u0160odien Mulgim\u0101 teritorija ple\u0161as trij\u0101s pa\u0161vald\u012bb\u0101s \u2013 V\u012blandes, Mulgi un Tervas, k\u0101 ar\u012b divos apri\u0146\u0137os \u2013 V\u012blandes apri\u0146\u0137\u012b un Valgas apri\u0146\u0137\u012b.<\/p>\n\n\n\n<p><a href=\"https:\/\/visitviljandi.ee\/bw_client_files\/visitviljandi\/public\/img\/File\/viljandi_kataloog_2019_ENG-mulgimaa.pdf\" target=\"_blank\" rel=\"noreferrer noopener\">\u0160eit<\/a> var atrast ieteikumus, ko apskat\u012bt Mulgim\u0101. Ce\u013cojum\u0101 pal\u012bdz\u0113s ar\u012b <a href=\"https:\/\/visitviljandi.ee\/bw_client_files\/visitviljandi\/public\/img\/File\/Mulgimaa_A5_3.pdf\" target=\"_blank\" rel=\"noreferrer noopener\">karte<\/a>.<\/p>\n\n\n\n<p>Uz tik\u0161anos Mulgim\u0101!<\/p>\n\n\n\n<figure class=\"wp-block-image size-large\"><a href=\"https:\/\/visitviljandi.ee\/wp-content\/uploads\/2022\/01\/34104404192_b62e3e875e_k.jpg\"><img loading=\"lazy\" decoding=\"async\" width=\"1024\" height=\"683\" src=\"https:\/\/visitviljandi.ee\/wp-content\/uploads\/2022\/01\/34104404192_b62e3e875e_k-1024x683.jpg\" alt=\"\" class=\"wp-image-669\" srcset=\"https:\/\/visitviljandi.ee\/wp-content\/uploads\/2022\/01\/34104404192_b62e3e875e_k-1024x683.jpg 1024w, https:\/\/visitviljandi.ee\/wp-content\/uploads\/2022\/01\/34104404192_b62e3e875e_k-300x200.jpg 300w, https:\/\/visitviljandi.ee\/wp-content\/uploads\/2022\/01\/34104404192_b62e3e875e_k-768x512.jpg 768w, https:\/\/visitviljandi.ee\/wp-content\/uploads\/2022\/01\/34104404192_b62e3e875e_k-1536x1024.jpg 1536w, https:\/\/visitviljandi.ee\/wp-content\/uploads\/2022\/01\/34104404192_b62e3e875e_k.jpg 2048w\" sizes=\"auto, (max-width: 1024px) 100vw, 1024px\" \/><\/a><figcaption>Karksi P\u0113tera bazn\u012bca. Fotogr\u0101fs: Krist\u012bne Elmate (Kristiin Elmat)<\/figcaption><\/figure>\n","protected":false},"excerpt":{"rendered":"<p>Mulgim\u0101 ir kult\u016brv\u0113sturisks re\u0123ions Dienvidigaunij\u0101, kas valdzina ar savu unik\u0101lo dabu un pag\u0101tnes mantojumu, k\u0101 ar\u012b ar aizraujo\u0161iem pas\u0101kumiem un akt\u012bviem cilv\u0113kiem. \u0160is re\u0123ions ir paz\u012bstama k\u0101 pirmo bag\u0101to Igaunijas lauku saimniec\u012bbu un jaun\u0101s valsts kult\u016bras un sabiedrisko darbinieku \u0161\u016bpulis. Var teikt, ka \u0161obr\u012bd Mulgi piedz\u012bvo kult\u016bras renesansi. Cilv\u0113ki atkl\u0101j savas saknes un atgrie\u017eas sav\u0101 [&hellip;]<\/p>\n","protected":false},"author":4,"featured_media":631,"parent":694,"menu_order":0,"comment_status":"closed","ping_status":"closed","template":"","meta":{"_acf_changed":false,"inline_featured_image":false,"footnotes":""},"class_list":["post-722","page","type-page","status-publish","has-post-thumbnail","hentry"],"acf":[],"_links":{"self":[{"href":"https:\/\/visitviljandi.ee\/lv\/wp-json\/wp\/v2\/pages\/722","targetHints":{"allow":["GET"]}}],"collection":[{"href":"https:\/\/visitviljandi.ee\/lv\/wp-json\/wp\/v2\/pages"}],"about":[{"href":"https:\/\/visitviljandi.ee\/lv\/wp-json\/wp\/v2\/types\/page"}],"author":[{"embeddable":true,"href":"https:\/\/visitviljandi.ee\/lv\/wp-json\/wp\/v2\/users\/4"}],"replies":[{"embeddable":true,"href":"https:\/\/visitviljandi.ee\/lv\/wp-json\/wp\/v2\/comments?post=722"}],"version-history":[{"count":4,"href":"https:\/\/visitviljandi.ee\/lv\/wp-json\/wp\/v2\/pages\/722\/revisions"}],"predecessor-version":[{"id":51707,"href":"https:\/\/visitviljandi.ee\/lv\/wp-json\/wp\/v2\/pages\/722\/revisions\/51707"}],"up":[{"embeddable":true,"href":"https:\/\/visitviljandi.ee\/lv\/wp-json\/wp\/v2\/pages\/694"}],"wp:featuredmedia":[{"embeddable":true,"href":"https:\/\/visitviljandi.ee\/lv\/wp-json\/wp\/v2\/media\/631"}],"wp:attachment":[{"href":"https:\/\/visitviljandi.ee\/lv\/wp-json\/wp\/v2\/media?parent=722"}],"curies":[{"name":"wp","href":"https:\/\/api.w.org\/{rel}","templated":true}]}}