{"id":394,"date":"2022-01-28T16:02:32","date_gmt":"2022-01-28T14:02:32","guid":{"rendered":"https:\/\/visitviljandi.ee\/?page_id=394"},"modified":"2022-01-28T16:02:33","modified_gmt":"2022-01-28T14:02:33","slug":"par-pilsetu","status":"publish","type":"page","link":"https:\/\/visitviljandi.ee\/lv\/vai-esi-uznemejs\/par-pilsetu\/","title":{"rendered":"Par pils\u0113tu"},"content":{"rendered":"\n<h2 class=\"wp-block-heading\" id=\"vilande-ir-attistiba-esosa-eksporta-pilseta\">V\u012blande ir att\u012bst\u012bb\u0101 eso\u0161a eksporta pils\u0113ta<\/h2>\n\n\n\n<p><strong>Iedz\u012bvot\u0101ju skaits:&nbsp;<\/strong>17 083 (1. febru\u0101ris, 2020);&nbsp;<strong>Apk\u0101rtnes iedz\u012bvot\u0101ju skaits:<\/strong>&nbsp;44 258 (1. janv\u0101ris, 2019)<\/p>\n\n\n\n<p><strong>Att\u0101lumi:&nbsp;<\/strong>Tallina 161 km, Tartu 81 km, P\u0113rnava 97 km, R\u012bga 245 km, Sanktp\u0113terburga 393 km, Helsinki 247 km, Stokholma 580 km.<\/p>\n\n\n\n<p><strong>Vid\u0113j\u0101 alga<\/strong>&nbsp;(2019.g. III kvart\u0101ls) 1230&nbsp;<em>euro<\/em><\/p>\n\n\n\n<p><strong>B\u016btisk\u0101k\u0101s nodarbo\u0161an\u0101s sf\u0113ras:<\/strong><\/p>\n\n\n\n<ul class=\"wp-block-list\"><li>kokr\u016bpniec\u012bba, pap\u012brr\u016bpniec\u012bba un m\u0113be\u013cu r\u016bpniec\u012bba,<\/li><li>cita veida r\u016bpniec\u012bba, tai skait\u0101 tekstila un \u0161\u016b\u0161anas r\u016bpniec\u012bba, met\u0101la r\u016bpniec\u012bba un ma\u0161\u012bnb\u016bve, poligr\u0101fija,<\/li><li>lauksaimniec\u012bba un p\u0101rtikas r\u016bpniec\u012bba.<\/li><\/ul>\n\n\n\n<h2 class=\"wp-block-heading\" id=\"areja-tirdznieciba\">\u0100r\u0113j\u0101 tirdzniec\u012bba<\/h2>\n\n\n\n<p>2018. gad\u0101 eksports &#8211; 383 miljoni&nbsp;<em>euro<\/em>, imports &#8211; 200 miljoni&nbsp;<em>euro<\/em>.<\/p>\n","protected":false},"excerpt":{"rendered":"<p>V\u012blande ir att\u012bst\u012bb\u0101 eso\u0161a eksporta pils\u0113ta Iedz\u012bvot\u0101ju skaits:&nbsp;17 083 (1. febru\u0101ris, 2020);&nbsp;Apk\u0101rtnes iedz\u012bvot\u0101ju skaits:&nbsp;44 258 (1. janv\u0101ris, 2019) Att\u0101lumi:&nbsp;Tallina 161 km, Tartu 81 km, P\u0113rnava 97 km, R\u012bga 245 km, Sanktp\u0113terburga 393 km, Helsinki 247 km, Stokholma 580 km. Vid\u0113j\u0101 alga&nbsp;(2019.g. III kvart\u0101ls) 1230&nbsp;euro B\u016btisk\u0101k\u0101s nodarbo\u0161an\u0101s sf\u0113ras: kokr\u016bpniec\u012bba, pap\u012brr\u016bpniec\u012bba un m\u0113be\u013cu r\u016bpniec\u012bba, cita veida r\u016bpniec\u012bba, [&hellip;]<\/p>\n","protected":false},"author":4,"featured_media":894,"parent":339,"menu_order":0,"comment_status":"closed","ping_status":"closed","template":"","meta":{"_acf_changed":false,"inline_featured_image":false,"footnotes":""},"class_list":["post-394","page","type-page","status-publish","has-post-thumbnail","hentry"],"acf":[],"_links":{"self":[{"href":"https:\/\/visitviljandi.ee\/lv\/wp-json\/wp\/v2\/pages\/394","targetHints":{"allow":["GET"]}}],"collection":[{"href":"https:\/\/visitviljandi.ee\/lv\/wp-json\/wp\/v2\/pages"}],"about":[{"href":"https:\/\/visitviljandi.ee\/lv\/wp-json\/wp\/v2\/types\/page"}],"author":[{"embeddable":true,"href":"https:\/\/visitviljandi.ee\/lv\/wp-json\/wp\/v2\/users\/4"}],"replies":[{"embeddable":true,"href":"https:\/\/visitviljandi.ee\/lv\/wp-json\/wp\/v2\/comments?post=394"}],"version-history":[{"count":1,"href":"https:\/\/visitviljandi.ee\/lv\/wp-json\/wp\/v2\/pages\/394\/revisions"}],"predecessor-version":[{"id":395,"href":"https:\/\/visitviljandi.ee\/lv\/wp-json\/wp\/v2\/pages\/394\/revisions\/395"}],"up":[{"embeddable":true,"href":"https:\/\/visitviljandi.ee\/lv\/wp-json\/wp\/v2\/pages\/339"}],"wp:featuredmedia":[{"embeddable":true,"href":"https:\/\/visitviljandi.ee\/lv\/wp-json\/wp\/v2\/media\/894"}],"wp:attachment":[{"href":"https:\/\/visitviljandi.ee\/lv\/wp-json\/wp\/v2\/media?parent=394"}],"curies":[{"name":"wp","href":"https:\/\/api.w.org\/{rel}","templated":true}]}}