{"id":368,"date":"2022-01-28T15:50:45","date_gmt":"2022-01-28T13:50:45","guid":{"rendered":"https:\/\/visitviljandi.ee\/?page_id=368"},"modified":"2022-01-28T15:50:45","modified_gmt":"2022-01-28T13:50:45","slug":"attistibas-plani","status":"publish","type":"page","link":"https:\/\/visitviljandi.ee\/lv\/vai-esi-uznemejs\/attistibas-plani\/","title":{"rendered":"Att\u012bst\u012bbas pl\u0101ni"},"content":{"rendered":"\n<h2 class=\"wp-block-heading\" id=\"pilsetas-ipasuma-esosa-briva-zeme\">Pils\u0113tas \u012bpa\u0161um\u0101 eso\u0161\u0101 br\u012bv\u0101 zeme<\/h2>\n\n\n\n<figure class=\"wp-block-table\"><table><tbody><tr><td>Roheline t\u00e4nav 3<\/td><td>8262m\u00b2<\/td><td>komercdarb\u012bbas un ra\u017eo\u0161anas objektu apb\u016bves zeme<\/td><\/tr><tr><td>Ravila t\u00e4nav 26<\/td><td>3575m\u00b2<\/td><td>komercdarb\u012bbas un ra\u017eo\u0161anas objektu apb\u016bves zeme<\/td><\/tr><tr><td>Musta tee 24<\/td><td>5123m\u00b2<\/td><td>komercdarb\u012bbas un ra\u017eo\u0161anas objektu apb\u016bves zeme<\/td><\/tr><tr><td>Musta tee 22a<\/td><td>12 434m\u00b2<\/td><td>komercdarb\u012bbas un ra\u017eo\u0161anas objektu apb\u016bves zeme<\/td><\/tr><tr><td>Riia mnt 68<\/td><td>34 044m\u00b2<\/td><td>ra\u017eo\u0161anas objektu apb\u016bves zeme<\/td><\/tr><tr><td>Reinu tee 5<\/td><td>2011m\u00b2<\/td><td>dz\u012bvojamo m\u0101ju zeme<\/td><\/tr><\/tbody><\/table><\/figure>\n\n\n\n<h2 class=\"wp-block-heading\" id=\"apbuvetas-zemes-platibas\">Apb\u016bv\u0113t\u0101s zemes plat\u012bbas<\/h2>\n\n\n\n<figure class=\"wp-block-table\"><table><tbody><tr><td>Linnu t\u00e4nav 4 \/\/ 4a<\/td><td>1654m\u00b2<\/td><td>sabiedrisko b\u016bvju zeme<\/td><\/tr><tr><td>Hariduse t\u00e4nav 7<\/td><td>3517m\u00b2<\/td><td>dz\u012bvojamo m\u0101ju zeme<\/td><\/tr><\/tbody><\/table><\/figure>\n\n\n\n<p>Prec\u012bz\u0101ka inform\u0101cija:&nbsp;&nbsp;<a href=\"mailto:visit@viljandi.ee\">visit@viljandi.ee<\/a><\/p>\n\n\n\n<p>V\u012bland\u0113 ir izveidoju\u0161\u0101s tr\u012bs galven\u0101s r\u016bpniec\u012bbas teritorijas: Mennim\u0113 (Reinu tee, Puidu t\u00e4nav, Riia maantee), Kanterm\u0101 (Raua t\u00e4nav, Piiri t\u00e4nav) un Roheline t\u00e4nav (Leola un Tallinna ielu krustojuma apk\u0101rtn\u0113).<\/p>\n\n\n\n<p>\u0160aj\u0101s vis\u0101s teritorij\u0101s ir pieejama centr\u0101l\u0101 apkure, \u016bdens un kanaliz\u0101cija, elektr\u012bba, g\u0101ze, atkritumu izve\u0161ana un piebraucamie ce\u013ci. Mennim\u0113 r\u016bpnieciskaj\u0101 teritorij\u0101 ir ar\u012b piek\u013cuve dzelzce\u013ca satiksmei.<\/p>\n","protected":false},"excerpt":{"rendered":"<p>Pils\u0113tas \u012bpa\u0161um\u0101 eso\u0161\u0101 br\u012bv\u0101 zeme Roheline t\u00e4nav 3 8262m\u00b2 komercdarb\u012bbas un ra\u017eo\u0161anas objektu apb\u016bves zeme Ravila t\u00e4nav 26 3575m\u00b2 komercdarb\u012bbas un ra\u017eo\u0161anas objektu apb\u016bves zeme Musta tee 24 5123m\u00b2 komercdarb\u012bbas un ra\u017eo\u0161anas objektu apb\u016bves zeme Musta tee 22a 12 434m\u00b2 komercdarb\u012bbas un ra\u017eo\u0161anas objektu apb\u016bves zeme Riia mnt 68 34 044m\u00b2 ra\u017eo\u0161anas objektu apb\u016bves zeme [&hellip;]<\/p>\n","protected":false},"author":4,"featured_media":900,"parent":339,"menu_order":0,"comment_status":"closed","ping_status":"closed","template":"","meta":{"_acf_changed":false,"inline_featured_image":false,"footnotes":""},"class_list":["post-368","page","type-page","status-publish","has-post-thumbnail","hentry"],"acf":[],"_links":{"self":[{"href":"https:\/\/visitviljandi.ee\/lv\/wp-json\/wp\/v2\/pages\/368","targetHints":{"allow":["GET"]}}],"collection":[{"href":"https:\/\/visitviljandi.ee\/lv\/wp-json\/wp\/v2\/pages"}],"about":[{"href":"https:\/\/visitviljandi.ee\/lv\/wp-json\/wp\/v2\/types\/page"}],"author":[{"embeddable":true,"href":"https:\/\/visitviljandi.ee\/lv\/wp-json\/wp\/v2\/users\/4"}],"replies":[{"embeddable":true,"href":"https:\/\/visitviljandi.ee\/lv\/wp-json\/wp\/v2\/comments?post=368"}],"version-history":[{"count":1,"href":"https:\/\/visitviljandi.ee\/lv\/wp-json\/wp\/v2\/pages\/368\/revisions"}],"predecessor-version":[{"id":369,"href":"https:\/\/visitviljandi.ee\/lv\/wp-json\/wp\/v2\/pages\/368\/revisions\/369"}],"up":[{"embeddable":true,"href":"https:\/\/visitviljandi.ee\/lv\/wp-json\/wp\/v2\/pages\/339"}],"wp:featuredmedia":[{"embeddable":true,"href":"https:\/\/visitviljandi.ee\/lv\/wp-json\/wp\/v2\/media\/900"}],"wp:attachment":[{"href":"https:\/\/visitviljandi.ee\/lv\/wp-json\/wp\/v2\/media?parent=368"}],"curies":[{"name":"wp","href":"https:\/\/api.w.org\/{rel}","templated":true}]}}