{"id":318,"date":"2022-01-28T15:35:20","date_gmt":"2022-01-28T13:35:20","guid":{"rendered":"https:\/\/visitviljandi.ee\/?page_id=318"},"modified":"2022-03-23T11:34:19","modified_gmt":"2022-03-23T09:34:19","slug":"velies-apmesties-uz-dzivi","status":"publish","type":"page","link":"https:\/\/visitviljandi.ee\/lv\/velies-apmesties-uz-dzivi\/","title":{"rendered":"V\u0113lies apmesties uz dz\u012bvi?"},"content":{"rendered":"\n<h2 class=\"wp-block-heading\" id=\"vilandes-kusajosa-dzive-gaida-tevi\">V\u012blandes k\u016bs\u0101jo\u0161\u0101 dz\u012bve gaida Tevi!<\/h2>\n\n\n\n<figure class=\"wp-block-image size-large\"><a href=\"https:\/\/visitviljandi.ee\/wp-content\/uploads\/2022\/01\/IMG_3266.jpg\"><img loading=\"lazy\" decoding=\"async\" width=\"1024\" height=\"683\" src=\"https:\/\/visitviljandi.ee\/wp-content\/uploads\/2022\/01\/IMG_3266-1024x683.jpg\" alt=\"\" class=\"wp-image-420\" srcset=\"https:\/\/visitviljandi.ee\/wp-content\/uploads\/2022\/01\/IMG_3266-1024x683.jpg 1024w, https:\/\/visitviljandi.ee\/wp-content\/uploads\/2022\/01\/IMG_3266-300x200.jpg 300w, https:\/\/visitviljandi.ee\/wp-content\/uploads\/2022\/01\/IMG_3266-768x512.jpg 768w, https:\/\/visitviljandi.ee\/wp-content\/uploads\/2022\/01\/IMG_3266.jpg 1200w\" sizes=\"auto, (max-width: 1024px) 100vw, 1024px\" \/><\/a><\/figure>\n\n\n\n<h2 class=\"wp-block-heading\" id=\"vilande-ir-patiesa-lielpilseta\">V\u012blande ir patiesa lielpils\u0113ta&#8230;<\/h2>\n\n\n\n<p>Ne jau iedz\u012bvot\u0101ju skaita vai \u0113ku augstuma zi\u0146\u0101, bet gan \u0161eit dz\u012bvojo\u0161o cilv\u0113ku uz\u0146\u0113m\u012bbas, rado\u0161uma un pan\u0101kumu d\u0113\u013c.\u00a0\u0160eit tiek dom\u0101ts ar v\u0113rienu un visam, kas tiek uzs\u0101kts, ir j\u0101b\u016bt izdar\u012btam vislab\u0101kaj\u0101 l\u012bmen\u012b &#8211; lai tie b\u016btu vasaras festiv\u0101li, te\u0101tra izr\u0101des, ielu veikali\u0146i, \u0161ejienes restor\u0101ni un kafejn\u012bcas, vai ar\u012b augst\u0101k\u0101s tehnolo\u0123ijas pakom\u0101ti, gultas vai IT risin\u0101jumi. Darbojoties v\u012blandie\u0161i vienm\u0113r atbalsta cits citu, ir lab\u0101 om\u0101 un ar labu humora izj\u016btu.<\/p>\n\n\n\n<figure class=\"wp-block-image size-large\"><a href=\"https:\/\/visitviljandi.ee\/wp-content\/uploads\/2022\/01\/IMG_3166.jpg\"><img loading=\"lazy\" decoding=\"async\" width=\"1024\" height=\"683\" src=\"https:\/\/visitviljandi.ee\/wp-content\/uploads\/2022\/01\/IMG_3166-1024x683.jpg\" alt=\"\" class=\"wp-image-426\" srcset=\"https:\/\/visitviljandi.ee\/wp-content\/uploads\/2022\/01\/IMG_3166-1024x683.jpg 1024w, https:\/\/visitviljandi.ee\/wp-content\/uploads\/2022\/01\/IMG_3166-300x200.jpg 300w, https:\/\/visitviljandi.ee\/wp-content\/uploads\/2022\/01\/IMG_3166-768x512.jpg 768w, https:\/\/visitviljandi.ee\/wp-content\/uploads\/2022\/01\/IMG_3166.jpg 1200w\" sizes=\"auto, (max-width: 1024px) 100vw, 1024px\" \/><\/a><\/figure>\n\n\n\n<h2 class=\"wp-block-heading\" id=\"musu-cilveki-noverte-kopienas-sajutu\">M\u016bsu cilv\u0113ki nov\u0113rt\u0113 kopienas saj\u016btu&#8230;<\/h2>\n\n\n\n<p>Kop\u0101 b\u0113rni tiek vesti uz skolu, tiek atv\u0113rtas ielu kafejn\u012bcas vai r\u012bkoti pils\u0113tas da\u013cas sv\u0113tki. Kop\u012bgiem sp\u0113kiem tiek nodro\u0161in\u0101ta viet\u0113j\u0101 att\u012bst\u012bba un dro\u0161\u012bba.<br>V\u012blande ir \u0161auru ieli\u0146u, omul\u012bgu koka m\u0101ju un laisku ka\u0137u pils\u0113ta. T\u0101 ir viedu r\u016bpn\u012bcu, novatorisku tehnolo\u0123iju un eksporta r\u016bpniec\u012bbas pils\u0113ta. V\u012blande ir ar\u012b universit\u0101tes pils\u0113ta, kur\u0101 jaun\u0101 studentu paaudze katru rudeni ienes jaunekl\u012bgu svaigumu.<\/p>\n\n\n\n<p>Esi da\u013ca m\u016bsu kopienas!<\/p>\n\n\n\n<h2 class=\"wp-block-heading\" id=\"klusti-par-vilandieti\">K\u013c\u016bsti par v\u012blandieti!<\/h2>\n\n\n\n<figure class=\"wp-block-image size-large\"><a href=\"https:\/\/visitviljandi.ee\/wp-content\/uploads\/2022\/01\/IMG_3210.jpg\"><img loading=\"lazy\" decoding=\"async\" width=\"1024\" height=\"683\" src=\"https:\/\/visitviljandi.ee\/wp-content\/uploads\/2022\/01\/IMG_3210-1024x683.jpg\" alt=\"\" class=\"wp-image-433\" srcset=\"https:\/\/visitviljandi.ee\/wp-content\/uploads\/2022\/01\/IMG_3210-1024x683.jpg 1024w, https:\/\/visitviljandi.ee\/wp-content\/uploads\/2022\/01\/IMG_3210-300x200.jpg 300w, https:\/\/visitviljandi.ee\/wp-content\/uploads\/2022\/01\/IMG_3210-768x512.jpg 768w, https:\/\/visitviljandi.ee\/wp-content\/uploads\/2022\/01\/IMG_3210.jpg 1200w\" sizes=\"auto, (max-width: 1024px) 100vw, 1024px\" \/><\/a><\/figure>\n","protected":false},"excerpt":{"rendered":"<p>V\u012blandes k\u016bs\u0101jo\u0161\u0101 dz\u012bve gaida Tevi! V\u012blande ir patiesa lielpils\u0113ta&#8230; Ne jau iedz\u012bvot\u0101ju skaita vai \u0113ku augstuma zi\u0146\u0101, bet gan \u0161eit dz\u012bvojo\u0161o cilv\u0113ku uz\u0146\u0113m\u012bbas, rado\u0161uma un pan\u0101kumu d\u0113\u013c.\u00a0\u0160eit tiek dom\u0101ts ar v\u0113rienu un visam, kas tiek uzs\u0101kts, ir j\u0101b\u016bt izdar\u012btam vislab\u0101kaj\u0101 l\u012bmen\u012b &#8211; lai tie b\u016btu vasaras festiv\u0101li, te\u0101tra izr\u0101des, ielu veikali\u0146i, \u0161ejienes restor\u0101ni un kafejn\u012bcas, [&hellip;]<\/p>\n","protected":false},"author":4,"featured_media":0,"parent":0,"menu_order":0,"comment_status":"closed","ping_status":"closed","template":"","meta":{"_acf_changed":false,"inline_featured_image":false,"footnotes":""},"class_list":["post-318","page","type-page","status-publish","hentry"],"acf":[],"_links":{"self":[{"href":"https:\/\/visitviljandi.ee\/lv\/wp-json\/wp\/v2\/pages\/318","targetHints":{"allow":["GET"]}}],"collection":[{"href":"https:\/\/visitviljandi.ee\/lv\/wp-json\/wp\/v2\/pages"}],"about":[{"href":"https:\/\/visitviljandi.ee\/lv\/wp-json\/wp\/v2\/types\/page"}],"author":[{"embeddable":true,"href":"https:\/\/visitviljandi.ee\/lv\/wp-json\/wp\/v2\/users\/4"}],"replies":[{"embeddable":true,"href":"https:\/\/visitviljandi.ee\/lv\/wp-json\/wp\/v2\/comments?post=318"}],"version-history":[{"count":2,"href":"https:\/\/visitviljandi.ee\/lv\/wp-json\/wp\/v2\/pages\/318\/revisions"}],"predecessor-version":[{"id":443,"href":"https:\/\/visitviljandi.ee\/lv\/wp-json\/wp\/v2\/pages\/318\/revisions\/443"}],"wp:attachment":[{"href":"https:\/\/visitviljandi.ee\/lv\/wp-json\/wp\/v2\/media?parent=318"}],"curies":[{"name":"wp","href":"https:\/\/api.w.org\/{rel}","templated":true}]}}