{"id":299,"date":"2022-01-28T15:24:26","date_gmt":"2022-01-28T13:24:26","guid":{"rendered":"https:\/\/visitviljandi.ee\/?page_id=299"},"modified":"2022-01-28T15:24:27","modified_gmt":"2022-01-28T13:24:27","slug":"sports-un-nometnes","status":"publish","type":"page","link":"https:\/\/visitviljandi.ee\/lv\/velies-apciemot\/sports-un-nometnes\/","title":{"rendered":"Sports un nometnes"},"content":{"rendered":"\n<p>V\u012blandes sporta komplekss, kas atrodas blakus ezeram, sniedz lielisku iesp\u0113ju individu\u0101lajiem un komandu treni\u0146iem. T\u0101 k\u0101 tuvum\u0101 atrodas ar\u012b nak\u0161\u0146o\u0161anas vietas, tad pils\u0113ta ir lieliski piem\u0113rota da\u017e\u0101du sporta nomet\u0146u r\u012bko\u0161anai.<\/p>\n\n\n\n<p><strong>Iesp\u0113jas pie ezera:<\/strong>&nbsp;pils\u0113tas stadions, laukums ar m\u0101ksl\u012bgo z\u0101lienu, multifunkcion\u0101ls b\u016bris, tenisa korti, air\u0113\u0161anas b\u0101ze, ielas basketbols, pludmales volejbols, pludmales teniss, pludmales futbols, petanks, \u0101ra trena\u017eieri, atkl\u0101tais baseins, p\u0101rg\u0101jienu taka apk\u0101rt ezeram, Trepju kalns, izbraucieni ar laivu.<\/p>\n\n\n\n<p>Pils\u0113t\u0101 atrodas ar\u012b trena\u017eieru z\u0101les, vair\u0101kas vingrotavas, tenisa halle, laukums ar m\u0101ksl\u012bgo z\u0101lienu, baseins, boulings, ledus halle.<\/p>\n\n\n\n<p>Ja tevi interes\u0113 tren\u0113\u0161an\u0101s V\u012bland\u0113, tad sazinies ar mums!<\/p>\n\n\n\n<p>Mati J\u00fcrisson, V\u012blandes Sporta centra vad\u012bt\u0101js, t\u0101lrunis: +372 520 0454, e-pasta adrese:&nbsp;<a href=\"mailto:mati.jyrisson@viljandi.ee\">mati.jyrisson@viljandi.ee<\/a><\/p>\n\n\n\n<p>Ott Ahonen, V\u012blandes Tenisa centra vad\u012bt\u0101js, t\u0101lrunis:&nbsp;+372 5649 4381, e-pasta adrese:&nbsp;<a href=\"mailto:ott@viljanditennis.ee\">ott@viljanditennis.ee<\/a><\/p>\n","protected":false},"excerpt":{"rendered":"<p>V\u012blandes sporta komplekss, kas atrodas blakus ezeram, sniedz lielisku iesp\u0113ju individu\u0101lajiem un komandu treni\u0146iem. T\u0101 k\u0101 tuvum\u0101 atrodas ar\u012b nak\u0161\u0146o\u0161anas vietas, tad pils\u0113ta ir lieliski piem\u0113rota da\u017e\u0101du sporta nomet\u0146u r\u012bko\u0161anai. Iesp\u0113jas pie ezera:&nbsp;pils\u0113tas stadions, laukums ar m\u0101ksl\u012bgo z\u0101lienu, multifunkcion\u0101ls b\u016bris, tenisa korti, air\u0113\u0161anas b\u0101ze, ielas basketbols, pludmales volejbols, pludmales teniss, pludmales futbols, petanks, \u0101ra trena\u017eieri, [&hellip;]<\/p>\n","protected":false},"author":4,"featured_media":831,"parent":329,"menu_order":0,"comment_status":"closed","ping_status":"closed","template":"","meta":{"_acf_changed":false,"inline_featured_image":false,"footnotes":""},"class_list":["post-299","page","type-page","status-publish","has-post-thumbnail","hentry"],"acf":[],"_links":{"self":[{"href":"https:\/\/visitviljandi.ee\/lv\/wp-json\/wp\/v2\/pages\/299","targetHints":{"allow":["GET"]}}],"collection":[{"href":"https:\/\/visitviljandi.ee\/lv\/wp-json\/wp\/v2\/pages"}],"about":[{"href":"https:\/\/visitviljandi.ee\/lv\/wp-json\/wp\/v2\/types\/page"}],"author":[{"embeddable":true,"href":"https:\/\/visitviljandi.ee\/lv\/wp-json\/wp\/v2\/users\/4"}],"replies":[{"embeddable":true,"href":"https:\/\/visitviljandi.ee\/lv\/wp-json\/wp\/v2\/comments?post=299"}],"version-history":[{"count":1,"href":"https:\/\/visitviljandi.ee\/lv\/wp-json\/wp\/v2\/pages\/299\/revisions"}],"predecessor-version":[{"id":300,"href":"https:\/\/visitviljandi.ee\/lv\/wp-json\/wp\/v2\/pages\/299\/revisions\/300"}],"up":[{"embeddable":true,"href":"https:\/\/visitviljandi.ee\/lv\/wp-json\/wp\/v2\/pages\/329"}],"wp:featuredmedia":[{"embeddable":true,"href":"https:\/\/visitviljandi.ee\/lv\/wp-json\/wp\/v2\/media\/831"}],"wp:attachment":[{"href":"https:\/\/visitviljandi.ee\/lv\/wp-json\/wp\/v2\/media?parent=299"}],"curies":[{"name":"wp","href":"https:\/\/api.w.org\/{rel}","templated":true}]}}