{"id":289,"date":"2022-01-28T15:21:14","date_gmt":"2022-01-28T13:21:14","guid":{"rendered":"https:\/\/visitviljandi.ee\/?page_id=289"},"modified":"2025-04-29T09:56:48","modified_gmt":"2025-04-29T06:56:48","slug":"ka-atbraukt","status":"publish","type":"page","link":"https:\/\/visitviljandi.ee\/lv\/velies-apciemot\/ka-atbraukt\/","title":{"rendered":"K\u0101 atbraukt"},"content":{"rendered":"\n<p>Mar\u0161rut\u0101&nbsp;<strong>V\u012blande-Tallina<\/strong>&nbsp;no pulksten 6.00 no r\u012bta l\u012bdz pulksten 19.00 vakar\u0101 brauk\u0101 autobusi aptuveni ik p\u0113c stundas. Bi\u013ce\u0161u cenas ir amplit\u016bd\u0101 no 7\u20ac &#8211; 10\u20ac.<\/p>\n\n\n\n<p>Mar\u0161rut\u0101&nbsp;<strong>V\u012blande-Tartu<\/strong>&nbsp;no pulksten 6.25 no r\u012bta l\u012bdz pulksten 20.25 vakar\u0101 brauk\u0101 autobusi aptuveni ik p\u0113c stundas. Vid\u0113j\u0101 bi\u013ce\u0161u cena ir 5\u20ac.<\/p>\n\n\n\n<p>Mar\u0161rut\u0101&nbsp;<strong>V\u012blande-P\u0113rnava<\/strong>&nbsp;no pulksten 6.55 no r\u012bta l\u012bdz pulksten 18.40 vakar\u0101 brauk\u0101 autobusi aptuveni ik p\u0113c stundas. Vid\u0113j\u0101 bi\u013ce\u0161u cena ir 5\u20ac.<\/p>\n\n\n\n<p>Prec\u012bzu inform\u0101ciju par izbrauk\u0161anas laiku un bi\u013ce\u0161u cen\u0101m atrad\u012bsi&nbsp;<a href=\"https:\/\/www.tpilet.ee\/en\/\" target=\"_blank\" rel=\"noreferrer noopener\">\u0160EIT<\/a>.<\/p>\n\n\n\n<p><strong>V\u012blandei ir dzelzce\u013ca satiksme ar Tallinu<\/strong>\u00a0se\u0161as reizes dien\u0101 septi\u0146as dienas ned\u0113\u013c\u0101. P\u0113c iera\u0161an\u0101s V\u012blandes stacij\u0101 pils\u0113tas centr\u0101 ir iesp\u0113jams nok\u013c\u016bt ar sabiedrisko autobusu. Autobusa bi\u013cetes cena ir 2\u20ac. Stacij\u0101 sagaida ar\u012b taksometri, kas aizved\u012bs uz v\u0113lamo vietu par minim\u0101lo summu 4\u20ac.<\/p>\n\n\n\n<p>Vilcienu kust\u012bbas saraksts ir pieejams&nbsp;<a href=\"https:\/\/elron.pilet.ee\/en\" target=\"_blank\" rel=\"noreferrer noopener\">\u0160EIT<\/a>.<\/p>\n\n\n\n<p><strong>Att\u0101lums l\u012bdz cit\u0101m pils\u0113t\u0101m:<\/strong>&nbsp;Tallina 161 km, Tartu 81 km, P\u0113rnava 97 km, R\u012bga 245 km, Sanktp\u0113terburga 393 km, Helsinki 247 km, Stokholma 580 km.<\/p>\n\n\n\n<p><strong>Braucot no Tallinas puses<\/strong>, Imaver\u0113 nogriezies no Tallinas &#8211; Tartu \u0161osejas (2) uz Imaveres &#8211; V\u012blandes &#8211; Karksi-Nuijas \u0161oseju (49).<\/p>\n\n\n\n<p><strong>Braucot no R\u012bgas puses<\/strong>, nogriezies pie H\u0113dem\u0113stes uzpildes stacijas pa labi uz Teitojas-H\u0113dem\u0113stes \u0161oseju (330). Kad esi non\u0101cis uz Valgas-\u016alu \u0161osejas (6), brauc l\u012bdz Kilingi-Nemmei un izbrauc tai cauri, tad nogriezies pa kreisi uz Tartu &#8211; V\u012blandes &#8211; Klingi-Nemmes \u0161oseju (92).<\/p>\n","protected":false},"excerpt":{"rendered":"<p>Mar\u0161rut\u0101&nbsp;V\u012blande-Tallina&nbsp;no pulksten 6.00 no r\u012bta l\u012bdz pulksten 19.00 vakar\u0101 brauk\u0101 autobusi aptuveni ik p\u0113c stundas. Bi\u013ce\u0161u cenas ir amplit\u016bd\u0101 no 7\u20ac &#8211; 10\u20ac. Mar\u0161rut\u0101&nbsp;V\u012blande-Tartu&nbsp;no pulksten 6.25 no r\u012bta l\u012bdz pulksten 20.25 vakar\u0101 brauk\u0101 autobusi aptuveni ik p\u0113c stundas. Vid\u0113j\u0101 bi\u013ce\u0161u cena ir 5\u20ac. Mar\u0161rut\u0101&nbsp;V\u012blande-P\u0113rnava&nbsp;no pulksten 6.55 no r\u012bta l\u012bdz pulksten 18.40 vakar\u0101 brauk\u0101 autobusi aptuveni [&hellip;]<\/p>\n","protected":false},"author":4,"featured_media":862,"parent":329,"menu_order":0,"comment_status":"closed","ping_status":"closed","template":"","meta":{"_acf_changed":false,"inline_featured_image":false,"footnotes":""},"class_list":["post-289","page","type-page","status-publish","has-post-thumbnail","hentry"],"acf":[],"_links":{"self":[{"href":"https:\/\/visitviljandi.ee\/lv\/wp-json\/wp\/v2\/pages\/289","targetHints":{"allow":["GET"]}}],"collection":[{"href":"https:\/\/visitviljandi.ee\/lv\/wp-json\/wp\/v2\/pages"}],"about":[{"href":"https:\/\/visitviljandi.ee\/lv\/wp-json\/wp\/v2\/types\/page"}],"author":[{"embeddable":true,"href":"https:\/\/visitviljandi.ee\/lv\/wp-json\/wp\/v2\/users\/4"}],"replies":[{"embeddable":true,"href":"https:\/\/visitviljandi.ee\/lv\/wp-json\/wp\/v2\/comments?post=289"}],"version-history":[{"count":2,"href":"https:\/\/visitviljandi.ee\/lv\/wp-json\/wp\/v2\/pages\/289\/revisions"}],"predecessor-version":[{"id":514638,"href":"https:\/\/visitviljandi.ee\/lv\/wp-json\/wp\/v2\/pages\/289\/revisions\/514638"}],"up":[{"embeddable":true,"href":"https:\/\/visitviljandi.ee\/lv\/wp-json\/wp\/v2\/pages\/329"}],"wp:featuredmedia":[{"embeddable":true,"href":"https:\/\/visitviljandi.ee\/lv\/wp-json\/wp\/v2\/media\/862"}],"wp:attachment":[{"href":"https:\/\/visitviljandi.ee\/lv\/wp-json\/wp\/v2\/media?parent=289"}],"curies":[{"name":"wp","href":"https:\/\/api.w.org\/{rel}","templated":true}]}}