{"id":27852,"date":"2022-03-06T20:21:26","date_gmt":"2022-03-06T18:21:26","guid":{"rendered":"https:\/\/visitviljandi.ee\/velies-apciemot\/aktiivne-puhkus\/"},"modified":"2022-05-11T09:37:06","modified_gmt":"2022-05-11T07:37:06","slug":"aktiva-atputa","status":"publish","type":"page","link":"https:\/\/visitviljandi.ee\/lv\/velies-apciemot\/aktiva-atputa\/","title":{"rendered":"Akt\u012bv\u0101 atp\u016bta"},"content":{"rendered":"","protected":false},"excerpt":{"rendered":"","protected":false},"author":4,"featured_media":0,"parent":329,"menu_order":0,"comment_status":"closed","ping_status":"closed","template":"places.php","meta":{"_acf_changed":false,"inline_featured_image":false,"footnotes":""},"class_list":["post-27852","page","type-page","status-publish","hentry"],"acf":[],"_links":{"self":[{"href":"https:\/\/visitviljandi.ee\/lv\/wp-json\/wp\/v2\/pages\/27852","targetHints":{"allow":["GET"]}}],"collection":[{"href":"https:\/\/visitviljandi.ee\/lv\/wp-json\/wp\/v2\/pages"}],"about":[{"href":"https:\/\/visitviljandi.ee\/lv\/wp-json\/wp\/v2\/types\/page"}],"author":[{"embeddable":true,"href":"https:\/\/visitviljandi.ee\/lv\/wp-json\/wp\/v2\/users\/4"}],"replies":[{"embeddable":true,"href":"https:\/\/visitviljandi.ee\/lv\/wp-json\/wp\/v2\/comments?post=27852"}],"version-history":[{"count":1,"href":"https:\/\/visitviljandi.ee\/lv\/wp-json\/wp\/v2\/pages\/27852\/revisions"}],"predecessor-version":[{"id":51706,"href":"https:\/\/visitviljandi.ee\/lv\/wp-json\/wp\/v2\/pages\/27852\/revisions\/51706"}],"up":[{"embeddable":true,"href":"https:\/\/visitviljandi.ee\/lv\/wp-json\/wp\/v2\/pages\/329"}],"wp:attachment":[{"href":"https:\/\/visitviljandi.ee\/lv\/wp-json\/wp\/v2\/media?parent=27852"}],"curies":[{"name":"wp","href":"https:\/\/api.w.org\/{rel}","templated":true}]}}