{"id":274,"date":"2022-01-28T15:06:35","date_gmt":"2022-01-28T13:06:35","guid":{"rendered":"https:\/\/visitviljandi.ee\/?page_id=274"},"modified":"2022-01-28T15:06:36","modified_gmt":"2022-01-28T13:06:36","slug":"skola-un-universitate","status":"publish","type":"page","link":"https:\/\/visitviljandi.ee\/lv\/velies-apmesties-uz-dzivi\/skola-un-universitate\/","title":{"rendered":"Skola un universit\u0101te"},"content":{"rendered":"\n<h2 class=\"wp-block-heading\" id=\"izglitiba-vilande\">Izgl\u012bt\u012bba V\u012bland\u0113<\/h2>\n\n\n\n<p>V\u012bland\u0113 darbojas tr\u012bs pamatskolas un skola b\u0113rniem ar \u012bpa\u0161aj\u0101m vajadz\u012bb\u0101m. Vidusskolas l\u012bme\u0146a apm\u0101c\u012bba notiek V\u012blandes \u0123imn\u0101zij\u0101, kas ir moderna valsts skola. L\u012bdz\u0101s tam V\u012bland\u0113 ir pieaugu\u0161o \u0123imn\u0101zija.<\/p>\n\n\n\n<p>Pils\u0113t\u0101 tiek pied\u0101v\u0101ta augst\u0101k\u0101 l\u012bme\u0146a intere\u0161u izgl\u012bt\u012bba m\u0101kslas, m\u016bzikas, sporta un intere\u0161u skol\u0101.<\/p>\n\n\n\n<p>Turkl\u0101t pils\u0113t\u0101 darbojas ar\u012b divas priv\u0101tskolas.<\/p>\n\n\n\n<p>Nedaudz \u0101rpus V\u012blandes, Vana-Veidu ciemat\u0101, darbojas V\u012blandes Profesion\u0101l\u0101s apm\u0101c\u012bbas centrs, kur tiek nodro\u0161in\u0101ta apm\u0101c\u012bba da\u017e\u0101du nozaru augst\u0101k\u0101s klases speci\u0101listiem.<\/p>\n\n\n\n<h2 class=\"wp-block-heading\" id=\"pilsetas-stipendijas\">Pils\u0113tas stipendijas<\/h2>\n\n\n\n<p>V\u012blandes pils\u0113ta nov\u0113rt\u0113 savus jaunie\u0161us, t\u0101p\u0113c ir iesp\u0113jams pieteikties uz vair\u0101k\u0101m pils\u0113tas domes stipendij\u0101m.<\/p>\n\n\n\n<h2 class=\"wp-block-heading\" id=\"tartu-universitates-vilandes-kulturas-akademija\">Tartu Universit\u0101tes V\u012blandes Kult\u016bras akad\u0113mija<\/h2>\n\n\n\n<p>TU V\u012blandes Kult\u016bras akad\u0113mija sniedz augst\u0101ko izgl\u012bt\u012bbu vair\u0101k nek\u0101 700 studentiem \u010detr\u0101s fakult\u0101t\u0113s. Akad\u0113mij\u0101 ir iesp\u0113jams ieg\u016bt profesion\u0101lo augst\u0101ko izgl\u012bt\u012bbu, k\u0101 ar\u012b bakalaura un ma\u0123istra gr\u0101du. Akad\u0113mija ir pils\u0113tai b\u016btisks partneris da\u017e\u0101du pas\u0101kumu organiz\u0113\u0161an\u0101 un viesu uz\u0146em\u0161an\u0101. Turkl\u0101t daudzi studentu pas\u0101kumi bag\u0101tina pils\u0113tas kult\u016bras dz\u012bvi cauru gadu.<\/p>\n","protected":false},"excerpt":{"rendered":"<p>Izgl\u012bt\u012bba V\u012bland\u0113 V\u012bland\u0113 darbojas tr\u012bs pamatskolas un skola b\u0113rniem ar \u012bpa\u0161aj\u0101m vajadz\u012bb\u0101m. Vidusskolas l\u012bme\u0146a apm\u0101c\u012bba notiek V\u012blandes \u0123imn\u0101zij\u0101, kas ir moderna valsts skola. L\u012bdz\u0101s tam V\u012bland\u0113 ir pieaugu\u0161o \u0123imn\u0101zija. Pils\u0113t\u0101 tiek pied\u0101v\u0101ta augst\u0101k\u0101 l\u012bme\u0146a intere\u0161u izgl\u012bt\u012bba m\u0101kslas, m\u016bzikas, sporta un intere\u0161u skol\u0101. Turkl\u0101t pils\u0113t\u0101 darbojas ar\u012b divas priv\u0101tskolas. Nedaudz \u0101rpus V\u012blandes, Vana-Veidu ciemat\u0101, darbojas V\u012blandes [&hellip;]<\/p>\n","protected":false},"author":4,"featured_media":837,"parent":318,"menu_order":0,"comment_status":"closed","ping_status":"closed","template":"","meta":{"_acf_changed":false,"inline_featured_image":false,"footnotes":""},"class_list":["post-274","page","type-page","status-publish","has-post-thumbnail","hentry"],"acf":[],"_links":{"self":[{"href":"https:\/\/visitviljandi.ee\/lv\/wp-json\/wp\/v2\/pages\/274","targetHints":{"allow":["GET"]}}],"collection":[{"href":"https:\/\/visitviljandi.ee\/lv\/wp-json\/wp\/v2\/pages"}],"about":[{"href":"https:\/\/visitviljandi.ee\/lv\/wp-json\/wp\/v2\/types\/page"}],"author":[{"embeddable":true,"href":"https:\/\/visitviljandi.ee\/lv\/wp-json\/wp\/v2\/users\/4"}],"replies":[{"embeddable":true,"href":"https:\/\/visitviljandi.ee\/lv\/wp-json\/wp\/v2\/comments?post=274"}],"version-history":[{"count":1,"href":"https:\/\/visitviljandi.ee\/lv\/wp-json\/wp\/v2\/pages\/274\/revisions"}],"predecessor-version":[{"id":275,"href":"https:\/\/visitviljandi.ee\/lv\/wp-json\/wp\/v2\/pages\/274\/revisions\/275"}],"up":[{"embeddable":true,"href":"https:\/\/visitviljandi.ee\/lv\/wp-json\/wp\/v2\/pages\/318"}],"wp:featuredmedia":[{"embeddable":true,"href":"https:\/\/visitviljandi.ee\/lv\/wp-json\/wp\/v2\/media\/837"}],"wp:attachment":[{"href":"https:\/\/visitviljandi.ee\/lv\/wp-json\/wp\/v2\/media?parent=274"}],"curies":[{"name":"wp","href":"https:\/\/api.w.org\/{rel}","templated":true}]}}