{"id":10627,"date":"2022-03-06T19:35:54","date_gmt":"2022-03-06T17:35:54","guid":{"rendered":"https:\/\/visitviljandi.ee\/aprinkis\/soomaa\/majutus\/"},"modified":"2022-03-06T19:42:34","modified_gmt":"2022-03-06T17:42:34","slug":"naksnosana","status":"publish","type":"page","link":"https:\/\/visitviljandi.ee\/lv\/aprinkis\/soma\/naksnosana\/","title":{"rendered":"Nak\u0161\u0146o\u0161ana"},"content":{"rendered":"","protected":false},"excerpt":{"rendered":"","protected":false},"author":4,"featured_media":0,"parent":725,"menu_order":0,"comment_status":"closed","ping_status":"closed","template":"places.php","meta":{"_acf_changed":false,"inline_featured_image":false,"footnotes":""},"class_list":["post-10627","page","type-page","status-publish","hentry"],"acf":[],"_links":{"self":[{"href":"https:\/\/visitviljandi.ee\/lv\/wp-json\/wp\/v2\/pages\/10627","targetHints":{"allow":["GET"]}}],"collection":[{"href":"https:\/\/visitviljandi.ee\/lv\/wp-json\/wp\/v2\/pages"}],"about":[{"href":"https:\/\/visitviljandi.ee\/lv\/wp-json\/wp\/v2\/types\/page"}],"author":[{"embeddable":true,"href":"https:\/\/visitviljandi.ee\/lv\/wp-json\/wp\/v2\/users\/4"}],"replies":[{"embeddable":true,"href":"https:\/\/visitviljandi.ee\/lv\/wp-json\/wp\/v2\/comments?post=10627"}],"version-history":[{"count":1,"href":"https:\/\/visitviljandi.ee\/lv\/wp-json\/wp\/v2\/pages\/10627\/revisions"}],"predecessor-version":[{"id":11165,"href":"https:\/\/visitviljandi.ee\/lv\/wp-json\/wp\/v2\/pages\/10627\/revisions\/11165"}],"up":[{"embeddable":true,"href":"https:\/\/visitviljandi.ee\/lv\/wp-json\/wp\/v2\/pages\/725"}],"wp:attachment":[{"href":"https:\/\/visitviljandi.ee\/lv\/wp-json\/wp\/v2\/media?parent=10627"}],"curies":[{"name":"wp","href":"https:\/\/api.w.org\/{rel}","templated":true}]}}