{"id":10309,"date":"2022-03-06T19:30:33","date_gmt":"2022-03-06T17:30:33","guid":{"rendered":"https:\/\/visitviljandi.ee\/aprinkis\/sakala-county\/majutus\/"},"modified":"2022-03-06T19:42:32","modified_gmt":"2022-03-06T17:42:32","slug":"naksnosana","status":"publish","type":"page","link":"https:\/\/visitviljandi.ee\/lv\/aprinkis\/sakalas-aprinkis\/naksnosana\/","title":{"rendered":"Nak\u0161\u0146o\u0161ana"},"content":{"rendered":"","protected":false},"excerpt":{"rendered":"","protected":false},"author":4,"featured_media":0,"parent":728,"menu_order":0,"comment_status":"closed","ping_status":"closed","template":"places.php","meta":{"_acf_changed":false,"inline_featured_image":false,"footnotes":""},"class_list":["post-10309","page","type-page","status-publish","hentry"],"acf":[],"_links":{"self":[{"href":"https:\/\/visitviljandi.ee\/lv\/wp-json\/wp\/v2\/pages\/10309","targetHints":{"allow":["GET"]}}],"collection":[{"href":"https:\/\/visitviljandi.ee\/lv\/wp-json\/wp\/v2\/pages"}],"about":[{"href":"https:\/\/visitviljandi.ee\/lv\/wp-json\/wp\/v2\/types\/page"}],"author":[{"embeddable":true,"href":"https:\/\/visitviljandi.ee\/lv\/wp-json\/wp\/v2\/users\/4"}],"replies":[{"embeddable":true,"href":"https:\/\/visitviljandi.ee\/lv\/wp-json\/wp\/v2\/comments?post=10309"}],"version-history":[{"count":1,"href":"https:\/\/visitviljandi.ee\/lv\/wp-json\/wp\/v2\/pages\/10309\/revisions"}],"predecessor-version":[{"id":11164,"href":"https:\/\/visitviljandi.ee\/lv\/wp-json\/wp\/v2\/pages\/10309\/revisions\/11164"}],"up":[{"embeddable":true,"href":"https:\/\/visitviljandi.ee\/lv\/wp-json\/wp\/v2\/pages\/728"}],"wp:attachment":[{"href":"https:\/\/visitviljandi.ee\/lv\/wp-json\/wp\/v2\/media?parent=10309"}],"curies":[{"name":"wp","href":"https:\/\/api.w.org\/{rel}","templated":true}]}}