{"id":10230,"date":"2022-03-06T19:06:47","date_gmt":"2022-03-06T17:06:47","guid":{"rendered":"https:\/\/visitviljandi.ee\/aprinkis\/mulgimaa\/aktiivne-puhkus\/"},"modified":"2022-05-11T09:35:06","modified_gmt":"2022-05-11T07:35:06","slug":"aktiva-atputa","status":"publish","type":"page","link":"https:\/\/visitviljandi.ee\/lv\/aprinkis\/mulgima\/aktiva-atputa\/","title":{"rendered":"Akt\u012bv\u0101 atp\u016bta"},"content":{"rendered":"","protected":false},"excerpt":{"rendered":"","protected":false},"author":4,"featured_media":0,"parent":722,"menu_order":0,"comment_status":"closed","ping_status":"closed","template":"places.php","meta":{"_acf_changed":false,"inline_featured_image":false,"footnotes":""},"class_list":["post-10230","page","type-page","status-publish","hentry"],"acf":[],"_links":{"self":[{"href":"https:\/\/visitviljandi.ee\/lv\/wp-json\/wp\/v2\/pages\/10230","targetHints":{"allow":["GET"]}}],"collection":[{"href":"https:\/\/visitviljandi.ee\/lv\/wp-json\/wp\/v2\/pages"}],"about":[{"href":"https:\/\/visitviljandi.ee\/lv\/wp-json\/wp\/v2\/types\/page"}],"author":[{"embeddable":true,"href":"https:\/\/visitviljandi.ee\/lv\/wp-json\/wp\/v2\/users\/4"}],"replies":[{"embeddable":true,"href":"https:\/\/visitviljandi.ee\/lv\/wp-json\/wp\/v2\/comments?post=10230"}],"version-history":[{"count":2,"href":"https:\/\/visitviljandi.ee\/lv\/wp-json\/wp\/v2\/pages\/10230\/revisions"}],"predecessor-version":[{"id":51702,"href":"https:\/\/visitviljandi.ee\/lv\/wp-json\/wp\/v2\/pages\/10230\/revisions\/51702"}],"up":[{"embeddable":true,"href":"https:\/\/visitviljandi.ee\/lv\/wp-json\/wp\/v2\/pages\/722"}],"wp:attachment":[{"href":"https:\/\/visitviljandi.ee\/lv\/wp-json\/wp\/v2\/media?parent=10230"}],"curies":[{"name":"wp","href":"https:\/\/api.w.org\/{rel}","templated":true}]}}