{"id":10217,"date":"2022-03-06T19:05:00","date_gmt":"2022-03-06T17:05:00","guid":{"rendered":"https:\/\/visitviljandi.ee\/aprinkis\/mulgimaa\/majutus\/"},"modified":"2022-03-06T19:42:36","modified_gmt":"2022-03-06T17:42:36","slug":"naksnosana","status":"publish","type":"page","link":"https:\/\/visitviljandi.ee\/lv\/aprinkis\/mulgima\/naksnosana\/","title":{"rendered":"Nak\u0161\u0146o\u0161ana"},"content":{"rendered":"","protected":false},"excerpt":{"rendered":"","protected":false},"author":4,"featured_media":0,"parent":722,"menu_order":0,"comment_status":"closed","ping_status":"closed","template":"places.php","meta":{"_acf_changed":false,"inline_featured_image":false,"footnotes":""},"class_list":["post-10217","page","type-page","status-publish","hentry"],"acf":[],"_links":{"self":[{"href":"https:\/\/visitviljandi.ee\/lv\/wp-json\/wp\/v2\/pages\/10217","targetHints":{"allow":["GET"]}}],"collection":[{"href":"https:\/\/visitviljandi.ee\/lv\/wp-json\/wp\/v2\/pages"}],"about":[{"href":"https:\/\/visitviljandi.ee\/lv\/wp-json\/wp\/v2\/types\/page"}],"author":[{"embeddable":true,"href":"https:\/\/visitviljandi.ee\/lv\/wp-json\/wp\/v2\/users\/4"}],"replies":[{"embeddable":true,"href":"https:\/\/visitviljandi.ee\/lv\/wp-json\/wp\/v2\/comments?post=10217"}],"version-history":[{"count":2,"href":"https:\/\/visitviljandi.ee\/lv\/wp-json\/wp\/v2\/pages\/10217\/revisions"}],"predecessor-version":[{"id":11166,"href":"https:\/\/visitviljandi.ee\/lv\/wp-json\/wp\/v2\/pages\/10217\/revisions\/11166"}],"up":[{"embeddable":true,"href":"https:\/\/visitviljandi.ee\/lv\/wp-json\/wp\/v2\/pages\/722"}],"wp:attachment":[{"href":"https:\/\/visitviljandi.ee\/lv\/wp-json\/wp\/v2\/media?parent=10217"}],"curies":[{"name":"wp","href":"https:\/\/api.w.org\/{rel}","templated":true}]}}