{"id":729,"date":"2022-01-30T17:17:25","date_gmt":"2022-01-30T15:17:25","guid":{"rendered":"https:\/\/visitviljandi.ee\/maakond\/vortsjarv\/"},"modified":"2022-05-11T10:15:31","modified_gmt":"2022-05-11T08:15:31","slug":"vortsjarvi","status":"publish","type":"page","link":"https:\/\/visitviljandi.ee\/fi\/maakunta\/vortsjarvi\/","title":{"rendered":"V\u00f5rtsj\u00e4rv\u00ef"},"content":{"rendered":"\n<p><strong>Viron suurin sis\u00e4vesist\u00f6<\/strong> V\u00f5rtsj\u00e4rv\u00ef on sen ymp\u00e4rill\u00e4 asuville ihmisille kuin meri. V\u00f5rtsj\u00e4rven pinta-ala on suurempi kuin kaikkien Viron muiden j\u00e4rvien pinta-ala yhteens\u00e4. J\u00e4rven ymp\u00e4rille on historiallisesti kehittynyt rantakulttuuri, joka on viime vuosien aikana palannut nopeasti ihmisten tietoisuuteen.<\/p>\n\n\n\n<p>Kalastajakylien ja maatilojen ymp\u00e4r\u00f6im\u00e4lle j\u00e4rvelle voi menn\u00e4 kalastamaan paikallisten kanssa, ja valmistaa j\u00e4lkeenp\u00e4in saaliista maukkaita aterioita. J\u00e4rvell\u00e4 j\u00e4rjestet\u00e4\u00e4n my\u00f6s purjehtimiskoulutusta, joka on my\u00f6s oiva keino alueeseen tutustumiseksi. V\u00f5rtsj\u00e4rven kalastajien saalista arvostetaan korkealle paikallisten kokkien parissa. Paikallista kalaa voi saada sek\u00e4 j\u00e4rvenrannan ravintoloissa ja kahviloissa ett\u00e4 Viljandinkin ruokapaikoissa.<\/p>\n\n\n\n<p>V\u00f5rtsj\u00e4rven t\u00e4rkeimm\u00e4t pyyntikalat ovat ankerias, kuha, lahna ja hauki.<\/p>\n\n\n\n<p>Etsiess\u00e4si j\u00e4rven rannalta mielenkiintoisia kohtia ja n\u00e4ht\u00e4vyyksi\u00e4, katso suosituksia <a href=\"https:\/\/visitviljandi.ee\/bw_client_files\/visitviljandi\/public\/img\/File\/viljandi_kataloog_2019_ENG-vrtsjarv.pdf\" target=\"_blank\" rel=\"noreferrer noopener\">t\u00e4st\u00e4<\/a>.<\/p>\n\n\n\n<figure class=\"wp-block-image size-large\"><a href=\"https:\/\/visitviljandi.ee\/wp-content\/uploads\/2022\/01\/33878781090_72c2069e9b_k.jpg\"><img loading=\"lazy\" decoding=\"async\" width=\"1024\" height=\"683\" src=\"https:\/\/visitviljandi.ee\/wp-content\/uploads\/2022\/01\/33878781090_72c2069e9b_k-1024x683.jpg\" alt=\"\" class=\"wp-image-659\" srcset=\"https:\/\/visitviljandi.ee\/wp-content\/uploads\/2022\/01\/33878781090_72c2069e9b_k-1024x683.jpg 1024w, https:\/\/visitviljandi.ee\/wp-content\/uploads\/2022\/01\/33878781090_72c2069e9b_k-300x200.jpg 300w, https:\/\/visitviljandi.ee\/wp-content\/uploads\/2022\/01\/33878781090_72c2069e9b_k-768x512.jpg 768w, https:\/\/visitviljandi.ee\/wp-content\/uploads\/2022\/01\/33878781090_72c2069e9b_k-1536x1024.jpg 1536w, https:\/\/visitviljandi.ee\/wp-content\/uploads\/2022\/01\/33878781090_72c2069e9b_k.jpg 2048w\" sizes=\"auto, (max-width: 1024px) 100vw, 1024px\" \/><\/a><figcaption>V\u00f5rtsj\u00e4rv\u00ef. Valokuvaaja: Kris S\u00fcld<\/figcaption><\/figure>\n","protected":false},"excerpt":{"rendered":"<p>Viron suurin sis\u00e4vesist\u00f6 V\u00f5rtsj\u00e4rv\u00ef on sen ymp\u00e4rill\u00e4 asuville ihmisille kuin meri. V\u00f5rtsj\u00e4rven pinta-ala on suurempi kuin kaikkien Viron muiden j\u00e4rvien pinta-ala yhteens\u00e4. J\u00e4rven ymp\u00e4rille on historiallisesti kehittynyt rantakulttuuri, joka on viime vuosien aikana palannut nopeasti ihmisten tietoisuuteen. Kalastajakylien ja maatilojen ymp\u00e4r\u00f6im\u00e4lle j\u00e4rvelle voi menn\u00e4 kalastamaan paikallisten kanssa, ja valmistaa j\u00e4lkeenp\u00e4in saaliista maukkaita aterioita. J\u00e4rvell\u00e4 j\u00e4rjestet\u00e4\u00e4n [&hellip;]<\/p>\n","protected":false},"author":4,"featured_media":623,"parent":692,"menu_order":0,"comment_status":"closed","ping_status":"closed","template":"","meta":{"_acf_changed":false,"inline_featured_image":false,"footnotes":""},"class_list":["post-729","page","type-page","status-publish","has-post-thumbnail","hentry"],"acf":[],"_links":{"self":[{"href":"https:\/\/visitviljandi.ee\/fi\/wp-json\/wp\/v2\/pages\/729","targetHints":{"allow":["GET"]}}],"collection":[{"href":"https:\/\/visitviljandi.ee\/fi\/wp-json\/wp\/v2\/pages"}],"about":[{"href":"https:\/\/visitviljandi.ee\/fi\/wp-json\/wp\/v2\/types\/page"}],"author":[{"embeddable":true,"href":"https:\/\/visitviljandi.ee\/fi\/wp-json\/wp\/v2\/users\/4"}],"replies":[{"embeddable":true,"href":"https:\/\/visitviljandi.ee\/fi\/wp-json\/wp\/v2\/comments?post=729"}],"version-history":[{"count":4,"href":"https:\/\/visitviljandi.ee\/fi\/wp-json\/wp\/v2\/pages\/729\/revisions"}],"predecessor-version":[{"id":51725,"href":"https:\/\/visitviljandi.ee\/fi\/wp-json\/wp\/v2\/pages\/729\/revisions\/51725"}],"up":[{"embeddable":true,"href":"https:\/\/visitviljandi.ee\/fi\/wp-json\/wp\/v2\/pages\/692"}],"wp:featuredmedia":[{"embeddable":true,"href":"https:\/\/visitviljandi.ee\/fi\/wp-json\/wp\/v2\/media\/623"}],"wp:attachment":[{"href":"https:\/\/visitviljandi.ee\/fi\/wp-json\/wp\/v2\/media?parent=729"}],"curies":[{"name":"wp","href":"https:\/\/api.w.org\/{rel}","templated":true}]}}