{"id":726,"date":"2022-01-29T11:03:09","date_gmt":"2022-01-29T09:03:09","guid":{"rendered":"https:\/\/visitviljandi.ee\/maakond\/sakala-county\/"},"modified":"2022-05-10T13:09:31","modified_gmt":"2022-05-10T11:09:31","slug":"sakalamaa","status":"publish","type":"page","link":"https:\/\/visitviljandi.ee\/fi\/maakunta\/sakalamaa\/","title":{"rendered":"Sakalamaa"},"content":{"rendered":"\n<p>Viljandin maakunnan pohjoisosassa sijaitsee historiallinen Sakalamaa (Sakalan maakunta), joka on legendaarisen muinaisvirolaisen vanhemman Lembitun entinen asuinpaikka. Nyt on mahdollista vierailla <a href=\"https:\/\/visitviljandi.ee\/fi\/places\/lohaveren-lembitun-linnavuori\/\">Lembitun L\u00f5haveren linnanm\u00e4ell\u00e4<\/a>.<\/p>\n\n\n\n<p>Suure-Jaanissa sijaitsee koko Viron mittapuussa er\u00e4s t\u00e4rkeimmist\u00e4 kulttuurihistoriallisista paikoista. T\u00e4\u00e4ll\u00e4 kasvoi Kappin s\u00e4velt\u00e4j\u00e4perheen suku, jonka <a rel=\"noreferrer noopener\" href=\"https:\/\/visitviljandi.ee\/fi\/places\/kappin-saveltajien-kotimuseo\/\" target=\"_blank\">talomuseossa<\/a> on mahdollisuus vierailla kaupungissa k\u00e4ydess\u00e4\u00e4n. Soomaan reunalla H\u00fcpassaaressa sijaitsee s\u00e4velt\u00e4j\u00e4 Mart Saaren <a rel=\"noreferrer noopener\" href=\"https:\/\/visitviljandi.ee\/fi\/places\/saveltaja-mart-saaren-kotimuseo\/\" target=\"_blank\">talomuseo<\/a>, joka tarjoaa s\u00e4velt\u00e4jille inspiraatiota t\u00e4n\u00e4kin p\u00e4iv\u00e4n\u00e4. Suure-Jaanin hautausmaalla sijaitsee er\u00e4\u00e4n Viron historian suurimman taiteilijan, Johann K\u00f6lerin viimeinen lepopaikka.<\/p>\n\n\n\n<p>Nyky\u00e4\u00e4n on Suure-Jaanin suurin vetonaula kuitenkin alueen er\u00e4s mukavimmista vesikeskuksista, jota paikalliset kutsuvat <a href=\"https:\/\/visitviljandi.ee\/fi\/places\/suure-jaani-tervisekojan-vesikeskus\/\" target=\"_blank\" rel=\"noreferrer noopener\">Terveyskodaksi<\/a>. Sen vesilaitteet, altaat ja saunat tarjoavat iloa koko perheelle.<\/p>\n\n\n\n<p>Sakalamaalla sijaitsee my\u00f6s Viron parhaiten s\u00e4ilynyt kartanoalue. <a href=\"https:\/\/visitviljandi.ee\/fi\/places\/olustveren-kartano\/\" target=\"_blank\" rel=\"noreferrer noopener\">Olustveren kartanolla<\/a> on tyylikk\u00e4\u00e4n p\u00e4\u00e4rakennuksen lis\u00e4ksi s\u00e4ilynyt ja kunnostettu my\u00f6s vanhoja talousrakennuksia, joissa nyt toimii erilaisia ty\u00f6tupia ja ty\u00f6pajoja.<\/p>\n\n\n\n<p><a href=\"https:\/\/visitviljandi.ee\/bw_client_files\/visitviljandi\/public\/img\/File\/viljandi_kataloog_2019_ENG-sakalamaa.pdf\" target=\"_blank\" rel=\"noreferrer noopener\">Etsi<\/a> <a href=\"https:\/\/visitviljandi.ee\/bw_client_files\/visitviljandi\/public\/img\/File\/P-Viljandimaa_A5_2.pdf\" target=\"_blank\" rel=\"noreferrer noopener\">kartalta<\/a> my\u00f6s <a href=\"https:\/\/visitviljandi.ee\/fi\/places\/pilistveren-kiviroykkio\/\" target=\"_blank\" rel=\"noreferrer noopener\">Pilistveren kivim\u00e4ki<\/a> ja <a href=\"https:\/\/visitviljandi.ee\/fi\/places\/vierailu-vohman-kynttilatehtaassa\/\" target=\"_blank\" rel=\"noreferrer noopener\">V\u00f5hman kynttil\u00e4tehdas<\/a>.<\/p>\n\n\n\n<figure class=\"wp-block-image size-large\"><a href=\"https:\/\/visitviljandi.ee\/wp-content\/uploads\/2022\/01\/51505319472_e4e366b982_k.jpg\"><img loading=\"lazy\" decoding=\"async\" width=\"1024\" height=\"683\" src=\"https:\/\/visitviljandi.ee\/wp-content\/uploads\/2022\/01\/51505319472_e4e366b982_k-1024x683.jpg\" alt=\"\" class=\"wp-image-642\" srcset=\"https:\/\/visitviljandi.ee\/wp-content\/uploads\/2022\/01\/51505319472_e4e366b982_k-1024x683.jpg 1024w, https:\/\/visitviljandi.ee\/wp-content\/uploads\/2022\/01\/51505319472_e4e366b982_k-300x200.jpg 300w, https:\/\/visitviljandi.ee\/wp-content\/uploads\/2022\/01\/51505319472_e4e366b982_k-768x512.jpg 768w, https:\/\/visitviljandi.ee\/wp-content\/uploads\/2022\/01\/51505319472_e4e366b982_k-1536x1024.jpg 1536w, https:\/\/visitviljandi.ee\/wp-content\/uploads\/2022\/01\/51505319472_e4e366b982_k.jpg 2048w\" sizes=\"auto, (max-width: 1024px) 100vw, 1024px\" \/><\/a><figcaption>L\u00f5haveren linnanm\u00e4ki. Valokuvaaja: Siim Verner Teder<\/figcaption><\/figure>\n","protected":false},"excerpt":{"rendered":"<p>Viljandin maakunnan pohjoisosassa sijaitsee historiallinen Sakalamaa (Sakalan maakunta), joka on legendaarisen muinaisvirolaisen vanhemman Lembitun entinen asuinpaikka. Nyt on mahdollista vierailla Lembitun L\u00f5haveren linnanm\u00e4ell\u00e4. Suure-Jaanissa sijaitsee koko Viron mittapuussa er\u00e4s t\u00e4rkeimmist\u00e4 kulttuurihistoriallisista paikoista. T\u00e4\u00e4ll\u00e4 kasvoi Kappin s\u00e4velt\u00e4j\u00e4perheen suku, jonka talomuseossa on mahdollisuus vierailla kaupungissa k\u00e4ydess\u00e4\u00e4n. Soomaan reunalla H\u00fcpassaaressa sijaitsee s\u00e4velt\u00e4j\u00e4 Mart Saaren talomuseo, joka tarjoaa s\u00e4velt\u00e4jille [&hellip;]<\/p>\n","protected":false},"author":4,"featured_media":635,"parent":692,"menu_order":0,"comment_status":"closed","ping_status":"closed","template":"","meta":{"_acf_changed":false,"inline_featured_image":false,"footnotes":""},"class_list":["post-726","page","type-page","status-publish","has-post-thumbnail","hentry"],"acf":[],"_links":{"self":[{"href":"https:\/\/visitviljandi.ee\/fi\/wp-json\/wp\/v2\/pages\/726","targetHints":{"allow":["GET"]}}],"collection":[{"href":"https:\/\/visitviljandi.ee\/fi\/wp-json\/wp\/v2\/pages"}],"about":[{"href":"https:\/\/visitviljandi.ee\/fi\/wp-json\/wp\/v2\/types\/page"}],"author":[{"embeddable":true,"href":"https:\/\/visitviljandi.ee\/fi\/wp-json\/wp\/v2\/users\/4"}],"replies":[{"embeddable":true,"href":"https:\/\/visitviljandi.ee\/fi\/wp-json\/wp\/v2\/comments?post=726"}],"version-history":[{"count":5,"href":"https:\/\/visitviljandi.ee\/fi\/wp-json\/wp\/v2\/pages\/726\/revisions"}],"predecessor-version":[{"id":51582,"href":"https:\/\/visitviljandi.ee\/fi\/wp-json\/wp\/v2\/pages\/726\/revisions\/51582"}],"up":[{"embeddable":true,"href":"https:\/\/visitviljandi.ee\/fi\/wp-json\/wp\/v2\/pages\/692"}],"wp:featuredmedia":[{"embeddable":true,"href":"https:\/\/visitviljandi.ee\/fi\/wp-json\/wp\/v2\/media\/635"}],"wp:attachment":[{"href":"https:\/\/visitviljandi.ee\/fi\/wp-json\/wp\/v2\/media?parent=726"}],"curies":[{"name":"wp","href":"https:\/\/api.w.org\/{rel}","templated":true}]}}