{"id":723,"date":"2022-01-30T17:14:43","date_gmt":"2022-01-30T15:14:43","guid":{"rendered":"https:\/\/visitviljandi.ee\/maakond\/soomaa\/"},"modified":"2022-05-10T13:11:58","modified_gmt":"2022-05-10T11:11:58","slug":"soomaa","status":"publish","type":"page","link":"https:\/\/visitviljandi.ee\/fi\/maakunta\/soomaa\/","title":{"rendered":"Soomaa"},"content":{"rendered":"\n<p>Puolen tunnin ajomatkan p\u00e4\u00e4ss\u00e4 Viljandista l\u00e4nteen muuttuu maasto t\u00e4ysin toisenlaiseksi. Olet saapunut Soomaan kansallispuistoon, joka perustettiin vuonna 1993 koskemattomien soiden, lajirikkaiden niittyjen, puuniittyjen ja metsien suojelemiseksi. Monipuolinen ja s\u00e4ilynyt luonto sek\u00e4 omaper\u00e4inen riippusilta- ja haapiovenekulttuuri ovat tehneet t\u00e4st\u00e4 paikasta kuuluisan koko maailmassa niin luonnosta kiinnostuneille seikkailijoille kuin tavalliselle sunnuntairetkeilij\u00e4llekin.<\/p>\n\n\n\n<p>Monet ovat varmaan kuulleet ns. viidennest\u00e4 vuodenajasta, mutta Soomaalla on paljon j\u00e4nnitt\u00e4v\u00e4\u00e4 tekemist\u00e4 muulloinkin kuin kev\u00e4ttulvien aikana. Retki muinaisen luonnon keskelle on kuin virolaisen kes\u00e4inen pyhiinvaellus, johon vieraamme ovat kutsuttuja osallistumaan.<\/p>\n\n\n\n<p>Paras tapa Soomaahan tutustumiseen on ilman muuta vene- tai kanoottiretki. Talvella luonnosta voi nauttia lumikengill\u00e4 tai potkukelkalla retkeillen. Soomaa tarjoaa retkeilyyn useita lautatiereittej\u00e4, joten kannattaa yhdistell\u00e4 erilaisia auto- ja patikkaretki\u00e4. Pidemm\u00e4n tai lyhemm\u00e4n suo- tai kanoottiretken j\u00e4lkeen voidaan kehoa ja mielt\u00e4 virkist\u00e4\u00e4 saunassa ja lepuuttaa korvia \u00e4\u00e4nien keskell\u00e4, joiden luomiseen ihminen ei ole osallistunut.<\/p>\n\n\n\n<p>Ohjeet Soomaalla liikkumiseen l\u00f6yd\u00e4t <a href=\"https:\/\/visitviljandi.ee\/bw_client_files\/visitviljandi\/public\/img\/File\/viljandi_kataloog_2019_ENG-soomaa.pdf\">t\u00e4st\u00e4<\/a>.<\/p>\n\n\n\n<figure class=\"wp-block-image size-large\"><a href=\"https:\/\/visitviljandi.ee\/wp-content\/uploads\/2022\/01\/28448648087_8475b50184_k.jpg\"><img loading=\"lazy\" decoding=\"async\" width=\"1024\" height=\"577\" src=\"https:\/\/visitviljandi.ee\/wp-content\/uploads\/2022\/01\/28448648087_8475b50184_k-1024x577.jpg\" alt=\"\" class=\"wp-image-650\" srcset=\"https:\/\/visitviljandi.ee\/wp-content\/uploads\/2022\/01\/28448648087_8475b50184_k-1024x577.jpg 1024w, https:\/\/visitviljandi.ee\/wp-content\/uploads\/2022\/01\/28448648087_8475b50184_k-300x169.jpg 300w, https:\/\/visitviljandi.ee\/wp-content\/uploads\/2022\/01\/28448648087_8475b50184_k-768x433.jpg 768w, https:\/\/visitviljandi.ee\/wp-content\/uploads\/2022\/01\/28448648087_8475b50184_k-1536x866.jpg 1536w, https:\/\/visitviljandi.ee\/wp-content\/uploads\/2022\/01\/28448648087_8475b50184_k.jpg 2048w\" sizes=\"auto, (max-width: 1024px) 100vw, 1024px\" \/><\/a><figcaption>H\u00fcpassaaren suo. Valokuvaaja: Martin Kosseson<\/figcaption><\/figure>\n","protected":false},"excerpt":{"rendered":"<p>Puolen tunnin ajomatkan p\u00e4\u00e4ss\u00e4 Viljandista l\u00e4nteen muuttuu maasto t\u00e4ysin toisenlaiseksi. Olet saapunut Soomaan kansallispuistoon, joka perustettiin vuonna 1993 koskemattomien soiden, lajirikkaiden niittyjen, puuniittyjen ja metsien suojelemiseksi. Monipuolinen ja s\u00e4ilynyt luonto sek\u00e4 omaper\u00e4inen riippusilta- ja haapiovenekulttuuri ovat tehneet t\u00e4st\u00e4 paikasta kuuluisan koko maailmassa niin luonnosta kiinnostuneille seikkailijoille kuin tavalliselle sunnuntairetkeilij\u00e4llekin. Monet ovat varmaan kuulleet ns. viidennest\u00e4 [&hellip;]<\/p>\n","protected":false},"author":4,"featured_media":617,"parent":692,"menu_order":0,"comment_status":"closed","ping_status":"closed","template":"","meta":{"_acf_changed":false,"inline_featured_image":false,"footnotes":""},"class_list":["post-723","page","type-page","status-publish","has-post-thumbnail","hentry"],"acf":[],"_links":{"self":[{"href":"https:\/\/visitviljandi.ee\/fi\/wp-json\/wp\/v2\/pages\/723","targetHints":{"allow":["GET"]}}],"collection":[{"href":"https:\/\/visitviljandi.ee\/fi\/wp-json\/wp\/v2\/pages"}],"about":[{"href":"https:\/\/visitviljandi.ee\/fi\/wp-json\/wp\/v2\/types\/page"}],"author":[{"embeddable":true,"href":"https:\/\/visitviljandi.ee\/fi\/wp-json\/wp\/v2\/users\/4"}],"replies":[{"embeddable":true,"href":"https:\/\/visitviljandi.ee\/fi\/wp-json\/wp\/v2\/comments?post=723"}],"version-history":[{"count":2,"href":"https:\/\/visitviljandi.ee\/fi\/wp-json\/wp\/v2\/pages\/723\/revisions"}],"predecessor-version":[{"id":51584,"href":"https:\/\/visitviljandi.ee\/fi\/wp-json\/wp\/v2\/pages\/723\/revisions\/51584"}],"up":[{"embeddable":true,"href":"https:\/\/visitviljandi.ee\/fi\/wp-json\/wp\/v2\/pages\/692"}],"wp:featuredmedia":[{"embeddable":true,"href":"https:\/\/visitviljandi.ee\/fi\/wp-json\/wp\/v2\/media\/617"}],"wp:attachment":[{"href":"https:\/\/visitviljandi.ee\/fi\/wp-json\/wp\/v2\/media?parent=723"}],"curies":[{"name":"wp","href":"https:\/\/api.w.org\/{rel}","templated":true}]}}