{"id":720,"date":"2022-01-26T21:39:51","date_gmt":"2022-01-26T19:39:51","guid":{"rendered":"https:\/\/visitviljandi.ee\/maakond\/mulgimaa\/"},"modified":"2023-10-16T10:59:54","modified_gmt":"2023-10-16T07:59:54","slug":"mulgimaa","status":"publish","type":"page","link":"https:\/\/visitviljandi.ee\/fi\/maakunta\/mulgimaa\/","title":{"rendered":"Mulgimaa"},"content":{"rendered":"\n<p>Mulgimaa (Mulgin maakunta) on kulttuurialue Etel\u00e4-Virossa, jonka ainutlaatuinen luonto ja perinteet sek\u00e4 mielenkiintoiset yritykset ja tapahtumat ja puuhakkaat ihmiset ovat eritt\u00e4in kiehtovia. Alue tunnetaan ensimm\u00e4isist\u00e4 rikkaista virolaisista maatiloistaan sek\u00e4 tasavallan alkuvuosien kulttuuri- ja valtionmiesten syntym\u00e4paikkana.<\/p>\n\n\n\n<p>Voidaan sanoa, ett\u00e4 nyt on k\u00e4ym\u00e4ss\u00e4 t\u00e4ydellinen Mulgi-kulttuurin renessanssi. Ihmiset etsiv\u00e4t juuriaan, muuttavat takaisin syntym\u00e4alueelleen ja yhdess\u00e4 aktiivisten paikallisten ihmisten kanssa on perustettu aktiivisia kotiseutuyhdistyksi\u00e4. Kes\u00e4ll\u00e4 alueeseen voi tutustua vaikkapa <a href=\"https:\/\/mulgiperemang.ee\/\" target=\"_blank\" rel=\"noreferrer noopener\">Mulgimaan perhekilpailun puitteissa<\/a>.<\/p>\n\n\n\n<p>Nyky\u00e4\u00e4n Mulgimaa sijaitsee kolmen kunnan Viljandin, Mulgin ja T\u00f5rvan kunnat sek\u00e4 kahden maakunnan, Viljandin maakunnan ja Valgan maakunnan alueilla.<\/p>\n\n\n\n<p><a href=\"https:\/\/visitviljandi.ee\/bw_client_files\/visitviljandi\/public\/img\/File\/viljandi_kataloog_2019_ENG-mulgimaa.pdf\" target=\"_blank\" rel=\"noreferrer noopener\">T\u00e4ss\u00e4<\/a> muutamia suosituksia Mulgimaan n\u00e4ht\u00e4vyyksist\u00e4. Apuna on <a href=\"https:\/\/visitviljandi.ee\/bw_client_files\/visitviljandi\/public\/img\/File\/Mulgimaa_A5_3.pdf\" target=\"_blank\" rel=\"noreferrer noopener\">kartta<\/a>.<\/p>\n\n\n\n<p>Tapaamisiin Mulgimaalla!<\/p>\n\n\n\n<figure class=\"wp-block-image size-large\"><a href=\"https:\/\/visitviljandi.ee\/wp-content\/uploads\/2022\/01\/34104404192_b62e3e875e_k.jpg\"><img loading=\"lazy\" decoding=\"async\" width=\"1024\" height=\"683\" src=\"https:\/\/visitviljandi.ee\/wp-content\/uploads\/2022\/01\/34104404192_b62e3e875e_k-1024x683.jpg\" alt=\"\" class=\"wp-image-669\" srcset=\"https:\/\/visitviljandi.ee\/wp-content\/uploads\/2022\/01\/34104404192_b62e3e875e_k-1024x683.jpg 1024w, https:\/\/visitviljandi.ee\/wp-content\/uploads\/2022\/01\/34104404192_b62e3e875e_k-300x200.jpg 300w, https:\/\/visitviljandi.ee\/wp-content\/uploads\/2022\/01\/34104404192_b62e3e875e_k-768x512.jpg 768w, https:\/\/visitviljandi.ee\/wp-content\/uploads\/2022\/01\/34104404192_b62e3e875e_k-1536x1024.jpg 1536w, https:\/\/visitviljandi.ee\/wp-content\/uploads\/2022\/01\/34104404192_b62e3e875e_k.jpg 2048w\" sizes=\"auto, (max-width: 1024px) 100vw, 1024px\" \/><\/a><figcaption class=\"wp-element-caption\">Karksin Pietarin kirkko. Valokuvaaja: Kristiin Elmat<\/figcaption><\/figure>\n\n\n\n<figure class=\"wp-block-image size-large is-resized\"><a href=\"https:\/\/visitviljandi.ee\/wp-content\/uploads\/2023\/10\/Mulgimaa_arenduskuskoda_logo.png\"><img loading=\"lazy\" decoding=\"async\" src=\"https:\/\/visitviljandi.ee\/wp-content\/uploads\/2023\/10\/Mulgimaa_arenduskuskoda_logo-1024x308.png\" alt=\"Mulgimaa Arenduskoda logo\" class=\"wp-image-212043\" style=\"width:311px;height:94px\" width=\"311\" height=\"94\" srcset=\"https:\/\/visitviljandi.ee\/wp-content\/uploads\/2023\/10\/Mulgimaa_arenduskuskoda_logo-1024x308.png 1024w, https:\/\/visitviljandi.ee\/wp-content\/uploads\/2023\/10\/Mulgimaa_arenduskuskoda_logo-300x90.png 300w, https:\/\/visitviljandi.ee\/wp-content\/uploads\/2023\/10\/Mulgimaa_arenduskuskoda_logo-768x231.png 768w, https:\/\/visitviljandi.ee\/wp-content\/uploads\/2023\/10\/Mulgimaa_arenduskuskoda_logo-1536x462.png 1536w, https:\/\/visitviljandi.ee\/wp-content\/uploads\/2023\/10\/Mulgimaa_arenduskuskoda_logo.png 2000w\" sizes=\"auto, (max-width: 311px) 100vw, 311px\" \/><\/a><\/figure>\n\n\n\n<figure class=\"wp-block-image size-full is-resized\"><a href=\"https:\/\/visitviljandi.ee\/wp-content\/uploads\/2023\/06\/regionaalarengufond-f0851ee2.png\"><img loading=\"lazy\" decoding=\"async\" src=\"https:\/\/visitviljandi.ee\/wp-content\/uploads\/2023\/06\/regionaalarengufond-f0851ee2.png\" alt=\"\" class=\"wp-image-190507\" style=\"width:276px;height:160px\" width=\"276\" height=\"160\"\/><\/a><\/figure>\n","protected":false},"excerpt":{"rendered":"<p>Mulgimaa (Mulgin maakunta) on kulttuurialue Etel\u00e4-Virossa, jonka ainutlaatuinen luonto ja perinteet sek\u00e4 mielenkiintoiset yritykset ja tapahtumat ja puuhakkaat ihmiset ovat eritt\u00e4in kiehtovia. Alue tunnetaan ensimm\u00e4isist\u00e4 rikkaista virolaisista maatiloistaan sek\u00e4 tasavallan alkuvuosien kulttuuri- ja valtionmiesten syntym\u00e4paikkana. Voidaan sanoa, ett\u00e4 nyt on k\u00e4ym\u00e4ss\u00e4 t\u00e4ydellinen Mulgi-kulttuurin renessanssi. Ihmiset etsiv\u00e4t juuriaan, muuttavat takaisin syntym\u00e4alueelleen ja yhdess\u00e4 aktiivisten paikallisten ihmisten [&hellip;]<\/p>\n","protected":false},"author":4,"featured_media":629,"parent":692,"menu_order":0,"comment_status":"closed","ping_status":"closed","template":"","meta":{"_acf_changed":false,"inline_featured_image":false,"footnotes":""},"class_list":["post-720","page","type-page","status-publish","has-post-thumbnail","hentry"],"acf":[],"_links":{"self":[{"href":"https:\/\/visitviljandi.ee\/fi\/wp-json\/wp\/v2\/pages\/720","targetHints":{"allow":["GET"]}}],"collection":[{"href":"https:\/\/visitviljandi.ee\/fi\/wp-json\/wp\/v2\/pages"}],"about":[{"href":"https:\/\/visitviljandi.ee\/fi\/wp-json\/wp\/v2\/types\/page"}],"author":[{"embeddable":true,"href":"https:\/\/visitviljandi.ee\/fi\/wp-json\/wp\/v2\/users\/4"}],"replies":[{"embeddable":true,"href":"https:\/\/visitviljandi.ee\/fi\/wp-json\/wp\/v2\/comments?post=720"}],"version-history":[{"count":5,"href":"https:\/\/visitviljandi.ee\/fi\/wp-json\/wp\/v2\/pages\/720\/revisions"}],"predecessor-version":[{"id":212050,"href":"https:\/\/visitviljandi.ee\/fi\/wp-json\/wp\/v2\/pages\/720\/revisions\/212050"}],"up":[{"embeddable":true,"href":"https:\/\/visitviljandi.ee\/fi\/wp-json\/wp\/v2\/pages\/692"}],"wp:featuredmedia":[{"embeddable":true,"href":"https:\/\/visitviljandi.ee\/fi\/wp-json\/wp\/v2\/media\/629"}],"wp:attachment":[{"href":"https:\/\/visitviljandi.ee\/fi\/wp-json\/wp\/v2\/media?parent=720"}],"curies":[{"name":"wp","href":"https:\/\/api.w.org\/{rel}","templated":true}]}}