{"id":390,"date":"2022-01-28T16:01:43","date_gmt":"2022-01-28T14:01:43","guid":{"rendered":"https:\/\/visitviljandi.ee\/?page_id=390"},"modified":"2022-05-20T14:07:44","modified_gmt":"2022-05-20T12:07:44","slug":"kaupungin-esittely","status":"publish","type":"page","link":"https:\/\/visitviljandi.ee\/fi\/oletko-yrittaja\/kaupungin-esittely\/","title":{"rendered":"Kaupungin esittely"},"content":{"rendered":"\n<h2 class=\"wp-block-heading\" id=\"viljandi-on-kehittyva-vientia-harjoittava-kaupunki\">Viljandi on kehittyv\u00e4 vienti\u00e4 harjoittava kaupunki<\/h2>\n\n\n\n<p><strong>V\u00e4kiluku:&nbsp;<\/strong>17 083 (1. helmikuuta 2020);&nbsp;<strong>Toiminta-alueen v\u00e4kiluku:<\/strong>&nbsp;44 258 (1. tammikuuta 2019)<\/p>\n\n\n\n<p><strong>Et\u00e4isyydet:<\/strong>&nbsp;Tallinna 161 km, Tartto 81 km, P\u00e4rnu 97 km, Riika 245 km, Pietari 393 km, Helsinki 247 km, Tukholma 580 km.<\/p>\n\n\n\n<p><strong>Keskipalkka (<strong>2021<\/strong> <strong>I<\/strong>V kvartaali)\u00a0<\/strong>1372 euroa<\/p>\n\n\n\n<p><strong>T\u00e4rkeimm\u00e4t toimialat:<\/strong><\/p>\n\n\n\n<ul class=\"wp-block-list\"><li>puu-, paperi- ja huonekaluteollisuus,<\/li><li>muu tehdasvalmistus, mukaan lukien tekstiilit ja ompeluteollisuus, metallity\u00f6 ja koneenrakennus, painoteollisuus jne.,<\/li><li>maatalous ja elintarviketeollisuus.<\/li><\/ul>\n\n\n\n<h2 class=\"wp-block-heading\" id=\"ulkomaankauppa\">Ulkomaankauppa<\/h2>\n\n\n\n<p>Vuonna 2018 vienti 383 miljoonaa euroa, tuonti 200 miljoonaa euroa.<\/p>\n","protected":false},"excerpt":{"rendered":"<p>Viljandi on kehittyv\u00e4 vienti\u00e4 harjoittava kaupunki V\u00e4kiluku:&nbsp;17 083 (1. helmikuuta 2020);&nbsp;Toiminta-alueen v\u00e4kiluku:&nbsp;44 258 (1. tammikuuta 2019) Et\u00e4isyydet:&nbsp;Tallinna 161 km, Tartto 81 km, P\u00e4rnu 97 km, Riika 245 km, Pietari 393 km, Helsinki 247 km, Tukholma 580 km. Keskipalkka (2021 IV kvartaali)\u00a01372 euroa T\u00e4rkeimm\u00e4t toimialat: puu-, paperi- ja huonekaluteollisuus, muu tehdasvalmistus, mukaan lukien tekstiilit ja ompeluteollisuus, [&hellip;]<\/p>\n","protected":false},"author":4,"featured_media":892,"parent":337,"menu_order":0,"comment_status":"closed","ping_status":"closed","template":"","meta":{"_acf_changed":false,"inline_featured_image":false,"footnotes":""},"class_list":["post-390","page","type-page","status-publish","has-post-thumbnail","hentry"],"acf":[],"_links":{"self":[{"href":"https:\/\/visitviljandi.ee\/fi\/wp-json\/wp\/v2\/pages\/390","targetHints":{"allow":["GET"]}}],"collection":[{"href":"https:\/\/visitviljandi.ee\/fi\/wp-json\/wp\/v2\/pages"}],"about":[{"href":"https:\/\/visitviljandi.ee\/fi\/wp-json\/wp\/v2\/types\/page"}],"author":[{"embeddable":true,"href":"https:\/\/visitviljandi.ee\/fi\/wp-json\/wp\/v2\/users\/4"}],"replies":[{"embeddable":true,"href":"https:\/\/visitviljandi.ee\/fi\/wp-json\/wp\/v2\/comments?post=390"}],"version-history":[{"count":3,"href":"https:\/\/visitviljandi.ee\/fi\/wp-json\/wp\/v2\/pages\/390\/revisions"}],"predecessor-version":[{"id":76007,"href":"https:\/\/visitviljandi.ee\/fi\/wp-json\/wp\/v2\/pages\/390\/revisions\/76007"}],"up":[{"embeddable":true,"href":"https:\/\/visitviljandi.ee\/fi\/wp-json\/wp\/v2\/pages\/337"}],"wp:featuredmedia":[{"embeddable":true,"href":"https:\/\/visitviljandi.ee\/fi\/wp-json\/wp\/v2\/media\/892"}],"wp:attachment":[{"href":"https:\/\/visitviljandi.ee\/fi\/wp-json\/wp\/v2\/media?parent=390"}],"curies":[{"name":"wp","href":"https:\/\/api.w.org\/{rel}","templated":true}]}}