{"id":363,"date":"2022-01-28T15:49:42","date_gmt":"2022-01-28T13:49:42","guid":{"rendered":"https:\/\/visitviljandi.ee\/?page_id=363"},"modified":"2022-01-28T15:49:42","modified_gmt":"2022-01-28T13:49:42","slug":"kehityksen-tulokset","status":"publish","type":"page","link":"https:\/\/visitviljandi.ee\/fi\/oletko-yrittaja\/kehityksen-tulokset\/","title":{"rendered":"Kehityksen tulokset"},"content":{"rendered":"\n<h2 class=\"wp-block-heading\" id=\"kaupungin-omistamat-vapaana-olevat-maa-alueet\">Kaupungin omistamat vapaana olevat maa-alueet<\/h2>\n\n\n\n<figure class=\"wp-block-table\"><table><tbody><tr><td>Roheline t\u00e4nav 3<\/td><td>8262m\u00b2<\/td><td>liike- ja teollisuusalue<\/td><\/tr><tr><td>Ravila t\u00e4nav 26<\/td><td>3575m\u00b2<\/td><td>liike- ja teollisuusalue<\/td><\/tr><tr><td>Musta tee 24<\/td><td>5123m\u00b2<\/td><td>liike- ja teollisuusalue<\/td><\/tr><tr><td>Musta tee 22a<\/td><td>12 434m\u00b2<\/td><td>liike- ja teollisuusalue<\/td><\/tr><tr><td>Riia mnt 68<\/td><td>34 044m\u00b2<\/td><td>teollisuusalue<\/td><\/tr><tr><td>Reinu tee 5<\/td><td>2011m\u00b2<\/td><td>asuinalue<\/td><\/tr><\/tbody><\/table><\/figure>\n\n\n\n<h2 class=\"wp-block-heading\" id=\"rakennetut-kiinteistot\">Rakennetut kiinteist\u00f6t<\/h2>\n\n\n\n<figure class=\"wp-block-table\"><table><tbody><tr><td>Linnu t\u00e4nav 4 \/\/ 4a<\/td><td>1654m\u00b2<\/td><td>julkisrakennusten alue<\/td><\/tr><tr><td>Hariduse t\u00e4nav 7<\/td><td>3517m\u00b2<\/td><td>asuinalue<\/td><\/tr><\/tbody><\/table><\/figure>\n\n\n\n<p>Tarkempaa tietoa:&nbsp;<a href=\"mailto:visit@viljandi.ee\">visit@viljandi.ee<\/a><\/p>\n\n\n\n<p>Viljandiin on kehittynyt kolme t\u00e4rke\u00e4\u00e4 teollisuusaluetta: M\u00e4nnim\u00e4e (Reinu tee, Puidu t\u00e4nav, Riia maantee), Kantremaa (Raua t\u00e4nav, Piiri t\u00e4nav) ja Roheline t\u00e4nav (Leolakadun ja Tallinnakadun risteyksen ymp\u00e4rill\u00e4).<\/p>\n\n\n\n<p>N\u00e4iss\u00e4 kaikissa on keskusl\u00e4mmitys, vesi- ja viem\u00e4riliittym\u00e4, s\u00e4hk\u00f6, kaasu, j\u00e4rjestetty j\u00e4tekuljetus ja kulkutiet. Lis\u00e4ksi M\u00e4nnim\u00e4en teollisuusalueella on rautatieyhteys.<\/p>\n","protected":false},"excerpt":{"rendered":"<p>Kaupungin omistamat vapaana olevat maa-alueet Roheline t\u00e4nav 3 8262m\u00b2 liike- ja teollisuusalue Ravila t\u00e4nav 26 3575m\u00b2 liike- ja teollisuusalue Musta tee 24 5123m\u00b2 liike- ja teollisuusalue Musta tee 22a 12 434m\u00b2 liike- ja teollisuusalue Riia mnt 68 34 044m\u00b2 teollisuusalue Reinu tee 5 2011m\u00b2 asuinalue Rakennetut kiinteist\u00f6t Linnu t\u00e4nav 4 \/\/ 4a 1654m\u00b2 julkisrakennusten alue [&hellip;]<\/p>\n","protected":false},"author":4,"featured_media":898,"parent":337,"menu_order":0,"comment_status":"closed","ping_status":"closed","template":"","meta":{"_acf_changed":false,"inline_featured_image":false,"footnotes":""},"class_list":["post-363","page","type-page","status-publish","has-post-thumbnail","hentry"],"acf":[],"_links":{"self":[{"href":"https:\/\/visitviljandi.ee\/fi\/wp-json\/wp\/v2\/pages\/363","targetHints":{"allow":["GET"]}}],"collection":[{"href":"https:\/\/visitviljandi.ee\/fi\/wp-json\/wp\/v2\/pages"}],"about":[{"href":"https:\/\/visitviljandi.ee\/fi\/wp-json\/wp\/v2\/types\/page"}],"author":[{"embeddable":true,"href":"https:\/\/visitviljandi.ee\/fi\/wp-json\/wp\/v2\/users\/4"}],"replies":[{"embeddable":true,"href":"https:\/\/visitviljandi.ee\/fi\/wp-json\/wp\/v2\/comments?post=363"}],"version-history":[{"count":1,"href":"https:\/\/visitviljandi.ee\/fi\/wp-json\/wp\/v2\/pages\/363\/revisions"}],"predecessor-version":[{"id":364,"href":"https:\/\/visitviljandi.ee\/fi\/wp-json\/wp\/v2\/pages\/363\/revisions\/364"}],"up":[{"embeddable":true,"href":"https:\/\/visitviljandi.ee\/fi\/wp-json\/wp\/v2\/pages\/337"}],"wp:featuredmedia":[{"embeddable":true,"href":"https:\/\/visitviljandi.ee\/fi\/wp-json\/wp\/v2\/media\/898"}],"wp:attachment":[{"href":"https:\/\/visitviljandi.ee\/fi\/wp-json\/wp\/v2\/media?parent=363"}],"curies":[{"name":"wp","href":"https:\/\/api.w.org\/{rel}","templated":true}]}}