{"id":320,"date":"2022-01-28T15:35:08","date_gmt":"2022-01-28T13:35:08","guid":{"rendered":"https:\/\/visitviljandi.ee\/?page_id=320"},"modified":"2022-03-23T11:34:19","modified_gmt":"2022-03-23T09:34:19","slug":"asetut-asumaan","status":"publish","type":"page","link":"https:\/\/visitviljandi.ee\/fi\/asetut-asumaan\/","title":{"rendered":"Asetut asumaan?"},"content":{"rendered":"\n<h2 class=\"wp-block-heading\" id=\"viljandin-elama-odottaa-sinua\">Viljandin el\u00e4m\u00e4 odottaa sinua!<\/h2>\n\n\n\n<figure class=\"wp-block-image size-large is-resized\"><a href=\"https:\/\/visitviljandi.ee\/wp-content\/uploads\/2022\/01\/IMG_3266.jpg\"><img loading=\"lazy\" decoding=\"async\" src=\"https:\/\/visitviljandi.ee\/wp-content\/uploads\/2022\/01\/IMG_3266-1024x683.jpg\" alt=\"\" class=\"wp-image-418\" width=\"840\" height=\"560\" srcset=\"https:\/\/visitviljandi.ee\/wp-content\/uploads\/2022\/01\/IMG_3266-1024x683.jpg 1024w, https:\/\/visitviljandi.ee\/wp-content\/uploads\/2022\/01\/IMG_3266-300x200.jpg 300w, https:\/\/visitviljandi.ee\/wp-content\/uploads\/2022\/01\/IMG_3266-768x512.jpg 768w, https:\/\/visitviljandi.ee\/wp-content\/uploads\/2022\/01\/IMG_3266.jpg 1200w\" sizes=\"auto, (max-width: 840px) 100vw, 840px\" \/><\/a><\/figure>\n\n\n\n<h2 class=\"wp-block-heading\" id=\"viljandi-on-todellinen-suurkaupunki\">Viljandi on todellinen suurkaupunki&#8230;<\/h2>\n\n\n\n<p>Ei ehk\u00e4 ihmisten m\u00e4\u00e4r\u00e4n tai talojen korkeuden vuoksi, vaan t\u00e4k\u00e4l\u00e4isten ihmisten yritteli\u00e4isyyden, luovuuden ja saavutusten takia. T\u00e4\u00e4ll\u00e4 ajatellaan suuria, ja kaikki se, mihin ryhdyt\u00e4\u00e4n, on teht\u00e4v\u00e4 mahdollisimman tasokkaasti \u2013 olivatpa kyseess\u00e4 sitten kes\u00e4festivaalit, teatteriesitykset, katujuhlat, paikalliset ravintolat ja kahvilat, mutta my\u00f6s korkean teknologian pakettiautomaatit, s\u00e4ngyt ja IT-ratkaisut. Kaiken lis\u00e4ksi viljantilaiset pit\u00e4v\u00e4t aina toistensa puolta, iloisin mielin ja hyv\u00e4ll\u00e4 huumorintajulla.<\/p>\n\n\n\n<figure class=\"wp-block-image size-large\"><a href=\"https:\/\/visitviljandi.ee\/wp-content\/uploads\/2022\/01\/IMG_3166.jpg\"><img loading=\"lazy\" decoding=\"async\" width=\"1024\" height=\"683\" src=\"https:\/\/visitviljandi.ee\/wp-content\/uploads\/2022\/01\/IMG_3166-1024x683.jpg\" alt=\"\" class=\"wp-image-424\" srcset=\"https:\/\/visitviljandi.ee\/wp-content\/uploads\/2022\/01\/IMG_3166-1024x683.jpg 1024w, https:\/\/visitviljandi.ee\/wp-content\/uploads\/2022\/01\/IMG_3166-300x200.jpg 300w, https:\/\/visitviljandi.ee\/wp-content\/uploads\/2022\/01\/IMG_3166-768x512.jpg 768w, https:\/\/visitviljandi.ee\/wp-content\/uploads\/2022\/01\/IMG_3166.jpg 1200w\" sizes=\"auto, (max-width: 1024px) 100vw, 1024px\" \/><\/a><\/figure>\n\n\n\n<h2 class=\"wp-block-heading\" id=\"meikalaiset-arvostavat-yhteisollisyytta\">Meik\u00e4l\u00e4iset arvostavat yhteis\u00f6llisyytt\u00e4&#8230;<\/h2>\n\n\n\n<p>Yhdess\u00e4 vied\u00e4\u00e4n lapset kouluun, avataan katukahvila tai j\u00e4rjestet\u00e4\u00e4n kaupungiosap\u00e4ivi\u00e4. Yhdess\u00e4 puolustetaan sit\u00e4, ett\u00e4 kotiseutu kehittyisi ja olisi turvallinen. Viljandi on kapeiden katujen, viihtyisien puutalojen ja laiskasti puutarha-aitojen vieritse kuljeksivien kissojen kaupunki. Se on \u00e4lykk\u00e4iden tehtaiden, innovatiivisten teknologioiden ja vienti\u00e4 harjoittavan teollisuuden kaupunki. Viljandi on my\u00f6s yliopistokaupunki, johon uusi sis\u00e4\u00e4n kirjautuvien sukupolvi tuo joka syksy nuorekasta raikkautta.<\/p>\n\n\n\n<p>Tule osaksi yhteis\u00f6\u00e4mme!<\/p>\n\n\n\n<h2 class=\"wp-block-heading\" id=\"tule-asumaan-viljandiin\">Tule asumaan Viljandiin!<\/h2>\n\n\n\n<figure class=\"wp-block-image size-large\"><a href=\"https:\/\/visitviljandi.ee\/wp-content\/uploads\/2022\/01\/IMG_3210.jpg\"><img loading=\"lazy\" decoding=\"async\" width=\"1024\" height=\"683\" src=\"https:\/\/visitviljandi.ee\/wp-content\/uploads\/2022\/01\/IMG_3210-1024x683.jpg\" alt=\"\" class=\"wp-image-431\" srcset=\"https:\/\/visitviljandi.ee\/wp-content\/uploads\/2022\/01\/IMG_3210-1024x683.jpg 1024w, https:\/\/visitviljandi.ee\/wp-content\/uploads\/2022\/01\/IMG_3210-300x200.jpg 300w, https:\/\/visitviljandi.ee\/wp-content\/uploads\/2022\/01\/IMG_3210-768x512.jpg 768w, https:\/\/visitviljandi.ee\/wp-content\/uploads\/2022\/01\/IMG_3210.jpg 1200w\" sizes=\"auto, (max-width: 1024px) 100vw, 1024px\" \/><\/a><\/figure>\n","protected":false},"excerpt":{"rendered":"<p>Viljandin el\u00e4m\u00e4 odottaa sinua! Viljandi on todellinen suurkaupunki&#8230; Ei ehk\u00e4 ihmisten m\u00e4\u00e4r\u00e4n tai talojen korkeuden vuoksi, vaan t\u00e4k\u00e4l\u00e4isten ihmisten yritteli\u00e4isyyden, luovuuden ja saavutusten takia. T\u00e4\u00e4ll\u00e4 ajatellaan suuria, ja kaikki se, mihin ryhdyt\u00e4\u00e4n, on teht\u00e4v\u00e4 mahdollisimman tasokkaasti \u2013 olivatpa kyseess\u00e4 sitten kes\u00e4festivaalit, teatteriesitykset, katujuhlat, paikalliset ravintolat ja kahvilat, mutta my\u00f6s korkean teknologian pakettiautomaatit, s\u00e4ngyt ja IT-ratkaisut. [&hellip;]<\/p>\n","protected":false},"author":4,"featured_media":0,"parent":0,"menu_order":0,"comment_status":"closed","ping_status":"closed","template":"","meta":{"_acf_changed":false,"inline_featured_image":false,"footnotes":""},"class_list":["post-320","page","type-page","status-publish","hentry"],"acf":[],"_links":{"self":[{"href":"https:\/\/visitviljandi.ee\/fi\/wp-json\/wp\/v2\/pages\/320","targetHints":{"allow":["GET"]}}],"collection":[{"href":"https:\/\/visitviljandi.ee\/fi\/wp-json\/wp\/v2\/pages"}],"about":[{"href":"https:\/\/visitviljandi.ee\/fi\/wp-json\/wp\/v2\/types\/page"}],"author":[{"embeddable":true,"href":"https:\/\/visitviljandi.ee\/fi\/wp-json\/wp\/v2\/users\/4"}],"replies":[{"embeddable":true,"href":"https:\/\/visitviljandi.ee\/fi\/wp-json\/wp\/v2\/comments?post=320"}],"version-history":[{"count":2,"href":"https:\/\/visitviljandi.ee\/fi\/wp-json\/wp\/v2\/pages\/320\/revisions"}],"predecessor-version":[{"id":440,"href":"https:\/\/visitviljandi.ee\/fi\/wp-json\/wp\/v2\/pages\/320\/revisions\/440"}],"wp:attachment":[{"href":"https:\/\/visitviljandi.ee\/fi\/wp-json\/wp\/v2\/media?parent=320"}],"curies":[{"name":"wp","href":"https:\/\/api.w.org\/{rel}","templated":true}]}}