{"id":295,"date":"2022-01-28T15:23:43","date_gmt":"2022-01-28T13:23:43","guid":{"rendered":"https:\/\/visitviljandi.ee\/?page_id=295"},"modified":"2022-01-28T15:23:43","modified_gmt":"2022-01-28T13:23:43","slug":"urheilu-ja-leirit","status":"publish","type":"page","link":"https:\/\/visitviljandi.ee\/fi\/tuletko-kylaan\/urheilu-ja-leirit\/","title":{"rendered":"Urheilu ja leirit"},"content":{"rendered":"\n<p>Viljandi-j\u00e4rven rannalla sijaitseva urheilukeskus tarjoaa ihanteelliset mahdollisuudet yksil\u00f6- ja joukkueharjoitteluihin. Majoituspaikkojen l\u00e4heisyys tarkoittaa, ett\u00e4 kaupunki on loistava paikka j\u00e4rjest\u00e4\u00e4 urheiluleirej\u00e4.<\/p>\n\n\n\n<p><strong>Mahdollisuuksia j\u00e4rven rannalla<\/strong>: kaupunginstadion, tekonurmikentt\u00e4, monitoimih\u00e4kki, tennishiekkakent\u00e4t, soutukeskus, melontakeskus, katukoripallo, rantalentopallo, rantatennis, rantajalkapallo, petanque, ulkoilmakuntosali, avovesiuimala, maastopolku j\u00e4rven ymp\u00e4ri, kuntoportaat, veneily.<\/p>\n\n\n\n<p>Kaupungissa on my\u00f6s kuntosaleja, useita voimistelusaleja, sis\u00e4tenniskentt\u00e4, tekonurmikentt\u00e4, uimahalli, keilahalli, j\u00e4\u00e4halli<\/p>\n\n\n\n<p>Jos olet kiinnostunut harjoittelusta Viljandissa, ota meihin yhteytt\u00e4!<\/p>\n\n\n\n<p>Mati J\u00fcrisson, Viljandin urheilukeskuksen johtaja, puhelin +372 520 0454, s\u00e4hk\u00f6posti&nbsp;<a href=\"mailto:mati.jyrisson@viljandi.ee\">mati.jyrisson@viljandi.ee<\/a><\/p>\n\n\n\n<p>Ott Ahonen, Viljandin tenniskeskuksen johtaja, puhelin +372 5649 4381, s\u00e4hk\u00f6posti\u00a0<a href=\"mailto:ott@viljanditennis.ee\">ott@viljanditennis.ee<\/a><\/p>\n","protected":false},"excerpt":{"rendered":"<p>Viljandi-j\u00e4rven rannalla sijaitseva urheilukeskus tarjoaa ihanteelliset mahdollisuudet yksil\u00f6- ja joukkueharjoitteluihin. Majoituspaikkojen l\u00e4heisyys tarkoittaa, ett\u00e4 kaupunki on loistava paikka j\u00e4rjest\u00e4\u00e4 urheiluleirej\u00e4. Mahdollisuuksia j\u00e4rven rannalla: kaupunginstadion, tekonurmikentt\u00e4, monitoimih\u00e4kki, tennishiekkakent\u00e4t, soutukeskus, melontakeskus, katukoripallo, rantalentopallo, rantatennis, rantajalkapallo, petanque, ulkoilmakuntosali, avovesiuimala, maastopolku j\u00e4rven ymp\u00e4ri, kuntoportaat, veneily. Kaupungissa on my\u00f6s kuntosaleja, useita voimistelusaleja, sis\u00e4tenniskentt\u00e4, tekonurmikentt\u00e4, uimahalli, keilahalli, j\u00e4\u00e4halli Jos olet kiinnostunut [&hellip;]<\/p>\n","protected":false},"author":4,"featured_media":829,"parent":327,"menu_order":0,"comment_status":"closed","ping_status":"closed","template":"","meta":{"_acf_changed":false,"inline_featured_image":false,"footnotes":""},"class_list":["post-295","page","type-page","status-publish","has-post-thumbnail","hentry"],"acf":[],"_links":{"self":[{"href":"https:\/\/visitviljandi.ee\/fi\/wp-json\/wp\/v2\/pages\/295","targetHints":{"allow":["GET"]}}],"collection":[{"href":"https:\/\/visitviljandi.ee\/fi\/wp-json\/wp\/v2\/pages"}],"about":[{"href":"https:\/\/visitviljandi.ee\/fi\/wp-json\/wp\/v2\/types\/page"}],"author":[{"embeddable":true,"href":"https:\/\/visitviljandi.ee\/fi\/wp-json\/wp\/v2\/users\/4"}],"replies":[{"embeddable":true,"href":"https:\/\/visitviljandi.ee\/fi\/wp-json\/wp\/v2\/comments?post=295"}],"version-history":[{"count":1,"href":"https:\/\/visitviljandi.ee\/fi\/wp-json\/wp\/v2\/pages\/295\/revisions"}],"predecessor-version":[{"id":296,"href":"https:\/\/visitviljandi.ee\/fi\/wp-json\/wp\/v2\/pages\/295\/revisions\/296"}],"up":[{"embeddable":true,"href":"https:\/\/visitviljandi.ee\/fi\/wp-json\/wp\/v2\/pages\/327"}],"wp:featuredmedia":[{"embeddable":true,"href":"https:\/\/visitviljandi.ee\/fi\/wp-json\/wp\/v2\/media\/829"}],"wp:attachment":[{"href":"https:\/\/visitviljandi.ee\/fi\/wp-json\/wp\/v2\/media?parent=295"}],"curies":[{"name":"wp","href":"https:\/\/api.w.org\/{rel}","templated":true}]}}