{"id":285,"date":"2022-01-28T15:19:59","date_gmt":"2022-01-28T13:19:59","guid":{"rendered":"https:\/\/visitviljandi.ee\/?page_id=285"},"modified":"2025-04-29T09:54:46","modified_gmt":"2025-04-29T06:54:46","slug":"kuinka-viljandiin-tullaan","status":"publish","type":"page","link":"https:\/\/visitviljandi.ee\/fi\/tuletko-kylaan\/kuinka-viljandiin-tullaan\/","title":{"rendered":"Kuinka Viljandiin tullaan?"},"content":{"rendered":"\n<p>Linja-autot kulkevat reitill\u00e4&nbsp;<strong>Viljandi &#8211; Tallinna<\/strong>&nbsp;klo 6:sta l\u00e4htien klo 19:\u00e4\u00e4n saakka noin tunnin v\u00e4lein. Lippujen hinnat ovat 7\u201310 \u20ac.<\/p>\n\n\n\n<p>Reitill\u00e4&nbsp;<strong>Viljandi-Tartto<\/strong>&nbsp;linja-autot kulkevat klo 6.25\u201320.25 noin tunnin v\u00e4lein. Lippujen ovat hinnat keskim\u00e4\u00e4rin 5 \u20ac.<\/p>\n\n\n\n<p>Reitill\u00e4&nbsp;<strong>Viljandi &#8211; P\u00e4rnu<\/strong>&nbsp;linja-autot kulkevat klo 6.55\u201318.40 noin tunnin v\u00e4lein. Lippujen hinnat ovat keskim\u00e4\u00e4rin 5 \u20ac.<\/p>\n\n\n\n<p>L\u00f6yd\u00e4t tarkat l\u00e4ht\u00f6ajat ja lippuja koskevat tiedot&nbsp;<a href=\"https:\/\/www.tpilet.ee\/en\/\" target=\"_blank\" rel=\"noreferrer noopener\">T\u00c4\u00c4LT\u00c4<\/a><\/p>\n\n\n\n<p><strong>Viljandilla on junayhteys Tallinnaan<\/strong>\u00a0kuusi kertaa p\u00e4iv\u00e4ss\u00e4 seitsem\u00e4n\u00e4 p\u00e4iv\u00e4n\u00e4 viikossa. Bussit kulkevat Viljandin rautatieasemalta keskustaan heti junan saavuttua asemalle. Bussilipun hinta on 2 \u20ac. Asemalla on tavallisesti odottamassa my\u00f6s takseja, joiden minimitaksa on 4 euroa.<\/p>\n\n\n\n<p>Juna-aikataulut l\u00f6ytyv\u00e4t&nbsp;<a href=\"https:\/\/elron.pilet.ee\/en\" target=\"_blank\" rel=\"noreferrer noopener\">T\u00c4\u00c4LT\u00c4<\/a><\/p>\n\n\n\n<p><strong>Et\u00e4isyys muista kaupungeista:<\/strong>&nbsp;Tallinna 161 km, Tartto 81 km, P\u00e4rnu 97 km, Riika 245 km, Pietari 393 km, Helsinki 247 km, Tukholma 580 km.<\/p>\n\n\n\n<p><strong>Kun tulet Tallinnasta<\/strong>, k\u00e4\u00e4nny Imaveressa Tallinna\u2013Tarttto-moottoritielt\u00e4 (2) Imavere\u2013Viljandi\u2013Karksi-Nuia-maantielle (49).<\/p>\n\n\n\n<p><strong>Riiasta tultaessa<\/strong>&nbsp;k\u00e4\u00e4nny H\u00e4\u00e4demeesten huoltoaseman kohdalta oikealle T\u00f5itoja-H\u00e4\u00e4demeesten tielle (330). Saavuttuasi Valga\u2013Uulu-tielle (6) aja Kilingi-N\u00f5mmeen asti, ja kun olet ohittanut taajaman, k\u00e4\u00e4nny vasemmalle Tartu\u2013Viljandi\u2013Kilingi-N\u00f5mme-tielle (92).<\/p>\n","protected":false},"excerpt":{"rendered":"<p>Linja-autot kulkevat reitill\u00e4&nbsp;Viljandi &#8211; Tallinna&nbsp;klo 6:sta l\u00e4htien klo 19:\u00e4\u00e4n saakka noin tunnin v\u00e4lein. Lippujen hinnat ovat 7\u201310 \u20ac. Reitill\u00e4&nbsp;Viljandi-Tartto&nbsp;linja-autot kulkevat klo 6.25\u201320.25 noin tunnin v\u00e4lein. Lippujen ovat hinnat keskim\u00e4\u00e4rin 5 \u20ac. Reitill\u00e4&nbsp;Viljandi &#8211; P\u00e4rnu&nbsp;linja-autot kulkevat klo 6.55\u201318.40 noin tunnin v\u00e4lein. Lippujen hinnat ovat keskim\u00e4\u00e4rin 5 \u20ac. L\u00f6yd\u00e4t tarkat l\u00e4ht\u00f6ajat ja lippuja koskevat tiedot&nbsp;T\u00c4\u00c4LT\u00c4 Viljandilla on [&hellip;]<\/p>\n","protected":false},"author":4,"featured_media":860,"parent":327,"menu_order":0,"comment_status":"closed","ping_status":"closed","template":"","meta":{"_acf_changed":false,"inline_featured_image":false,"footnotes":""},"class_list":["post-285","page","type-page","status-publish","has-post-thumbnail","hentry"],"acf":[],"_links":{"self":[{"href":"https:\/\/visitviljandi.ee\/fi\/wp-json\/wp\/v2\/pages\/285","targetHints":{"allow":["GET"]}}],"collection":[{"href":"https:\/\/visitviljandi.ee\/fi\/wp-json\/wp\/v2\/pages"}],"about":[{"href":"https:\/\/visitviljandi.ee\/fi\/wp-json\/wp\/v2\/types\/page"}],"author":[{"embeddable":true,"href":"https:\/\/visitviljandi.ee\/fi\/wp-json\/wp\/v2\/users\/4"}],"replies":[{"embeddable":true,"href":"https:\/\/visitviljandi.ee\/fi\/wp-json\/wp\/v2\/comments?post=285"}],"version-history":[{"count":2,"href":"https:\/\/visitviljandi.ee\/fi\/wp-json\/wp\/v2\/pages\/285\/revisions"}],"predecessor-version":[{"id":514635,"href":"https:\/\/visitviljandi.ee\/fi\/wp-json\/wp\/v2\/pages\/285\/revisions\/514635"}],"up":[{"embeddable":true,"href":"https:\/\/visitviljandi.ee\/fi\/wp-json\/wp\/v2\/pages\/327"}],"wp:featuredmedia":[{"embeddable":true,"href":"https:\/\/visitviljandi.ee\/fi\/wp-json\/wp\/v2\/media\/860"}],"wp:attachment":[{"href":"https:\/\/visitviljandi.ee\/fi\/wp-json\/wp\/v2\/media?parent=285"}],"curies":[{"name":"wp","href":"https:\/\/api.w.org\/{rel}","templated":true}]}}