{"id":264,"date":"2022-01-28T15:03:22","date_gmt":"2022-01-28T13:03:22","guid":{"rendered":"https:\/\/visitviljandi.ee\/?page_id=264"},"modified":"2022-01-28T15:03:23","modified_gmt":"2022-01-28T13:03:23","slug":"koulu-ja-yliopisto","status":"publish","type":"page","link":"https:\/\/visitviljandi.ee\/fi\/asetut-asumaan\/koulu-ja-yliopisto\/","title":{"rendered":"Koulu ja yliopisto"},"content":{"rendered":"\n<h2 class=\"wp-block-heading\" id=\"koulutus-viljandissa\">Koulutus Viljandissa<\/h2>\n\n\n\n<p>Viljandissa on kolme peruskoulua ja erityiskoulu. Lukio-opinnot suoritetaan Viljandin lukiossa, joka on nykyaikainen valtion koulu. Viljandissa on my\u00f6s aikuisten kuntosali.<\/p>\n\n\n\n<p>Kaupunki tarjoaa huipputasoista harrastuspohjaista koulutusta taidekoulussa, musiikkikoulussa, urheilukoulussa ja muuta koulutusta mielenkiinnon mukaan. Lis\u00e4ksi kaupungissa on kaksi yksityist\u00e4 koulua.<\/p>\n\n\n\n<p>Viljandin kaupungin vieress\u00e4 Vana-V\u00f5idussa on Viljandin ammatillinen koulutuskeskus, jossa koulutetaan huipputason asiantuntijoita eri el\u00e4m\u00e4naloille.<\/p>\n\n\n\n<h2 class=\"wp-block-heading\" id=\"kaupungin-stipendit\">Kaupungin stipendit<\/h2>\n\n\n\n<p>Viljandin kaupunki pit\u00e4\u00e4 nuoriaan t\u00e4rkein\u00e4, ja siksi on mahdollista hakea kaupunginhallitukselta useita apurahoja.<\/p>\n\n\n\n<h2 class=\"wp-block-heading\" id=\"tarton-yliopiston-viljandin-kulttuuriakatemia\">Tarton yliopiston Viljandin kulttuuriakatemia<\/h2>\n\n\n\n<p>Tarton yliopiston Viljandin kulttuuriakatemia tarjoaa koulutusta yli 700 opiskelijalle nelj\u00e4ll\u00e4 osastolla. Akatemiassa on mahdollista saada sek\u00e4 ammattikorkeakouluopetusta ett\u00e4 suorittaa kandidaatin ja maisterin tutkintoja.<\/p>\n\n\n\n<p>Akatemia on t\u00e4rke\u00e4 kumppani kaupungille erilaisten tapahtumien j\u00e4rjest\u00e4misess\u00e4 ja vieraiden is\u00e4nn\u00f6inniss\u00e4. Lis\u00e4ksi monet opiskelijatapahtumat rikastuttavat kaupungin kulttuuriel\u00e4m\u00e4\u00e4 ymp\u00e4ri vuoden.<\/p>\n","protected":false},"excerpt":{"rendered":"<p>Koulutus Viljandissa Viljandissa on kolme peruskoulua ja erityiskoulu. Lukio-opinnot suoritetaan Viljandin lukiossa, joka on nykyaikainen valtion koulu. Viljandissa on my\u00f6s aikuisten kuntosali. Kaupunki tarjoaa huipputasoista harrastuspohjaista koulutusta taidekoulussa, musiikkikoulussa, urheilukoulussa ja muuta koulutusta mielenkiinnon mukaan. Lis\u00e4ksi kaupungissa on kaksi yksityist\u00e4 koulua. Viljandin kaupungin vieress\u00e4 Vana-V\u00f5idussa on Viljandin ammatillinen koulutuskeskus, jossa koulutetaan huipputason asiantuntijoita eri el\u00e4m\u00e4naloille. [&hellip;]<\/p>\n","protected":false},"author":4,"featured_media":835,"parent":320,"menu_order":0,"comment_status":"closed","ping_status":"closed","template":"","meta":{"_acf_changed":false,"inline_featured_image":false,"footnotes":""},"class_list":["post-264","page","type-page","status-publish","has-post-thumbnail","hentry"],"acf":[],"_links":{"self":[{"href":"https:\/\/visitviljandi.ee\/fi\/wp-json\/wp\/v2\/pages\/264","targetHints":{"allow":["GET"]}}],"collection":[{"href":"https:\/\/visitviljandi.ee\/fi\/wp-json\/wp\/v2\/pages"}],"about":[{"href":"https:\/\/visitviljandi.ee\/fi\/wp-json\/wp\/v2\/types\/page"}],"author":[{"embeddable":true,"href":"https:\/\/visitviljandi.ee\/fi\/wp-json\/wp\/v2\/users\/4"}],"replies":[{"embeddable":true,"href":"https:\/\/visitviljandi.ee\/fi\/wp-json\/wp\/v2\/comments?post=264"}],"version-history":[{"count":1,"href":"https:\/\/visitviljandi.ee\/fi\/wp-json\/wp\/v2\/pages\/264\/revisions"}],"predecessor-version":[{"id":265,"href":"https:\/\/visitviljandi.ee\/fi\/wp-json\/wp\/v2\/pages\/264\/revisions\/265"}],"up":[{"embeddable":true,"href":"https:\/\/visitviljandi.ee\/fi\/wp-json\/wp\/v2\/pages\/320"}],"wp:featuredmedia":[{"embeddable":true,"href":"https:\/\/visitviljandi.ee\/fi\/wp-json\/wp\/v2\/media\/835"}],"wp:attachment":[{"href":"https:\/\/visitviljandi.ee\/fi\/wp-json\/wp\/v2\/media?parent=264"}],"curies":[{"name":"wp","href":"https:\/\/api.w.org\/{rel}","templated":true}]}}