{"id":262,"date":"2022-01-28T15:02:40","date_gmt":"2022-01-28T13:02:40","guid":{"rendered":"https:\/\/visitviljandi.ee\/?page_id=262"},"modified":"2022-01-28T15:02:41","modified_gmt":"2022-01-28T13:02:41","slug":"tyo-ja-koti","status":"publish","type":"page","link":"https:\/\/visitviljandi.ee\/fi\/asetut-asumaan\/tyo-ja-koti\/","title":{"rendered":"Ty\u00f6 ja koti"},"content":{"rendered":"\n<h2 class=\"wp-block-heading\" id=\"tyopaikat-viljandissa\">Ty\u00f6paikat Viljandissa<\/h2>\n\n\n\n<ul class=\"wp-block-list\"><li><a rel=\"noreferrer noopener\" href=\"https:\/\/www.cvkeskus.ee\/joboffers.php?_track=index_click_job_search&amp;op=search&amp;search_location=landingpage&amp;dummy_locations=21&amp;search%5Bkeyword%5D=&amp;tmp_city=&amp;search%5Blocations%5D%5B%5D=21&amp;tmp_cat=&amp;tmp_city=&amp;dummy_search%5Blocations%5D%5B%5D=21&amp;tmp_category=&amp;search%5Bkeyword%5D=&amp;search%5Bexpires_days%5D=&amp;search%5Bjob_lang%5D=&amp;search%5Bjob_minimumpay%5D=&amp;search%5Bjob_maximumpay%5D=&amp;search%5Bjob_currency%5D=EUR&amp;search%5Bjob_salary%5D=3#start\" target=\"_blank\">cvkeskus.ee<\/a><\/li><li><a rel=\"noreferrer noopener\" href=\"http:\/\/www.cv.ee\/toopakkumised\/viljandimaa\" target=\"_blank\">cv.ee<\/a><\/li><li><a rel=\"noreferrer noopener\" href=\"https:\/\/www.tootukassa.ee\/toopakkumised?category_id=all&amp;location_id=84&amp;education_id=all&amp;job_type_id=all&amp;general_area_id=all&amp;area_id=all\" target=\"_blank\">T\u00f6\u00f6tukassa<\/a><\/li><li><a rel=\"noreferrer noopener\" href=\"http:\/\/www.viljandi.ee\/vabad-tookohad\" target=\"_blank\">Viljandi linnavalitsus<\/a><\/li><\/ul>\n\n\n\n<h2 class=\"wp-block-heading\" id=\"kiinteistot-viljandissa\">Kiinteist\u00f6t Viljandissa<\/h2>\n\n\n\n<ul class=\"wp-block-list\"><li><a rel=\"noreferrer noopener\" href=\"http:\/\/www.arcovara.ee\/et\/viljandi\" target=\"_blank\">Arco Vara<\/a><\/li><li><a rel=\"noreferrer noopener\" href=\"http:\/\/www.domuskinnisvara.ee\/\" target=\"_blank\">Domus Kinnisvara<\/a>\u00a0<\/li><li><a rel=\"noreferrer noopener\" href=\"http:\/\/eurohaus.ee\/\" target=\"_blank\">Eurohaus<\/a><\/li><li><a rel=\"noreferrer noopener\" href=\"http:\/\/kinnisvaraportaal-kv-ee.postimees.ee\/\" target=\"_blank\">KV<\/a><\/li><li><a rel=\"noreferrer noopener\" href=\"http:\/\/linnagrupp.ee\/\" target=\"_blank\">Linna Grupp<\/a>\u00a0<\/li><li><a rel=\"noreferrer noopener\" href=\"http:\/\/markee.ee\/viljandi\/\" target=\"_blank\">Markee Kinnisvara<\/a>\u00a0<\/li><li><a rel=\"noreferrer noopener\" href=\"http:\/\/www.pindi.ee\/\" target=\"_blank\">Pindi Kinnisvara<\/a>\u00a0<\/li><li><a rel=\"noreferrer noopener\" href=\"http:\/\/www.uusmaa.ee\/\" target=\"_blank\">Uus Maa<\/a><\/li><li><a rel=\"noreferrer noopener\" href=\"https:\/\/www.lahekinnisvara.ee\/objekt\/?county=Viljandimaa&amp;city=Viljandi\" target=\"_blank\">Lahe Kinnisvara<\/a><\/li><\/ul>\n","protected":false},"excerpt":{"rendered":"<p>Ty\u00f6paikat Viljandissa cvkeskus.ee cv.ee T\u00f6\u00f6tukassa Viljandi linnavalitsus Kiinteist\u00f6t Viljandissa Arco Vara Domus Kinnisvara\u00a0 Eurohaus KV Linna Grupp\u00a0 Markee Kinnisvara\u00a0 Pindi Kinnisvara\u00a0 Uus Maa Lahe Kinnisvara<\/p>\n","protected":false},"author":4,"featured_media":853,"parent":320,"menu_order":0,"comment_status":"closed","ping_status":"closed","template":"","meta":{"_acf_changed":false,"inline_featured_image":false,"footnotes":""},"class_list":["post-262","page","type-page","status-publish","has-post-thumbnail","hentry"],"acf":[],"_links":{"self":[{"href":"https:\/\/visitviljandi.ee\/fi\/wp-json\/wp\/v2\/pages\/262","targetHints":{"allow":["GET"]}}],"collection":[{"href":"https:\/\/visitviljandi.ee\/fi\/wp-json\/wp\/v2\/pages"}],"about":[{"href":"https:\/\/visitviljandi.ee\/fi\/wp-json\/wp\/v2\/types\/page"}],"author":[{"embeddable":true,"href":"https:\/\/visitviljandi.ee\/fi\/wp-json\/wp\/v2\/users\/4"}],"replies":[{"embeddable":true,"href":"https:\/\/visitviljandi.ee\/fi\/wp-json\/wp\/v2\/comments?post=262"}],"version-history":[{"count":1,"href":"https:\/\/visitviljandi.ee\/fi\/wp-json\/wp\/v2\/pages\/262\/revisions"}],"predecessor-version":[{"id":263,"href":"https:\/\/visitviljandi.ee\/fi\/wp-json\/wp\/v2\/pages\/262\/revisions\/263"}],"up":[{"embeddable":true,"href":"https:\/\/visitviljandi.ee\/fi\/wp-json\/wp\/v2\/pages\/320"}],"wp:featuredmedia":[{"embeddable":true,"href":"https:\/\/visitviljandi.ee\/fi\/wp-json\/wp\/v2\/media\/853"}],"wp:attachment":[{"href":"https:\/\/visitviljandi.ee\/fi\/wp-json\/wp\/v2\/media?parent=262"}],"curies":[{"name":"wp","href":"https:\/\/api.w.org\/{rel}","templated":true}]}}