{"id":177632,"date":"2023-05-02T13:19:08","date_gmt":"2023-05-02T11:19:08","guid":{"rendered":"https:\/\/visitviljandi.ee\/?page_id=177632"},"modified":"2023-07-06T10:32:39","modified_gmt":"2023-07-06T07:32:39","slug":"matkailuautolla-tai-vaunulla-viron-sydamessa-keski-viro-viljandi-ja-mulgimaa","status":"publish","type":"page","link":"https:\/\/visitviljandi.ee\/fi\/matkailuautolla-tai-vaunulla-viron-sydamessa-keski-viro-viljandi-ja-mulgimaa\/","title":{"rendered":"Matkailuautolla tai -vaunulla Viron syd\u00e4mess\u00e4: Keski-Viro, Viljandi ja Mulgimaa"},"content":{"rendered":"\n<p><strong>Parhaat kohteet, y\u00f6pymispaikat ja n\u00e4ht\u00e4vyydet<\/strong><\/p>\n\n\n\n<p>Matkailuautolla tai asuntovaunulla liikkuminen on erinomainen tapa viett\u00e4\u00e4 yhteist\u00e4 laatuaikaa perheen ja yst\u00e4vien kanssa. V\u00e4h\u00e4ll\u00e4 vaivalla voit l\u00f6yt\u00e4\u00e4 itsellesi sopivan ja kiinnostavan kohteen. Automatka Viron syd\u00e4mess\u00e4 tarjoaa kauniita maisemia ja mahdollisuuden tutustua paikalliskulttuureihin. T\u00e4st\u00e4 artikkelista l\u00f6yd\u00e4t tietoa Keski-Viron kohteista <a href=\"https:\/\/www.visitestonia.com\/fi\/valgehobusemaen-hiihto-ja-lomakeskuksen-matkakoti\" target=\"_blank\" rel=\"noreferrer noopener\"><strong>Valgehobusem\u00e4elt\u00e4<\/strong><\/a><strong> <a href=\"https:\/\/visittorva.ee\/en\/\" target=\"_blank\" rel=\"noreferrer noopener\">T\u00f5rvaan<\/a><\/strong> ja <strong><a href=\"https:\/\/visitpoltsamaa.com\/fi\/\" target=\"_blank\" rel=\"noreferrer noopener\">P\u00f5ltsamaalta<\/a> <\/strong><a href=\"https:\/\/visitviljandi.ee\/fi\/maakunta\/soomaa\/\" target=\"_blank\" rel=\"noreferrer noopener\"><strong>Soomaalle<\/strong><\/a>.<\/p>\n\n\n\n<figure class=\"wp-block-image size-large\"><a href=\"https:\/\/visitviljandi.ee\/wp-content\/uploads\/2023\/04\/Matkaauto_Magede_kulas_Autor_Margus_Kontus-edited.jpg\"><img loading=\"lazy\" decoding=\"async\" width=\"1024\" height=\"576\" src=\"https:\/\/visitviljandi.ee\/wp-content\/uploads\/2023\/04\/Matkaauto_Magede_kulas_Autor_Margus_Kontus-edited-1024x576.jpg\" alt=\"\" class=\"wp-image-172129\" srcset=\"https:\/\/visitviljandi.ee\/wp-content\/uploads\/2023\/04\/Matkaauto_Magede_kulas_Autor_Margus_Kontus-edited-1024x576.jpg 1024w, https:\/\/visitviljandi.ee\/wp-content\/uploads\/2023\/04\/Matkaauto_Magede_kulas_Autor_Margus_Kontus-edited-300x169.jpg 300w, https:\/\/visitviljandi.ee\/wp-content\/uploads\/2023\/04\/Matkaauto_Magede_kulas_Autor_Margus_Kontus-edited-768x432.jpg 768w, https:\/\/visitviljandi.ee\/wp-content\/uploads\/2023\/04\/Matkaauto_Magede_kulas_Autor_Margus_Kontus-edited-1536x864.jpg 1536w, https:\/\/visitviljandi.ee\/wp-content\/uploads\/2023\/04\/Matkaauto_Magede_kulas_Autor_Margus_Kontus-edited.jpg 1920w\" sizes=\"auto, (max-width: 1024px) 100vw, 1024px\" \/><\/a><figcaption class=\"wp-element-caption\">Matkailuauto Ma\u0308geden kyl\u00e4ss\u00e4. Kuvaaja: Margus Kontus<\/figcaption><\/figure>\n\n\n\n<p>Keski-Viroon tutustumisen voi aloittaa vaikkapa <a href=\"https:\/\/visitjarva.ee\/imetledes-jarvamaad\/?lang=en\" target=\"_blank\" rel=\"noreferrer noopener\"><strong>J\u00e4rvamaalta<\/strong><\/a>, joka tunnetaan upeista luontokohteista ja retkeilyreiteist\u00e4. <a href=\"https:\/\/www.visitestonia.com\/fi\/kakerdajan-rameen-retkipolku-2\" target=\"_blank\" rel=\"noreferrer noopener\"><strong>Kakerdajan<\/strong><\/a>, <a href=\"https:\/\/www.visitestonia.com\/fi\/kodrun-rameen-retkipolku\" target=\"_blank\" rel=\"noreferrer noopener\"><strong>Kodrun<\/strong><\/a>, <a href=\"https:\/\/www.visitestonia.com\/fi\/vaatsan-luonnonsuojelualueen-vaellusreitti\" target=\"_blank\" rel=\"noreferrer noopener\"><strong>V\u00e4\u00e4tsan<\/strong><\/a><strong> <\/strong>ja<strong> <\/strong><a href=\"https:\/\/visitjarva.ee\/matkarada-ule-seli-raba-simisalust-matsimaele\/?lang=en\" target=\"_blank\" rel=\"noreferrer noopener\"><strong>Selin<\/strong><\/a> suot ovat vain pintaraapaisu eri vaihtoehdoista. <a href=\"https:\/\/www.visitestonia.com\/en\/where-to-go\/north-estonia\/korvemaa-nature-reserve\" target=\"_blank\" rel=\"noreferrer noopener\"><strong>K\u00f5rvemaan<\/strong><\/a> luonnonsuojelualueella on useita y\u00f6pymismahdollisuuksia. Erinomaisia \u201cankkurointipaikkoja\u201d ovat esimerkiksi <a href=\"https:\/\/www.visitestonia.com\/fi\/valgehobusemaen-hiihto-ja-lomakeskuksen-matkakoti\" target=\"_blank\" rel=\"noreferrer noopener\"><strong>Valgehobusem\u00e4en hiihto- ja lomakeskus<\/strong><\/a><strong>, <\/strong><a href=\"https:\/\/visitjarva.ee\/jarva-jaani-kamping\/?lang=en\" target=\"_blank\" rel=\"noreferrer noopener\"><strong>J\u00e4rva-Jaani k\u00e4mping<\/strong><\/a><strong> ja <a href=\"https:\/\/visitjarva.ee\/rummusaare-puhke-ja-spordikeskus\/?lang=en\" target=\"_blank\" rel=\"noreferrer noopener\">Rummussaaren<\/a><\/strong><a href=\"https:\/\/visitjarva.ee\/rummusaare-puhke-ja-spordikeskus\/?lang=en\"><strong> lomakeskus<\/strong><\/a>.&nbsp;&nbsp;&nbsp;J\u00e4rvamaan maakunnan p\u00e4\u00e4kaupunki on <a href=\"https:\/\/visitjarva.ee\/paide-on-vaike-puust-linn\/?lang=en\" target=\"_blank\" rel=\"noreferrer noopener\"><strong>Paide<\/strong><\/a>. Kaupungin keskustassa <a href=\"https:\/\/www.visitestonia.com\/fi\/paiden-vallitorni-ja-ritarilinnan-rauniot-vallimaella\"><strong>Vallim\u00e4ell\u00e4<\/strong><\/a> sijaitsee yksi Viron korkeimpia keskiaikaisia linnoitustorneja. Kunnostetussa tornissa toimii <a href=\"https:\/\/www.visitestonia.com\/fi\/historiakeskus-wittenstein-paiden-vallitornissa-3\" target=\"_blank\" rel=\"noreferrer noopener\"><strong>Aikakeskus Wittenstein<\/strong><\/a>, joka kannattaa ehdottomasti laittaa matkasuunnitelmaan. L\u00e4hialueen museoiden kokoelmat valaisevat Viron historiaa eri n\u00e4k\u00f6kulmista. Karavaanareille suosittelemme&nbsp; pys\u00e4hdyspaikoiksi&nbsp; <a href=\"https:\/\/visitjarva.ee\/karavanautode-peatuskoht-vaatsa-jarve-kaldal\/?lang=en\"><strong>V\u00e4\u00e4tsaj\u00e4rven rantaa<\/strong><\/a><strong> <\/strong>tai Imaveress\u00e4<strong> <\/strong><a href=\"https:\/\/www.visitestonia.com\/fi\/ravintola-tikupoiss\" target=\"_blank\" rel=\"noreferrer noopener\"><strong>Tikupoisin <\/strong><\/a>parkkialuetta.&nbsp;<\/p>\n\n\n\n<div class=\"wp-block-columns is-layout-flex wp-container-core-columns-is-layout-9d6595d7 wp-block-columns-is-layout-flex\">\n<div class=\"wp-block-column is-layout-flow wp-block-column-is-layout-flow\">\n<figure class=\"wp-block-image size-large\"><a href=\"https:\/\/visitviljandi.ee\/wp-content\/uploads\/2023\/05\/Tikupoiss_Magnus_Heinmets-0046.jpg\"><img loading=\"lazy\" decoding=\"async\" width=\"1024\" height=\"683\" src=\"https:\/\/visitviljandi.ee\/wp-content\/uploads\/2023\/05\/Tikupoiss_Magnus_Heinmets-0046-1024x683.jpg\" alt=\"Tikupoiss. Kuvaaja: visitestonia x Magnus Heinmets\" class=\"wp-image-177633\" srcset=\"https:\/\/visitviljandi.ee\/wp-content\/uploads\/2023\/05\/Tikupoiss_Magnus_Heinmets-0046-1024x683.jpg 1024w, https:\/\/visitviljandi.ee\/wp-content\/uploads\/2023\/05\/Tikupoiss_Magnus_Heinmets-0046-300x200.jpg 300w, https:\/\/visitviljandi.ee\/wp-content\/uploads\/2023\/05\/Tikupoiss_Magnus_Heinmets-0046-768x512.jpg 768w, https:\/\/visitviljandi.ee\/wp-content\/uploads\/2023\/05\/Tikupoiss_Magnus_Heinmets-0046-1536x1025.jpg 1536w, https:\/\/visitviljandi.ee\/wp-content\/uploads\/2023\/05\/Tikupoiss_Magnus_Heinmets-0046.jpg 1920w\" sizes=\"auto, (max-width: 1024px) 100vw, 1024px\" \/><\/a><figcaption class=\"wp-element-caption\">Tikupoiss. Kuvaaja: visitestonia x Magnus Heinmets<\/figcaption><\/figure>\n<\/div>\n\n\n\n<div class=\"wp-block-column is-layout-flow wp-block-column-is-layout-flow\">\n<figure class=\"wp-block-image size-large\"><a href=\"https:\/\/visitviljandi.ee\/wp-content\/uploads\/2023\/04\/1_-1_false_false_f38c215a018445c8abc4e3e28b680dd7-edited.jpeg\"><img loading=\"lazy\" decoding=\"async\" width=\"1024\" height=\"768\" src=\"https:\/\/visitviljandi.ee\/wp-content\/uploads\/2023\/04\/1_-1_false_false_f38c215a018445c8abc4e3e28b680dd7-edited-1024x768.jpeg\" alt=\"Karavaanarien pys\u00e4hdyspaikka V\u00e4\u00e4tsaj\u00e4rven rannalla. L\u00e4hde: V\u00e4\u00e4tsa Weikpark.\" class=\"wp-image-172113\" srcset=\"https:\/\/visitviljandi.ee\/wp-content\/uploads\/2023\/04\/1_-1_false_false_f38c215a018445c8abc4e3e28b680dd7-edited-1024x768.jpeg 1024w, https:\/\/visitviljandi.ee\/wp-content\/uploads\/2023\/04\/1_-1_false_false_f38c215a018445c8abc4e3e28b680dd7-edited-300x225.jpeg 300w, https:\/\/visitviljandi.ee\/wp-content\/uploads\/2023\/04\/1_-1_false_false_f38c215a018445c8abc4e3e28b680dd7-edited-768x576.jpeg 768w, https:\/\/visitviljandi.ee\/wp-content\/uploads\/2023\/04\/1_-1_false_false_f38c215a018445c8abc4e3e28b680dd7-edited.jpeg 1440w\" sizes=\"auto, (max-width: 1024px) 100vw, 1024px\" \/><\/a><figcaption class=\"wp-element-caption\">Karavaanarien pys\u00e4hdyspaikka V\u00e4\u00e4tsaj\u00e4rven rannalla. L\u00e4hde: V\u00e4\u00e4tsa Weikpark.<\/figcaption><\/figure>\n<\/div>\n\n\n\n<div class=\"wp-block-column is-layout-flow wp-block-column-is-layout-flow\">\n<figure class=\"wp-block-image size-large\"><a href=\"https:\/\/visitviljandi.ee\/wp-content\/uploads\/2023\/04\/1_-1_false_false_bd64d3752e1e80c97fb18997a06e1288.jpeg\"><img loading=\"lazy\" decoding=\"async\" width=\"1024\" height=\"768\" src=\"https:\/\/visitviljandi.ee\/wp-content\/uploads\/2023\/04\/1_-1_false_false_bd64d3752e1e80c97fb18997a06e1288-1024x768.jpeg\" alt=\"Karavaanarien pys\u00e4hdyspaikka V\u00e4\u00e4tsaj\u00e4rven rannalla. L\u00e4hde: V\u00e4\u00e4tsa Weikpark.\" class=\"wp-image-172082\" srcset=\"https:\/\/visitviljandi.ee\/wp-content\/uploads\/2023\/04\/1_-1_false_false_bd64d3752e1e80c97fb18997a06e1288-1024x768.jpeg 1024w, https:\/\/visitviljandi.ee\/wp-content\/uploads\/2023\/04\/1_-1_false_false_bd64d3752e1e80c97fb18997a06e1288-300x225.jpeg 300w, https:\/\/visitviljandi.ee\/wp-content\/uploads\/2023\/04\/1_-1_false_false_bd64d3752e1e80c97fb18997a06e1288-768x576.jpeg 768w, https:\/\/visitviljandi.ee\/wp-content\/uploads\/2023\/04\/1_-1_false_false_bd64d3752e1e80c97fb18997a06e1288-1536x1152.jpeg 1536w, https:\/\/visitviljandi.ee\/wp-content\/uploads\/2023\/04\/1_-1_false_false_bd64d3752e1e80c97fb18997a06e1288.jpeg 1600w\" sizes=\"auto, (max-width: 1024px) 100vw, 1024px\" \/><\/a><figcaption class=\"wp-element-caption\">Karavaanarien pys\u00e4hdyspaikka V\u00e4\u00e4tsaj\u00e4rven rannalla. L\u00e4hde: V\u00e4\u00e4tsa Weikpark.<\/figcaption><\/figure>\n<\/div>\n<\/div>\n\n\n\n<p><a href=\"https:\/\/visitviljandi.ee\/fi\/\"><strong>Viljandin maakunta<\/strong><\/a> on ehdottomasti vierailun arvoinen. Sill\u00e4 on rikas ja monimuotoinen kulttuuri ja historia. Siell\u00e4 on lukuisia <a href=\"https:\/\/visitviljandi.ee\/fi\/places\/viljandin-ritarilinnan-rauniot\/\"><strong>Viljandin ritarilinnoituksen raunioiden<\/strong><\/a> kaltaisia historiallisia vierailukohteita. Vieh\u00e4tt\u00e4v\u00e4n y\u00f6pymispaikan l\u00f6yd\u00e4t <a href=\"https:\/\/visitviljandi.ee\/fi\/places\/viljandinjarvi\/\"><strong>Viljandij\u00e4rven<\/strong><\/a> rannalta <a href=\"https:\/\/visitviljandi.ee\/fi\/places\/sammulin-virkistyskyla\/\"><strong>Sammulin lomakyl\u00e4st\u00e4<\/strong><\/a>, <a href=\"https:\/\/visitviljandi.ee\/fi\/places\/voistren-lomakeskus\/\"><strong>V\u00f5istren lomakeskuksesta<\/strong><\/a> samannimisen j\u00e4rven rannalta tai aivan kaupungin syd\u00e4mest\u00e4 <a href=\"https:\/\/visitviljandi.ee\/fi\/places\/endla-kohvik-endlan-kahvila\/\"><strong>Endla hotellin<\/strong><\/a> tai <a href=\"https:\/\/visitviljandi.ee\/fi\/places\/felixin-talo\/\"><strong>Felixi Majan<\/strong><\/a> vierest\u00e4. My\u00f6s Viljandin kaupungin ulkopuolella on useita y\u00f6pymiseen sopivia pys\u00e4k\u00f6intialueita, kuten <a href=\"https:\/\/visitviljandi.ee\/fi\/places\/vaiblan-lomakeskus\/\"><strong>Vaiblan lomakeskuksen<\/strong><\/a> karavaanarialue <a href=\"https:\/\/visitviljandi.ee\/fi\/maakunta\/vortsjarvi\/\"><strong>V\u00f5rtsj\u00e4rven<\/strong><\/a> rannalla.<\/p>\n\n\n\n<div class=\"wp-block-columns is-layout-flex wp-container-core-columns-is-layout-9d6595d7 wp-block-columns-is-layout-flex\">\n<div class=\"wp-block-column is-layout-flow wp-block-column-is-layout-flow\">\n<figure class=\"wp-block-image size-large\"><a href=\"https:\/\/visitviljandi.ee\/wp-content\/uploads\/2023\/04\/Jaanituli-2013-48.jpg\"><img loading=\"lazy\" decoding=\"async\" width=\"1024\" height=\"768\" src=\"https:\/\/visitviljandi.ee\/wp-content\/uploads\/2023\/04\/Jaanituli-2013-48-1024x768.jpg\" alt=\"Vaibla Puhkekeskus. Allikas: Vaibla Puhkekeskus\" class=\"wp-image-172106\" srcset=\"https:\/\/visitviljandi.ee\/wp-content\/uploads\/2023\/04\/Jaanituli-2013-48-1024x768.jpg 1024w, https:\/\/visitviljandi.ee\/wp-content\/uploads\/2023\/04\/Jaanituli-2013-48-300x225.jpg 300w, https:\/\/visitviljandi.ee\/wp-content\/uploads\/2023\/04\/Jaanituli-2013-48-768x576.jpg 768w, https:\/\/visitviljandi.ee\/wp-content\/uploads\/2023\/04\/Jaanituli-2013-48-1536x1152.jpg 1536w, https:\/\/visitviljandi.ee\/wp-content\/uploads\/2023\/04\/Jaanituli-2013-48.jpg 1920w\" sizes=\"auto, (max-width: 1024px) 100vw, 1024px\" \/><\/a><figcaption class=\"wp-element-caption\">Vaiblan lomakeskus. L\u00e4hde: Vaibla Puhkekeskus.<\/figcaption><\/figure>\n<\/div>\n\n\n\n<div class=\"wp-block-column is-layout-flow wp-block-column-is-layout-flow\">\n<figure class=\"wp-block-image size-large\"><a href=\"https:\/\/visitviljandi.ee\/wp-content\/uploads\/2023\/04\/Jaanituli-2013-38.jpg\"><img loading=\"lazy\" decoding=\"async\" width=\"1024\" height=\"768\" src=\"https:\/\/visitviljandi.ee\/wp-content\/uploads\/2023\/04\/Jaanituli-2013-38-1024x768.jpg\" alt=\"Vaibla Puhkekeskus. Allikas: Vaibla Puhkekeskus\" class=\"wp-image-172100\" srcset=\"https:\/\/visitviljandi.ee\/wp-content\/uploads\/2023\/04\/Jaanituli-2013-38-1024x768.jpg 1024w, https:\/\/visitviljandi.ee\/wp-content\/uploads\/2023\/04\/Jaanituli-2013-38-300x225.jpg 300w, https:\/\/visitviljandi.ee\/wp-content\/uploads\/2023\/04\/Jaanituli-2013-38-768x576.jpg 768w, https:\/\/visitviljandi.ee\/wp-content\/uploads\/2023\/04\/Jaanituli-2013-38-1536x1152.jpg 1536w, https:\/\/visitviljandi.ee\/wp-content\/uploads\/2023\/04\/Jaanituli-2013-38.jpg 1920w\" sizes=\"auto, (max-width: 1024px) 100vw, 1024px\" \/><\/a><figcaption class=\"wp-element-caption\">Vaiblan lomakeskus. L\u00e4hde: Vaibla Puhkekeskus.<\/figcaption><\/figure>\n<\/div>\n\n\n\n<div class=\"wp-block-column is-layout-flow wp-block-column-is-layout-flow\">\n<figure class=\"wp-block-image size-large\"><a href=\"https:\/\/visitviljandi.ee\/wp-content\/uploads\/2023\/04\/IMG_2247-edited.jpg\"><img loading=\"lazy\" decoding=\"async\" width=\"1024\" height=\"767\" src=\"https:\/\/visitviljandi.ee\/wp-content\/uploads\/2023\/04\/IMG_2247-edited-1024x767.jpg\" alt=\"Vaiblan lomakeskus. L\u00e4hde: Vaibla Puhkekeskus.\" class=\"wp-image-172120\" srcset=\"https:\/\/visitviljandi.ee\/wp-content\/uploads\/2023\/04\/IMG_2247-edited-1024x767.jpg 1024w, https:\/\/visitviljandi.ee\/wp-content\/uploads\/2023\/04\/IMG_2247-edited-300x225.jpg 300w, https:\/\/visitviljandi.ee\/wp-content\/uploads\/2023\/04\/IMG_2247-edited-768x576.jpg 768w, https:\/\/visitviljandi.ee\/wp-content\/uploads\/2023\/04\/IMG_2247-edited-1536x1151.jpg 1536w, https:\/\/visitviljandi.ee\/wp-content\/uploads\/2023\/04\/IMG_2247-edited.jpg 1708w\" sizes=\"auto, (max-width: 1024px) 100vw, 1024px\" \/><\/a><figcaption class=\"wp-element-caption\">Vaiblan lomakeskus. L\u00e4hde: Vaibla Puhkekeskus.<\/figcaption><\/figure>\n<\/div>\n<\/div>\n\n\n\n<p>Jos pys\u00e4hdyt matkailuautollasi tai-vaunullasi <strong>Navestijoen <\/strong>rannalle <a href=\"https:\/\/visitviljandi.ee\/fi\/places\/loopren-myllyn-lomakyla\/\"><strong>Loopre Veski lomakyl\u00e4\u00e4n<\/strong><\/a>, p\u00e4\u00e4set kokeilemaan kalamiehen taitojasi<strong>. <\/strong><a href=\"https:\/\/visitviljandi.ee\/fi\/maakunta\/sakalamaa\/\"><strong>Suure-Jaanin<\/strong><\/a><strong> <\/strong>j\u00e4rvi n\u00e4kyy <a href=\"https:\/\/visitviljandi.ee\/fi\/places\/vanhan-postitalon-kotimajoitus\/\"><strong>Vanhan Postimajan<\/strong><\/a><strong> <\/strong>pys\u00e4k\u00f6intialueelle<strong>. <\/strong><a href=\"https:\/\/visitviljandi.ee\/paik\/venevere-puhkekula\/\"><strong>Venevere lomakyl\u00e4ss\u00e4 <\/strong><\/a>nautit omasta rauhasta ja ikihonkien huminasta.<\/p>\n\n\n\n<p>Telttailemaan ja y\u00f6pym\u00e4\u00e4n voit pys\u00e4hty\u00e4 my\u00f6s <a href=\"https:\/\/visitviljandi.ee\/fi\/maakunta\/mulgimaa\/\"><strong>Mulgimaalla<\/strong><\/a> <a href=\"https:\/\/visittorva.ee\/en\/\"><strong>T\u00f5rvan<\/strong><\/a> kunnassa. Kohde sopii oman tien kulkijalle, joka etsii todellisia helmi\u00e4. T\u00f5rvan l\u00e4heisyydess\u00e4 on <a href=\"https:\/\/visitviljandi.ee\/fi\/places\/helmen-ritarilinnoituksen-rauniot\/\"><strong>Helmen ritarilinnan rauniot ja luolat<\/strong><\/a> sek\u00e4 runsaasti <strong>upeita j\u00e4rvi\u00e4<\/strong>. Y\u00f6py\u00e4 voi esimerkiksi <a href=\"https:\/\/www.udumae.ee\/fi\/\" target=\"_blank\" rel=\"noreferrer noopener\"><strong>Udum\u00e4en lomakyl\u00e4ss\u00e4<\/strong><\/a>. Kes\u00e4ll\u00e4 erinomainen pys\u00e4hdyspaikka on <a href=\"https:\/\/www.puhkaeestis.ee\/et\/pikasilla-puhkeala-1\"><strong>Pikasillan virkistyskeskus<\/strong><\/a> <strong>V\u00f5rtsj\u00e4rven<\/strong> etel\u00e4k\u00e4rjess\u00e4<strong>. <\/strong>Siell\u00e4 on erinomaiset mahdollisuudet vesill\u00e4 ja rannoilla liikkumiseen ja kalastamiseen. <strong>RMKn <\/strong>(eli Viron mets\u00e4hallitus)<strong> luontopalvelujen kohteissa <\/strong>koet Viron luonnon omintakeisuuden. T\u00f5rvan ymp\u00e4rist\u00f6ss\u00e4 voit y\u00f6py\u00e4<strong> <\/strong><a href=\"https:\/\/visittorva.ee\/en\/tegevused\/lake-tundre-campfire-site-and-nature-reserve\/\" target=\"_blank\" rel=\"noreferrer noopener\"><strong>T\u00fcndrej\u00e4rven rannalla<\/strong><\/a><strong>, <\/strong><a href=\"https:\/\/visittorva.ee\/en\/tegevused\/koorkula-valgjarv-lake-and-campfire-sites\/\"><strong>Koorkyl\u00e4n Valgj\u00e4rven <\/strong>ja<strong> Lasaj\u00e4rven<\/strong><\/a><strong> <\/strong>nuotiopaikoilla<strong>.<\/strong><\/p>\n\n\n\n<p>Keski-Viron vierailulla kannattaa ehdottomasti viipy\u00e4 pitemp\u00e4\u00e4n yhdeks\u00e4ntoista sillan <a href=\"https:\/\/visitpoltsamaa.com\/fi\/\" target=\"_blank\" rel=\"noreferrer noopener\"><strong>P\u00f5ltsamaalla<\/strong><\/a>. Uudistuneen <a href=\"https:\/\/poltsamaaloss.ee\/en\/\" target=\"_blank\" rel=\"noreferrer noopener\"><strong>P\u00f5ltsamaan <\/strong><\/a><strong><a href=\"https:\/\/poltsamaaloss.ee\/en\/\" target=\"_blank\" rel=\"noreferrer noopener\">linnoituksen<\/a><\/strong> l\u00e4heisyydess\u00e4 on useita pys\u00e4htymiseen sopivia pys\u00e4k\u00f6intialueita. P\u00f5ltsamaalla on useita mielenkiintoisia vaelluspolkuja ja n\u00e4ht\u00e4vyyksi\u00e4. Niiss\u00e4 nautit henke\u00e4salpaavista maisemista ja kuulet historian siipien havinaa. K\u00e4sijarrusta kannattaa tempaista <a href=\"https:\/\/visitpoltsamaa.com\/fi\/kuningamaen-kartingrata\/\" target=\"_blank\" rel=\"noreferrer noopener\"><strong>Kuningam\u00e4en karting-keskuksessa<\/strong><\/a><strong>&nbsp; <\/strong>ja&nbsp; <a href=\"https:\/\/wpark.ee\/fi\/\" target=\"_blank\" rel=\"noreferrer noopener\"><strong>WParkissa.<\/strong><\/a><\/p>\n\n\n\n<div class=\"wp-block-columns is-layout-flex wp-container-core-columns-is-layout-9d6595d7 wp-block-columns-is-layout-flex\">\n<div class=\"wp-block-column is-layout-flow wp-block-column-is-layout-flow\" style=\"flex-basis:66.66%\">\n<p>Jos kauniit maisemat, mielenkiintoiset luontokohteet ja n\u00e4ht\u00e4vyydet kiinnostavat, ovat Kesk-Eesti, Viljandi ja Mulgimaa erinomaisia kohteita matkailuautolla ja asuntovaunulla reissaaville.&nbsp;<\/p>\n\n\n\n<p>Kannattaa aina selvitt\u00e4\u00e4 etuk\u00e4teen, onko suunniteltu paikka riitt\u00e4v\u00e4n suuri asuntovaunuille. Eik\u00e4 kannata kummastua, mik\u00e4li majoituspaikassa tarjotaan aamiaista &#8211; kysymys on virolaisesta vieraanvaraisuudesta.\u00a0<\/p>\n\n\n\n<div class=\"wp-block-columns is-layout-flex wp-container-core-columns-is-layout-9d6595d7 wp-block-columns-is-layout-flex\">\n<div class=\"wp-block-column is-layout-flow wp-block-column-is-layout-flow\" style=\"flex-basis:33.33%\">\n<figure class=\"wp-block-image size-full\"><a href=\"https:\/\/visitviljandi.ee\/wp-content\/uploads\/2023\/06\/regionaalarengufond-f0851ee2.png\"><img loading=\"lazy\" decoding=\"async\" width=\"300\" height=\"174\" src=\"https:\/\/visitviljandi.ee\/wp-content\/uploads\/2023\/06\/regionaalarengufond-f0851ee2.png\" alt=\"\" class=\"wp-image-190507\"\/><\/a><\/figure>\n<\/div>\n\n\n\n<div class=\"wp-block-column is-layout-flow wp-block-column-is-layout-flow\" style=\"flex-basis:66.66%\"><\/div>\n<\/div>\n<\/div>\n\n\n\n<div class=\"wp-block-column is-layout-flow wp-block-column-is-layout-flow\" style=\"flex-basis:33.33%\">\n<iframe loading=\"lazy\" src=\"https:\/\/www.google.com\/maps\/d\/u\/4\/embed?mid=1xME-HAvIPXjPPcXWxOYvNkvRoq4mU9w&#038;ehbc=2E312F\" width=\"370\" height=\"450\"><\/iframe>\n<\/div>\n<\/div>\n","protected":false},"excerpt":{"rendered":"<p>Parhaat kohteet, y\u00f6pymispaikat ja n\u00e4ht\u00e4vyydet Matkailuautolla tai asuntovaunulla liikkuminen on erinomainen tapa viett\u00e4\u00e4 yhteist\u00e4 laatuaikaa perheen ja yst\u00e4vien kanssa. V\u00e4h\u00e4ll\u00e4 vaivalla voit l\u00f6yt\u00e4\u00e4 itsellesi sopivan ja kiinnostavan kohteen. Automatka Viron syd\u00e4mess\u00e4 tarjoaa kauniita maisemia ja mahdollisuuden tutustua paikalliskulttuureihin. T\u00e4st\u00e4 artikkelista l\u00f6yd\u00e4t tietoa Keski-Viron kohteista Valgehobusem\u00e4elt\u00e4 T\u00f5rvaan ja P\u00f5ltsamaalta Soomaalle. Keski-Viroon tutustumisen voi aloittaa vaikkapa J\u00e4rvamaalta, [&hellip;]<\/p>\n","protected":false},"author":4,"featured_media":171989,"parent":0,"menu_order":0,"comment_status":"closed","ping_status":"closed","template":"","meta":{"_acf_changed":false,"inline_featured_image":false,"footnotes":""},"class_list":["post-177632","page","type-page","status-publish","has-post-thumbnail","hentry"],"acf":[],"_links":{"self":[{"href":"https:\/\/visitviljandi.ee\/fi\/wp-json\/wp\/v2\/pages\/177632","targetHints":{"allow":["GET"]}}],"collection":[{"href":"https:\/\/visitviljandi.ee\/fi\/wp-json\/wp\/v2\/pages"}],"about":[{"href":"https:\/\/visitviljandi.ee\/fi\/wp-json\/wp\/v2\/types\/page"}],"author":[{"embeddable":true,"href":"https:\/\/visitviljandi.ee\/fi\/wp-json\/wp\/v2\/users\/4"}],"replies":[{"embeddable":true,"href":"https:\/\/visitviljandi.ee\/fi\/wp-json\/wp\/v2\/comments?post=177632"}],"version-history":[{"count":6,"href":"https:\/\/visitviljandi.ee\/fi\/wp-json\/wp\/v2\/pages\/177632\/revisions"}],"predecessor-version":[{"id":193309,"href":"https:\/\/visitviljandi.ee\/fi\/wp-json\/wp\/v2\/pages\/177632\/revisions\/193309"}],"wp:featuredmedia":[{"embeddable":true,"href":"https:\/\/visitviljandi.ee\/fi\/wp-json\/wp\/v2\/media\/171989"}],"wp:attachment":[{"href":"https:\/\/visitviljandi.ee\/fi\/wp-json\/wp\/v2\/media?parent=177632"}],"curies":[{"name":"wp","href":"https:\/\/api.w.org\/{rel}","templated":true}]}}