{"id":815,"date":"2022-01-30T20:12:53","date_gmt":"2022-01-30T18:12:53","guid":{"rendered":"https:\/\/visitviljandi.ee\/?page_id=815"},"modified":"2022-01-30T20:12:54","modified_gmt":"2022-01-30T18:12:54","slug":"kris-suld","status":"publish","type":"page","link":"https:\/\/visitviljandi.ee\/en\/local\/stories\/kris-suld\/","title":{"rendered":"Kris S\u00fcld"},"content":{"rendered":"\n<h4 class=\"wp-block-heading\" id=\"kris-suld-is-the-organizer-of-street-culture-festival-bash-and-creator-of-vlnd-website-he-is-a-photographer-who-in-recent-years-has-started-to-show-viljandi-in-a-new-way-exploring-it-with-youthful-energy-and-ambition\">Kris S\u00fcld is the organizer of street culture festival BASH and creator of VLND website. He is a photographer who in recent years has started to show Viljandi in a new way, exploring it with youthful energy and ambition.<\/h4>\n\n\n\n<p>Living on the fifth floor has its benefits. In spring time the sun often wakes me before I planned to do so. And it did so today. I climb out of the bed and go to the balcony to check the weather. I see what I had hoped for \u2013 there is a magical mist floating over the lake. This only happens few times a year and always forces me to rush because it doesn\u2019t last forever. I take a few pictures with my phone just in case. I can\u2019t be sure whether I can make it to the castle ruins, Trepim\u00e4gi, or Kesklinna school\u2019s yard that are the best vantage points for taking a photo of this phenomenon. I get my bike and rush to take the pictures.<\/p>\n\n\n\n<p>I start from the castle ruins, first Krisim\u00e4gi, second Kirsim\u00e4gi and then the legendary view from Kaevum\u00e4gi. But the fog is too thick for a good picture. I get to Trepim\u00e4gi and aim my camera at the stairs, tennis courts and the lake with mist hanging over it.<\/p>\n\n\n\n<p>Got it! Picture of the day!<\/p>\n\n\n\n<figure class=\"wp-block-image size-large\"><a href=\"https:\/\/visitviljandi.ee\/wp-content\/uploads\/2022\/01\/Kris_udu.jpg\"><img loading=\"lazy\" decoding=\"async\" width=\"1024\" height=\"683\" src=\"https:\/\/visitviljandi.ee\/wp-content\/uploads\/2022\/01\/Kris_udu-1024x683.jpg\" alt=\"\" class=\"wp-image-231\" srcset=\"https:\/\/visitviljandi.ee\/wp-content\/uploads\/2022\/01\/Kris_udu-1024x683.jpg 1024w, https:\/\/visitviljandi.ee\/wp-content\/uploads\/2022\/01\/Kris_udu-300x200.jpg 300w, https:\/\/visitviljandi.ee\/wp-content\/uploads\/2022\/01\/Kris_udu-768x512.jpg 768w, https:\/\/visitviljandi.ee\/wp-content\/uploads\/2022\/01\/Kris_udu.jpg 1200w\" sizes=\"auto, (max-width: 1024px) 100vw, 1024px\" \/><\/a><\/figure>\n\n\n\n<p>It\u2019s great that I took my laptop. This means I can get the picture to Facebook much quicker. I go to Roheline Maja caf\u00e9. \u00abCappucino please, dark roast,\u00bb I say to Signe across the counter. People are dropping in and out of the caf\u00e9. I put a filter on the best photo, watermark it and upload it on VLND\u2019s Facebook page. I wait for my coffee and feel a little nervous whether people will like my photo. But when the coffee comes I let this thought pass. At least it\u2019s been a fun morning!<\/p>\n\n\n\n<p>The day brings me back home to religiously eat my eggs and bacon. It\u2019s great to do it with my girlfriend. Morning talk and browsing through the news is best at midday, I really recommend it!<\/p>\n\n\n\n<p>A little later we find ourselves on the lake with the coach of the rowing club (hi Rob!) and their boat. Rannapiiga and Gabriella are cool boats, but the red crackling relic of a boat that the rowers use is a legend. It tells stories! A few round trips between Bangalo and Sammuli and we get back ashore.<\/p>\n\n\n\n<figure class=\"wp-block-image size-large\"><a href=\"https:\/\/visitviljandi.ee\/wp-content\/uploads\/2022\/01\/Kris_mootorpaadis.jpg\"><img loading=\"lazy\" decoding=\"async\" width=\"1024\" height=\"683\" src=\"https:\/\/visitviljandi.ee\/wp-content\/uploads\/2022\/01\/Kris_mootorpaadis-1024x683.jpg\" alt=\"\" class=\"wp-image-756\" srcset=\"https:\/\/visitviljandi.ee\/wp-content\/uploads\/2022\/01\/Kris_mootorpaadis-1024x683.jpg 1024w, https:\/\/visitviljandi.ee\/wp-content\/uploads\/2022\/01\/Kris_mootorpaadis-300x200.jpg 300w, https:\/\/visitviljandi.ee\/wp-content\/uploads\/2022\/01\/Kris_mootorpaadis-768x512.jpg 768w, https:\/\/visitviljandi.ee\/wp-content\/uploads\/2022\/01\/Kris_mootorpaadis-1536x1024.jpg 1536w, https:\/\/visitviljandi.ee\/wp-content\/uploads\/2022\/01\/Kris_mootorpaadis.jpg 2048w\" sizes=\"auto, (max-width: 1024px) 100vw, 1024px\" \/><\/a><\/figure>\n\n\n\n<p>I find it curious how a camera can start dominating one\u2019s life. I\u2019m not joking. After coming back from the lake I agree to take pictures of tonight\u2019s football game and push my photo trip to H\u00fcpassaare back a few hours. Football is important too!<\/p>\n\n\n\n<p>And then I realise it is Thursday and tomorrow we will meet under the oak tree at Pikk street. That is my Viljandi!<\/p>\n\n\n\n<figure class=\"wp-block-image size-full\"><a href=\"https:\/\/visitviljandi.ee\/wp-content\/uploads\/2022\/01\/Kris_Suld.jpg\"><img loading=\"lazy\" decoding=\"async\" width=\"668\" height=\"960\" src=\"https:\/\/visitviljandi.ee\/wp-content\/uploads\/2022\/01\/Kris_Suld.jpg\" alt=\"\" class=\"wp-image-791\" srcset=\"https:\/\/visitviljandi.ee\/wp-content\/uploads\/2022\/01\/Kris_Suld.jpg 668w, https:\/\/visitviljandi.ee\/wp-content\/uploads\/2022\/01\/Kris_Suld-209x300.jpg 209w\" sizes=\"auto, (max-width: 668px) 100vw, 668px\" \/><\/a><\/figure>\n","protected":false},"excerpt":{"rendered":"<p>Kris S\u00fcld is the organizer of street culture festival BASH and creator of VLND website. He is a photographer who in recent years has started to show Viljandi in a new way, exploring it with youthful energy and ambition. Living on the fifth floor has its benefits. In spring time the sun often wakes me [&hellip;]<\/p>\n","protected":false},"author":4,"featured_media":755,"parent":272,"menu_order":0,"comment_status":"closed","ping_status":"closed","template":"","meta":{"_acf_changed":false,"inline_featured_image":false,"footnotes":""},"class_list":["post-815","page","type-page","status-publish","has-post-thumbnail","hentry"],"acf":[],"_links":{"self":[{"href":"https:\/\/visitviljandi.ee\/en\/wp-json\/wp\/v2\/pages\/815","targetHints":{"allow":["GET"]}}],"collection":[{"href":"https:\/\/visitviljandi.ee\/en\/wp-json\/wp\/v2\/pages"}],"about":[{"href":"https:\/\/visitviljandi.ee\/en\/wp-json\/wp\/v2\/types\/page"}],"author":[{"embeddable":true,"href":"https:\/\/visitviljandi.ee\/en\/wp-json\/wp\/v2\/users\/4"}],"replies":[{"embeddable":true,"href":"https:\/\/visitviljandi.ee\/en\/wp-json\/wp\/v2\/comments?post=815"}],"version-history":[{"count":1,"href":"https:\/\/visitviljandi.ee\/en\/wp-json\/wp\/v2\/pages\/815\/revisions"}],"predecessor-version":[{"id":816,"href":"https:\/\/visitviljandi.ee\/en\/wp-json\/wp\/v2\/pages\/815\/revisions\/816"}],"up":[{"embeddable":true,"href":"https:\/\/visitviljandi.ee\/en\/wp-json\/wp\/v2\/pages\/272"}],"wp:featuredmedia":[{"embeddable":true,"href":"https:\/\/visitviljandi.ee\/en\/wp-json\/wp\/v2\/media\/755"}],"wp:attachment":[{"href":"https:\/\/visitviljandi.ee\/en\/wp-json\/wp\/v2\/media?parent=815"}],"curies":[{"name":"wp","href":"https:\/\/api.w.org\/{rel}","templated":true}]}}