{"id":325652,"date":"2024-01-29T15:23:15","date_gmt":"2024-01-29T12:23:15","guid":{"rendered":"https:\/\/visitviljandi.ee\/?page_id=325652"},"modified":"2024-09-09T13:30:46","modified_gmt":"2024-09-09T10:30:46","slug":"central-estonia-dmo","status":"publish","type":"page","link":"https:\/\/visitviljandi.ee\/en\/central-estonia-dmo\/","title":{"rendered":"Introduction to Central Estonia DMO*:"},"content":{"rendered":"\n<p>The Central Estonia Tourism Organization (DMO) is a collaborative format established for the development of tourism in Viljandi County, J\u00e4rva County, T\u00f5rva Parish, and P\u00f5ltsamaa Parish.<\/p>\n\n\n\n<p>DMO partners include the Viljandimaa Development Center, J\u00e4rvamaa Development Center, Valgamaa Development Agency (representing T\u00f5rva Parish), and P\u00f5ltsamaa Vallavara Ltd. Our collaborative network encompasses all local municipalities, LEADER groups, tourism businesses, and other organizations and individuals contributing to the tourism environment in the region.<\/p>\n\n\n\n<p>*<em>DMO \u2013 Destination Management Organization<\/em><\/p>\n\n\n\n<h2 class=\"wp-block-heading\"><strong>DMO region in numbers<\/strong><\/h2>\n\n\n\n<div class=\"wp-block-columns is-layout-flex wp-container-core-columns-is-layout-9d6595d7 wp-block-columns-is-layout-flex\">\n<div class=\"wp-block-column is-layout-flow wp-block-column-is-layout-flow\" style=\"flex-basis:66.66%\">\n<p>Central Estonia DMO (Destination Management Organization)<\/p>\n\n\n\n<ul class=\"wp-block-list\">\n<li>1 development region <\/li>\n\n\n\n<li>2 marketing regions <\/li>\n\n\n\n<li>8 employees <\/li>\n\n\n\n<li>4 organizations <\/li>\n\n\n\n<li>9 municipalities <\/li>\n\n\n\n<li>6 LEADER regions <\/li>\n\n\n\n<li>443 service providers<\/li>\n<\/ul>\n<\/div>\n\n\n\n<div class=\"wp-block-column is-layout-flow wp-block-column-is-layout-flow\" style=\"flex-basis:33.33%\"><div class=\"wp-block-image\">\n<figure class=\"alignright size-large\"><a href=\"https:\/\/visitviljandi.ee\/wp-content\/uploads\/2023\/05\/Screenshot-2023-05-05-at-14.21.04.png\"><img loading=\"lazy\" decoding=\"async\" width=\"904\" height=\"1024\" src=\"https:\/\/visitviljandi.ee\/wp-content\/uploads\/2023\/05\/Screenshot-2023-05-05-at-14.21.04-904x1024.png\" alt=\"\" class=\"wp-image-182139\" srcset=\"https:\/\/visitviljandi.ee\/wp-content\/uploads\/2023\/05\/Screenshot-2023-05-05-at-14.21.04-904x1024.png 904w, https:\/\/visitviljandi.ee\/wp-content\/uploads\/2023\/05\/Screenshot-2023-05-05-at-14.21.04-265x300.png 265w, https:\/\/visitviljandi.ee\/wp-content\/uploads\/2023\/05\/Screenshot-2023-05-05-at-14.21.04-768x870.png 768w, https:\/\/visitviljandi.ee\/wp-content\/uploads\/2023\/05\/Screenshot-2023-05-05-at-14.21.04.png 1110w\" sizes=\"auto, (max-width: 904px) 100vw, 904px\" \/><\/a><figcaption class=\"wp-element-caption\">Central Estonia DMO is a joint destination development organization for Viljandi County, J\u00e4rva County, T\u00f5rva Parish, and P\u00f5ltsamaa Parish.<\/figcaption><\/figure><\/div><\/div>\n<\/div>\n\n\n\n<p>The goal of Central Estonia DMO is to initiate and carry out tourism development activities, coordinate destination marketing, contribute to the networking of tourism businesses, and facilitate the creation of region-specific joint products. To achieve this, we organize roundtable meetings, training sessions, information days, and initiate marketing campaigns. We manage the distribution of tourism information on regional portals and at visitor attractions.<\/p>\n\n\n\n<p>DMO aims to make the tourism attractions in the Central Estonia region accessible to the broader public, with the purpose of increasing the turnover of tourism and accommodation businesses and promoting the local economy. In addition, DMO focuses on the sustainability of the region, meaning that all tourism resources and services are developed in accordance with environmentally friendly principles.<\/p>\n\n\n\n<hr class=\"wp-block-separator has-alpha-channel-opacity\"\/>\n\n\n\n<h2 class=\"wp-block-heading has-text-align-left\"><strong>Frequently Asked Questions<\/strong><\/h2>\n\n\n\n<p><strong>How many landing pages does Central Estonia DMO have?<\/strong><\/p>\n\n\n\n<p>In total, there are 5.<\/p>\n\n\n\n<p><a href=\"https:\/\/visitviljandi.ee\/en\/\" target=\"_blank\" rel=\"noreferrer noopener\">https:\/\/visitviljandi.ee\/en\/<\/a><br><a href=\"https:\/\/visitjarva.ee\/?lang=en\" target=\"_blank\" rel=\"noreferrer noopener\">https:\/\/visitjarva.ee\/?lang=en<br><\/a><a href=\"https:\/\/visitpoltsamaa.com\/en\/\" target=\"_blank\" rel=\"noreferrer noopener\">https:\/\/visitpoltsamaa.com\/en\/<\/a><br><a href=\"https:\/\/torva.ee\/en\/\" target=\"_blank\" rel=\"noreferrer noopener\">https:\/\/torva.ee\/en\/<\/a><br><a href=\"https:\/\/www.jarvamaakohaliktoit.ee\/\" target=\"_blank\" rel=\"noreferrer noopener\">jarvamaakohaliktoit.ee<\/a><\/p>\n\n\n\n<p><strong>How many Instagram accounts do the regions have?<\/strong><\/p>\n\n\n\n<p>In total, there are 4.<\/p>\n\n\n\n<p><a href=\"https:\/\/www.instagram.com\/visitviljandi\/\">https:\/\/www.instagram.com\/visitviljandi\/<\/a><br><a href=\"https:\/\/www.instagram.com\/visitjarva\/\" target=\"_blank\" rel=\"noreferrer noopener\">https:\/\/www.instagram.com\/visitjarva\/<\/a><br><a href=\"https:\/\/www.instagram.com\/visittorva\" target=\"_blank\" rel=\"noreferrer noopener\">https:\/\/www.instagram.com\/visittorva<\/a><br><a href=\"https:\/\/www.instagram.com\/visitpoltsamaa\" target=\"_blank\" rel=\"noreferrer noopener\">https:\/\/www.instagram.com\/visitpoltsamaa <\/a><\/p>\n\n\n\n<p><strong>How many Facebook accounts do the regions have?<\/strong><\/p>\n\n\n\n<p>In total, there are 5.<\/p>\n\n\n\n<p><a href=\"https:\/\/www.facebook.com\/visitviljandimaa\/\" target=\"_blank\" rel=\"noreferrer noopener\">https:\/\/www.facebook.com\/visitviljandimaa\/<br><\/a><a href=\"https:\/\/www.facebook.com\/visitjarva\/\" target=\"_blank\" rel=\"noreferrer noopener\">https:\/\/www.facebook.com\/visitjarva\/<br><\/a><a href=\"https:\/\/www.facebook.com\/tuletorva\" target=\"_blank\" rel=\"noreferrer noopener\">https:\/\/www.facebook.com\/tuletorva<br><\/a><a href=\"https:\/\/www.facebook.com\/visitpoltsamaa\" target=\"_blank\" rel=\"noreferrer noopener\">https:\/\/www.facebook.com\/visitpoltsamaa <\/a><br><a href=\"https:\/\/www.facebook.com\/jarvamaakohaliktoit\/\" target=\"_blank\" rel=\"noreferrer noopener\">https:\/\/www.facebook.com\/jarvamaakohaliktoit\/<\/a><\/p>\n\n\n\n<p><strong>How many image banks do the regions have?<\/strong><\/p>\n\n\n\n<p>In total, there are 2. visitviljandi <a href=\"https:\/\/www.flickr.com\/photos\/visitviljandi\/\" target=\"_blank\" rel=\"noreferrer noopener\">flickr<\/a>. visitjarva <a href=\"https:\/\/www.flickr.com\/photos\/visitjarva\/\" target=\"_blank\" rel=\"noreferrer noopener\">flickr<\/a>. <\/p>\n","protected":false},"excerpt":{"rendered":"<p>The Central Estonia Tourism Organization (DMO) is a collaborative format established for the development of tourism in Viljandi County, J\u00e4rva County, T\u00f5rva Parish, and P\u00f5ltsamaa Parish. DMO partners include the Viljandimaa Development Center, J\u00e4rvamaa Development Center, Valgamaa Development Agency (representing T\u00f5rva Parish), and P\u00f5ltsamaa Vallavara Ltd. Our collaborative network encompasses all local municipalities, LEADER groups, [&hellip;]<\/p>\n","protected":false},"author":4,"featured_media":0,"parent":0,"menu_order":0,"comment_status":"closed","ping_status":"closed","template":"","meta":{"_acf_changed":false,"inline_featured_image":false,"footnotes":""},"class_list":["post-325652","page","type-page","status-publish","hentry"],"acf":[],"_links":{"self":[{"href":"https:\/\/visitviljandi.ee\/en\/wp-json\/wp\/v2\/pages\/325652","targetHints":{"allow":["GET"]}}],"collection":[{"href":"https:\/\/visitviljandi.ee\/en\/wp-json\/wp\/v2\/pages"}],"about":[{"href":"https:\/\/visitviljandi.ee\/en\/wp-json\/wp\/v2\/types\/page"}],"author":[{"embeddable":true,"href":"https:\/\/visitviljandi.ee\/en\/wp-json\/wp\/v2\/users\/4"}],"replies":[{"embeddable":true,"href":"https:\/\/visitviljandi.ee\/en\/wp-json\/wp\/v2\/comments?post=325652"}],"version-history":[{"count":2,"href":"https:\/\/visitviljandi.ee\/en\/wp-json\/wp\/v2\/pages\/325652\/revisions"}],"predecessor-version":[{"id":453840,"href":"https:\/\/visitviljandi.ee\/en\/wp-json\/wp\/v2\/pages\/325652\/revisions\/453840"}],"wp:attachment":[{"href":"https:\/\/visitviljandi.ee\/en\/wp-json\/wp\/v2\/media?parent=325652"}],"curies":[{"name":"wp","href":"https:\/\/api.w.org\/{rel}","templated":true}]}}