{"id":281,"date":"2022-01-28T15:19:04","date_gmt":"2022-01-28T13:19:04","guid":{"rendered":"https:\/\/visitviljandi.ee\/?page_id=281"},"modified":"2025-04-29T09:55:07","modified_gmt":"2025-04-29T06:55:07","slug":"how-to-get-here","status":"publish","type":"page","link":"https:\/\/visitviljandi.ee\/en\/visiting\/how-to-get-here\/","title":{"rendered":"How to get here?"},"content":{"rendered":"\n<p>Buses between&nbsp;<strong>Viljandi &#8211; Tallinn<\/strong>&nbsp;run from 6am to 7pm. Ticket prices range from 7\u20ac to 10\u20ac.<\/p>\n\n\n\n<p>Buses between&nbsp;<strong>Viljandi &#8211; Tartu<\/strong>&nbsp;run from 6.25am to 8.25pm. Tickets cost 5\u20ac on average.<\/p>\n\n\n\n<p>Buses between&nbsp;<strong>Viljandi &#8211; P\u00e4rnu<\/strong>&nbsp;run from 6.55am to 6.40pm.&nbsp;Tickets cost 5\u20ac on average.<\/p>\n\n\n\n<p>Full schedules and ticket information can be found&nbsp;<strong><a href=\"https:\/\/www.tpilet.ee\/en\" target=\"_blank\" rel=\"noreferrer noopener\">HERE<\/a><\/strong><\/p>\n\n\n\n<p><strong>Trains run between Tallinn and Viljandi<\/strong>\u00a0four times a day, seven days a week. Buses run between Viljandi train station and town centre, they leave the station shortly after the train arrives. Bus ticket to town centre costs 2\u20ac. Taxi from train station costs a minimum 4\u20ac.<\/p>\n\n\n\n<p>Train scedules and tickets can be found&nbsp;<a href=\"https:\/\/pilet.elron.ee\/en\/\" target=\"_blank\" rel=\"noreferrer noopener\"><strong>HERE<\/strong><\/a><\/p>\n\n\n\n<p><strong>Distances:<\/strong>&nbsp;Tallinn 161 km, Tartu 81 km, P\u00e4rnu 97 km, Riga 245 km, St Petersburg 393 km, Helsinki 247 km, Stockholm 580 km.<\/p>\n\n\n\n<p>When travelling&nbsp;<strong>from Tallinn<\/strong>&nbsp;via&nbsp;Tallinn-Tartu highway (2) turn right at Imavere to&nbsp;Imavere-Viljandi-Karksi-Nuia highway (49).<\/p>\n\n\n\n<p>When travelling&nbsp;<strong>from Riga<\/strong>, turn right at H\u00e4\u00e4demeeste gas station to&nbsp;T\u00f5itoja-H\u00e4\u00e4demeeste highway(330). Once you get to&nbsp;Valga-Uulu highway (6), drive past Kilingi-N\u00f5mme and turn left to Tartu-Viljandi-Kilingi-N\u00f5mme highway (92).<\/p>\n","protected":false},"excerpt":{"rendered":"<p>Buses between&nbsp;Viljandi &#8211; Tallinn&nbsp;run from 6am to 7pm. Ticket prices range from 7\u20ac to 10\u20ac. Buses between&nbsp;Viljandi &#8211; Tartu&nbsp;run from 6.25am to 8.25pm. Tickets cost 5\u20ac on average. Buses between&nbsp;Viljandi &#8211; P\u00e4rnu&nbsp;run from 6.55am to 6.40pm.&nbsp;Tickets cost 5\u20ac on average. Full schedules and ticket information can be found&nbsp;HERE Trains run between Tallinn and Viljandi\u00a0four times [&hellip;]<\/p>\n","protected":false},"author":4,"featured_media":859,"parent":326,"menu_order":0,"comment_status":"closed","ping_status":"closed","template":"","meta":{"_acf_changed":false,"inline_featured_image":false,"footnotes":""},"class_list":["post-281","page","type-page","status-publish","has-post-thumbnail","hentry"],"acf":[],"_links":{"self":[{"href":"https:\/\/visitviljandi.ee\/en\/wp-json\/wp\/v2\/pages\/281","targetHints":{"allow":["GET"]}}],"collection":[{"href":"https:\/\/visitviljandi.ee\/en\/wp-json\/wp\/v2\/pages"}],"about":[{"href":"https:\/\/visitviljandi.ee\/en\/wp-json\/wp\/v2\/types\/page"}],"author":[{"embeddable":true,"href":"https:\/\/visitviljandi.ee\/en\/wp-json\/wp\/v2\/users\/4"}],"replies":[{"embeddable":true,"href":"https:\/\/visitviljandi.ee\/en\/wp-json\/wp\/v2\/comments?post=281"}],"version-history":[{"count":2,"href":"https:\/\/visitviljandi.ee\/en\/wp-json\/wp\/v2\/pages\/281\/revisions"}],"predecessor-version":[{"id":514636,"href":"https:\/\/visitviljandi.ee\/en\/wp-json\/wp\/v2\/pages\/281\/revisions\/514636"}],"up":[{"embeddable":true,"href":"https:\/\/visitviljandi.ee\/en\/wp-json\/wp\/v2\/pages\/326"}],"wp:featuredmedia":[{"embeddable":true,"href":"https:\/\/visitviljandi.ee\/en\/wp-json\/wp\/v2\/media\/859"}],"wp:attachment":[{"href":"https:\/\/visitviljandi.ee\/en\/wp-json\/wp\/v2\/media?parent=281"}],"curies":[{"name":"wp","href":"https:\/\/api.w.org\/{rel}","templated":true}]}}