{"id":730,"date":"2022-01-30T17:17:25","date_gmt":"2022-01-30T15:17:25","guid":{"rendered":"https:\/\/visitviljandi.ee\/maakond\/vortsjarv\/"},"modified":"2022-05-11T09:51:58","modified_gmt":"2022-05-11T07:51:58","slug":"der-see-vortsjarv","status":"publish","type":"page","link":"https:\/\/visitviljandi.ee\/de\/landkreis\/der-see-vortsjarv\/","title":{"rendered":"Der See V\u00f5rtsj\u00e4rv"},"content":{"rendered":"\n<p>Estlands gr\u00f6\u00dftes Binnengew\u00e4sser, der V\u00f5rtsj\u00e4rv (dt. W\u00fcrzsee), hat f\u00fcr die an seinen Ufern wohnenden Menschen die Ausma\u00dfe eines Meeres. Die Fl\u00e4che des V\u00f5rtsj\u00e4rvs ist gr\u00f6\u00dfer als die aller anderen estnischen Seen zusammen. Rund um den See hat sich historisch eine eigene K\u00fcstenkultur entwickelt, die in den letzten Jahren st\u00e4rker in das Bewusstsein der Menschen getreten ist.<\/p>\n\n\n\n<p>Auf dem von Fischerd\u00f6rfern und Bauernh\u00f6fen umgebenen See k\u00f6nnen Sie auch selbst zusammen mit Einheimischen auf Fischfang gehen und sp\u00e4ter aus dem Fang schmackhaftes Essen zubereiten. Auf dem See erfolgen auch Segelschulungen, die eine gute M\u00f6glichkeit darstellen, mit dieser Gegend eine erste Bekanntschaft zu machen. Der Fang der Fischer des Sees wird von den \u00f6rtlichen K\u00f6chen sehr gesch\u00e4tzt. So k\u00f6nnen Sie hiesigen Fisch in Restaurants und Caf\u00e9s am See und in den Lokalen von Viljandi antreffen.<\/p>\n\n\n\n<p>Die haupts\u00e4chlichen Speisefische sind Aal, Zander, Brasse und Hecht.<\/p>\n\n\n\n<p>Falls Sie interessante Orte und Sehensw\u00fcrdigkeiten am See entdecken m\u00f6chten, schauen Sie auf die Empfehlungen <a href=\"https:\/\/visitviljandi.ee\/bw_client_files\/visitviljandi\/public\/img\/File\/viljandi_kataloog_2019_ENG-vrtsjarv.pdf\" target=\"_blank\" rel=\"noreferrer noopener\">hier<\/a>.<\/p>\n\n\n\n<figure class=\"wp-block-image size-large\"><a href=\"https:\/\/visitviljandi.ee\/wp-content\/uploads\/2022\/01\/33878781090_72c2069e9b_k.jpg\"><img loading=\"lazy\" decoding=\"async\" width=\"1024\" height=\"683\" src=\"https:\/\/visitviljandi.ee\/wp-content\/uploads\/2022\/01\/33878781090_72c2069e9b_k-1024x683.jpg\" alt=\"\" class=\"wp-image-659\" srcset=\"https:\/\/visitviljandi.ee\/wp-content\/uploads\/2022\/01\/33878781090_72c2069e9b_k-1024x683.jpg 1024w, https:\/\/visitviljandi.ee\/wp-content\/uploads\/2022\/01\/33878781090_72c2069e9b_k-300x200.jpg 300w, https:\/\/visitviljandi.ee\/wp-content\/uploads\/2022\/01\/33878781090_72c2069e9b_k-768x512.jpg 768w, https:\/\/visitviljandi.ee\/wp-content\/uploads\/2022\/01\/33878781090_72c2069e9b_k-1536x1024.jpg 1536w, https:\/\/visitviljandi.ee\/wp-content\/uploads\/2022\/01\/33878781090_72c2069e9b_k.jpg 2048w\" sizes=\"auto, (max-width: 1024px) 100vw, 1024px\" \/><\/a><figcaption>Der V\u00f5rtsj\u00e4rv. Fotograf: Kris S\u00fcld<\/figcaption><\/figure>\n","protected":false},"excerpt":{"rendered":"<p>Estlands gr\u00f6\u00dftes Binnengew\u00e4sser, der V\u00f5rtsj\u00e4rv (dt. W\u00fcrzsee), hat f\u00fcr die an seinen Ufern wohnenden Menschen die Ausma\u00dfe eines Meeres. Die Fl\u00e4che des V\u00f5rtsj\u00e4rvs ist gr\u00f6\u00dfer als die aller anderen estnischen Seen zusammen. Rund um den See hat sich historisch eine eigene K\u00fcstenkultur entwickelt, die in den letzten Jahren st\u00e4rker in das Bewusstsein der Menschen getreten [&hellip;]<\/p>\n","protected":false},"author":4,"featured_media":624,"parent":693,"menu_order":0,"comment_status":"closed","ping_status":"closed","template":"","meta":{"_acf_changed":false,"inline_featured_image":false,"footnotes":""},"class_list":["post-730","page","type-page","status-publish","has-post-thumbnail","hentry"],"acf":[],"_links":{"self":[{"href":"https:\/\/visitviljandi.ee\/de\/wp-json\/wp\/v2\/pages\/730","targetHints":{"allow":["GET"]}}],"collection":[{"href":"https:\/\/visitviljandi.ee\/de\/wp-json\/wp\/v2\/pages"}],"about":[{"href":"https:\/\/visitviljandi.ee\/de\/wp-json\/wp\/v2\/types\/page"}],"author":[{"embeddable":true,"href":"https:\/\/visitviljandi.ee\/de\/wp-json\/wp\/v2\/users\/4"}],"replies":[{"embeddable":true,"href":"https:\/\/visitviljandi.ee\/de\/wp-json\/wp\/v2\/comments?post=730"}],"version-history":[{"count":4,"href":"https:\/\/visitviljandi.ee\/de\/wp-json\/wp\/v2\/pages\/730\/revisions"}],"predecessor-version":[{"id":51724,"href":"https:\/\/visitviljandi.ee\/de\/wp-json\/wp\/v2\/pages\/730\/revisions\/51724"}],"up":[{"embeddable":true,"href":"https:\/\/visitviljandi.ee\/de\/wp-json\/wp\/v2\/pages\/693"}],"wp:featuredmedia":[{"embeddable":true,"href":"https:\/\/visitviljandi.ee\/de\/wp-json\/wp\/v2\/media\/624"}],"wp:attachment":[{"href":"https:\/\/visitviljandi.ee\/de\/wp-json\/wp\/v2\/media?parent=730"}],"curies":[{"name":"wp","href":"https:\/\/api.w.org\/{rel}","templated":true}]}}