{"id":727,"date":"2022-01-29T11:03:09","date_gmt":"2022-01-29T09:03:09","guid":{"rendered":"https:\/\/visitviljandi.ee\/maakond\/sakala-county\/"},"modified":"2022-05-10T15:24:16","modified_gmt":"2022-05-10T13:24:16","slug":"sakalamaa","status":"publish","type":"page","link":"https:\/\/visitviljandi.ee\/de\/landkreis\/sakalamaa\/","title":{"rendered":"Sakalamaa"},"content":{"rendered":"\n<p>Im Norden des Kreises Viljandi liegt das historische Sakalamaa, der ehemalige Standort des legend\u00e4ren \u00c4ltesten der vorhistorischen Esten \u2013 Lembitu. Heute k\u00f6nnen Sie die \u00dcberbleibsel von Lembitus <a href=\"https:\/\/visitviljandi.ee\/de\/places\/der-burgberg-lembitu-in-lohavere\/\" target=\"_blank\" rel=\"noreferrer noopener\">Bauernburg<\/a> in L\u00f5havere (dt. Lehowa) besichtigen.<\/p>\n\n\n\n<p>In Suure-Jaani (dt. Gro\u00df-St. Johannis) befindet sich aber einer der wichtigsten, kulturhistorischen Orte f\u00fcr ganz Estland. Hier wuchs das Komponistengeschlecht Kapp heran, deren <a href=\"https:\/\/visitviljandi.ee\/de\/places\/hausmuseum-der-komponisten-kapp\/\" target=\"_blank\" rel=\"noreferrer noopener\">Hausmuseum<\/a> Sie in der Stadt besuchen k\u00f6nnen. Am Rande der Region Soomaa, in H\u00fcpassaare, liegt aber das <a href=\"https:\/\/visitviljandi.ee\/de\/places\/hausmuseum-des-komponisten-mart-saar\/\" target=\"_blank\" rel=\"noreferrer noopener\">Hausmuseum<\/a> des Komponisten Mart Saar, das auch heute Kreativen Inspirationen bietet. Auf dem Friedhof von Suure-Jaani finden Sie die letzte Ruhest\u00e4tte eines der gr\u00f6\u00dften K\u00fcnstler Estlands \u2013 Johann K\u00f6ler.<\/p>\n\n\n\n<p>Die heutige Zugnummer von Suure-Jaani ist aber eines der angenehmsten <a href=\"https:\/\/visitviljandi.ee\/en\/places\/water-park-of-suure-jaani-health-centre\/\" target=\"_blank\" rel=\"noreferrer noopener\">Wellness-B\u00e4der<\/a> in der Region, das die Einheimischen auch als Gesundheitswerkstatt bezeichnen. Die dortigen Attraktionen, Schwimmbecken und Saunen erfreuen die gesamte Familie.<\/p>\n\n\n\n<p>In Sakalamaa finden Sie auch Estlands am besten erhaltene Gutshofanlage. Auf Gut Olustvere (dt. Ollustfer) sind neben dem eleganten <a href=\"https:\/\/visitviljandi.ee\/de\/places\/das-herrenhaus-olustvere\/\" target=\"_blank\" rel=\"noreferrer noopener\">Herrenhaus<\/a> auch zahlreiche ehemalige Wirtschaftsgeb\u00e4ude erhalten und instandgesetzt worden, dort befinden sich heute Werkst\u00e4tten und es werden Workshops veranstaltet.<\/p>\n\n\n\n<p>Damit Sie auch das Steinfeld von Pilistvere (dt. Pillistfer) und die Kerzenfabrik in V\u00f5hma (dt. W\u00f6chma) finden, schauen Sie auf die <a href=\"https:\/\/visitviljandi.ee\/bw_client_files\/visitviljandi\/public\/img\/File\/viljandi_kataloog_2019_ENG-sakalamaa.pdf\" target=\"_blank\" rel=\"noreferrer noopener\">Wegstrecke<\/a> und die <a href=\"https:\/\/visitviljandi.ee\/bw_client_files\/visitviljandi\/public\/img\/File\/P-Viljandimaa_A5_2.pdf\" target=\"_blank\" rel=\"noreferrer noopener\">Karte<\/a>.<\/p>\n\n\n\n<figure class=\"wp-block-image size-large\"><a href=\"https:\/\/visitviljandi.ee\/wp-content\/uploads\/2022\/01\/51505319472_e4e366b982_k.jpg\"><img loading=\"lazy\" decoding=\"async\" width=\"1024\" height=\"683\" src=\"https:\/\/visitviljandi.ee\/wp-content\/uploads\/2022\/01\/51505319472_e4e366b982_k-1024x683.jpg\" alt=\"\" class=\"wp-image-642\" srcset=\"https:\/\/visitviljandi.ee\/wp-content\/uploads\/2022\/01\/51505319472_e4e366b982_k-1024x683.jpg 1024w, https:\/\/visitviljandi.ee\/wp-content\/uploads\/2022\/01\/51505319472_e4e366b982_k-300x200.jpg 300w, https:\/\/visitviljandi.ee\/wp-content\/uploads\/2022\/01\/51505319472_e4e366b982_k-768x512.jpg 768w, https:\/\/visitviljandi.ee\/wp-content\/uploads\/2022\/01\/51505319472_e4e366b982_k-1536x1024.jpg 1536w, https:\/\/visitviljandi.ee\/wp-content\/uploads\/2022\/01\/51505319472_e4e366b982_k.jpg 2048w\" sizes=\"auto, (max-width: 1024px) 100vw, 1024px\" \/><\/a><figcaption>Bauernburg L\u00f5havere. Fotograf: Siim Verner Teder<\/figcaption><\/figure>\n","protected":false},"excerpt":{"rendered":"<p>Im Norden des Kreises Viljandi liegt das historische Sakalamaa, der ehemalige Standort des legend\u00e4ren \u00c4ltesten der vorhistorischen Esten \u2013 Lembitu. Heute k\u00f6nnen Sie die \u00dcberbleibsel von Lembitus Bauernburg in L\u00f5havere (dt. Lehowa) besichtigen. In Suure-Jaani (dt. Gro\u00df-St. Johannis) befindet sich aber einer der wichtigsten, kulturhistorischen Orte f\u00fcr ganz Estland. Hier wuchs das Komponistengeschlecht Kapp heran, [&hellip;]<\/p>\n","protected":false},"author":4,"featured_media":636,"parent":693,"menu_order":0,"comment_status":"closed","ping_status":"closed","template":"","meta":{"_acf_changed":false,"inline_featured_image":false,"footnotes":""},"class_list":["post-727","page","type-page","status-publish","has-post-thumbnail","hentry"],"acf":[],"_links":{"self":[{"href":"https:\/\/visitviljandi.ee\/de\/wp-json\/wp\/v2\/pages\/727","targetHints":{"allow":["GET"]}}],"collection":[{"href":"https:\/\/visitviljandi.ee\/de\/wp-json\/wp\/v2\/pages"}],"about":[{"href":"https:\/\/visitviljandi.ee\/de\/wp-json\/wp\/v2\/types\/page"}],"author":[{"embeddable":true,"href":"https:\/\/visitviljandi.ee\/de\/wp-json\/wp\/v2\/users\/4"}],"replies":[{"embeddable":true,"href":"https:\/\/visitviljandi.ee\/de\/wp-json\/wp\/v2\/comments?post=727"}],"version-history":[{"count":4,"href":"https:\/\/visitviljandi.ee\/de\/wp-json\/wp\/v2\/pages\/727\/revisions"}],"predecessor-version":[{"id":51610,"href":"https:\/\/visitviljandi.ee\/de\/wp-json\/wp\/v2\/pages\/727\/revisions\/51610"}],"up":[{"embeddable":true,"href":"https:\/\/visitviljandi.ee\/de\/wp-json\/wp\/v2\/pages\/693"}],"wp:featuredmedia":[{"embeddable":true,"href":"https:\/\/visitviljandi.ee\/de\/wp-json\/wp\/v2\/media\/636"}],"wp:attachment":[{"href":"https:\/\/visitviljandi.ee\/de\/wp-json\/wp\/v2\/media?parent=727"}],"curies":[{"name":"wp","href":"https:\/\/api.w.org\/{rel}","templated":true}]}}