{"id":724,"date":"2022-01-30T17:14:43","date_gmt":"2022-01-30T15:14:43","guid":{"rendered":"https:\/\/visitviljandi.ee\/maakond\/soomaa\/"},"modified":"2022-05-10T15:25:26","modified_gmt":"2022-05-10T13:25:26","slug":"soomaa","status":"publish","type":"page","link":"https:\/\/visitviljandi.ee\/de\/landkreis\/soomaa\/","title":{"rendered":"Soomaa"},"content":{"rendered":"\n<p>Eineinhalb Stunden mit dem Auto westlich von Viljandi wird die Landschaft eine komplett andere. Sie sind im Nationalpark Soomaa (w\u00f6rtlich Sumpfland) angekommen, der 1993 zum Schutz von unber\u00fchrten Hochmooren, artenreichen Auen, Waldwiesen und W\u00e4ldern eingerichtet wurde. Die vielseitige und gesch\u00fctzte Natur sowie die besondere Kultur von H\u00e4ngebr\u00fccken und Einb\u00e4umen haben diesen Ort in der ganzen Welt popul\u00e4r gemacht \u2013 unter naturliebhabenden Abenteurern und einfachen Sonntagsausfl\u00fcglern.<\/p>\n\n\n\n<p>Mit Sicherheit haben schon viele etwas \u00fcber die f\u00fcnfte Jahreszeit geh\u00f6rt, doch tats\u00e4chlich l\u00e4sst sich in Soomaa auch au\u00dferhalb der \u00dcberschwemmungszeit viel Spannendes unternehmen. Ein Ausflug in die uralte Natur erscheint geradezu wie die sommerliche Pilgerfahrt eines jeden Esten, unsere G\u00e4ste sind herzlich willkommen, daran teilzunehmen.<\/p>\n\n\n\n<p>Die beste Weise, sich mit Soomaa bekanntzumachen, ist nat\u00fcrlich ein Boots- oder Kanuausflug. Im Winter k\u00f6nnen Sie die Natur auf Schneeschuhen oder mit dem Tretschlitten genie\u00dfen. Soomaa bietet zum Wandern mehrere Strecken mit Bohlenwegen, so lohnt es sich, auch Kombinationen von Autoausflug und Fu\u00dfwanderung zu unternehmen. Nach einem l\u00e4ngeren Moor- oder Kanuausflug lassen sich K\u00f6rper und Geist in der Sauna st\u00e4rken und Sie k\u00f6nnen inmitten von T\u00f6nen entspannen, die nicht vom Menschen erzeugt werden.<\/p>\n\n\n\n<p>Anleitungen zur Fortbewegung im Soomaa finden Sie <a href=\"https:\/\/visitviljandi.ee\/bw_client_files\/visitviljandi\/public\/img\/File\/viljandi_kataloog_2019_ENG-soomaa.pdf\" target=\"_blank\" rel=\"noreferrer noopener\">hier<\/a>.<\/p>\n\n\n\n<figure class=\"wp-block-image size-large\"><a href=\"https:\/\/visitviljandi.ee\/wp-content\/uploads\/2022\/01\/28448648087_8475b50184_k.jpg\"><img loading=\"lazy\" decoding=\"async\" width=\"1024\" height=\"577\" src=\"https:\/\/visitviljandi.ee\/wp-content\/uploads\/2022\/01\/28448648087_8475b50184_k-1024x577.jpg\" alt=\"\" class=\"wp-image-650\" srcset=\"https:\/\/visitviljandi.ee\/wp-content\/uploads\/2022\/01\/28448648087_8475b50184_k-1024x577.jpg 1024w, https:\/\/visitviljandi.ee\/wp-content\/uploads\/2022\/01\/28448648087_8475b50184_k-300x169.jpg 300w, https:\/\/visitviljandi.ee\/wp-content\/uploads\/2022\/01\/28448648087_8475b50184_k-768x433.jpg 768w, https:\/\/visitviljandi.ee\/wp-content\/uploads\/2022\/01\/28448648087_8475b50184_k-1536x866.jpg 1536w, https:\/\/visitviljandi.ee\/wp-content\/uploads\/2022\/01\/28448648087_8475b50184_k.jpg 2048w\" sizes=\"auto, (max-width: 1024px) 100vw, 1024px\" \/><\/a><figcaption>Hochmoor H\u00fcpassaare. Fotograf: Martin Kosseson<\/figcaption><\/figure>\n","protected":false},"excerpt":{"rendered":"<p>Eineinhalb Stunden mit dem Auto westlich von Viljandi wird die Landschaft eine komplett andere. Sie sind im Nationalpark Soomaa (w\u00f6rtlich Sumpfland) angekommen, der 1993 zum Schutz von unber\u00fchrten Hochmooren, artenreichen Auen, Waldwiesen und W\u00e4ldern eingerichtet wurde. Die vielseitige und gesch\u00fctzte Natur sowie die besondere Kultur von H\u00e4ngebr\u00fccken und Einb\u00e4umen haben diesen Ort in der ganzen [&hellip;]<\/p>\n","protected":false},"author":4,"featured_media":618,"parent":693,"menu_order":0,"comment_status":"closed","ping_status":"closed","template":"","meta":{"_acf_changed":false,"inline_featured_image":false,"footnotes":""},"class_list":["post-724","page","type-page","status-publish","has-post-thumbnail","hentry"],"acf":[],"_links":{"self":[{"href":"https:\/\/visitviljandi.ee\/de\/wp-json\/wp\/v2\/pages\/724","targetHints":{"allow":["GET"]}}],"collection":[{"href":"https:\/\/visitviljandi.ee\/de\/wp-json\/wp\/v2\/pages"}],"about":[{"href":"https:\/\/visitviljandi.ee\/de\/wp-json\/wp\/v2\/types\/page"}],"author":[{"embeddable":true,"href":"https:\/\/visitviljandi.ee\/de\/wp-json\/wp\/v2\/users\/4"}],"replies":[{"embeddable":true,"href":"https:\/\/visitviljandi.ee\/de\/wp-json\/wp\/v2\/comments?post=724"}],"version-history":[{"count":2,"href":"https:\/\/visitviljandi.ee\/de\/wp-json\/wp\/v2\/pages\/724\/revisions"}],"predecessor-version":[{"id":51611,"href":"https:\/\/visitviljandi.ee\/de\/wp-json\/wp\/v2\/pages\/724\/revisions\/51611"}],"up":[{"embeddable":true,"href":"https:\/\/visitviljandi.ee\/de\/wp-json\/wp\/v2\/pages\/693"}],"wp:featuredmedia":[{"embeddable":true,"href":"https:\/\/visitviljandi.ee\/de\/wp-json\/wp\/v2\/media\/618"}],"wp:attachment":[{"href":"https:\/\/visitviljandi.ee\/de\/wp-json\/wp\/v2\/media?parent=724"}],"curies":[{"name":"wp","href":"https:\/\/api.w.org\/{rel}","templated":true}]}}