{"id":721,"date":"2022-01-26T21:39:51","date_gmt":"2022-01-26T19:39:51","guid":{"rendered":"https:\/\/visitviljandi.ee\/maakond\/mulgimaa\/"},"modified":"2022-05-16T09:00:15","modified_gmt":"2022-05-16T07:00:15","slug":"mulgimaa","status":"publish","type":"page","link":"https:\/\/visitviljandi.ee\/de\/landkreis\/mulgimaa\/","title":{"rendered":"Mulgimaa"},"content":{"rendered":"\n<p>Die Region Mulgimaa ist ein kulturgeschichtliches Gebiet in S\u00fcdestland, das die Sinne sowohl wegen der einzigartigen Natur und dem Erbe der Vergangenheit als auch wegen der spannenden Unternehmungen und der aktiven Menschen heute anregt. Die Region ist bekannt wegen der ersten wohlhabenderen estnischen Bauernh\u00f6fe und als Geburtsort von Kulturschaffenden und Politikern der Anfangsjahre der Republik nach dem Ersten Weltkrieg.<\/p>\n\n\n\n<p>Es kann behauptet werden, dass heutzutage geradezu eine Renaissance der \u00f6rtlichen Kultur stattfindet. Die Menschen entdecken ihre Wurzeln, ziehen zur\u00fcck in ihre Heimat und gemeinsam mit aktiven Einheimischen werden aktive Gemeinschaften in Gang gesetzt. Im Sommer k\u00f6nnen Sie die Gegend durch <a href=\"https:\/\/mulgiperemang.ee\/\" target=\"_blank\" rel=\"noreferrer noopener\">das Familienspiel Mulgimaa entdecken<\/a>.<\/p>\n\n\n\n<p>Heutzutage liegt Mulgimaa in drei kommunalen Selbstverwaltungen \u2013 Viljandi (dt. Fellin), Mulgi und T\u00f5rva (dt. T\u00f6rwa) und in zwei Landkreisen, Viljandi und Valga (dt. Walk).<\/p>\n\n\n\n<p>Empfehlungen, was Sie sich in Mulgimaa anschauen sollten, finden Sie <a href=\"https:\/\/visitviljandi.ee\/bw_client_files\/visitviljandi\/public\/img\/File\/viljandi_kataloog_2019_ENG-mulgimaa.pdf\" target=\"_blank\" rel=\"noreferrer noopener\">hier<\/a>. Es hilft eine <a href=\"https:\/\/visitviljandi.ee\/bw_client_files\/visitviljandi\/public\/img\/File\/Mulgimaa_A5_3.pdf\" target=\"_blank\" rel=\"noreferrer noopener\">Karte<\/a>.<\/p>\n\n\n\n<p>Auf Wiedersehen in Mulgimaa!<\/p>\n\n\n\n<figure class=\"wp-block-image size-full\"><a href=\"https:\/\/visitviljandi.ee\/wp-content\/uploads\/2022\/01\/34104404192_b62e3e875e_k.jpg\"><img loading=\"lazy\" decoding=\"async\" width=\"2048\" height=\"1365\" src=\"https:\/\/visitviljandi.ee\/wp-content\/uploads\/2022\/01\/34104404192_b62e3e875e_k.jpg\" alt=\"\" class=\"wp-image-669\" srcset=\"https:\/\/visitviljandi.ee\/wp-content\/uploads\/2022\/01\/34104404192_b62e3e875e_k.jpg 2048w, https:\/\/visitviljandi.ee\/wp-content\/uploads\/2022\/01\/34104404192_b62e3e875e_k-300x200.jpg 300w, https:\/\/visitviljandi.ee\/wp-content\/uploads\/2022\/01\/34104404192_b62e3e875e_k-1024x683.jpg 1024w, https:\/\/visitviljandi.ee\/wp-content\/uploads\/2022\/01\/34104404192_b62e3e875e_k-768x512.jpg 768w, https:\/\/visitviljandi.ee\/wp-content\/uploads\/2022\/01\/34104404192_b62e3e875e_k-1536x1024.jpg 1536w\" sizes=\"auto, (max-width: 2048px) 100vw, 2048px\" \/><\/a><figcaption>Petri-Kirche zu Karksi (dt. Karkus). Fotografin: Kristiin Elmat<\/figcaption><\/figure>\n","protected":false},"excerpt":{"rendered":"<p>Die Region Mulgimaa ist ein kulturgeschichtliches Gebiet in S\u00fcdestland, das die Sinne sowohl wegen der einzigartigen Natur und dem Erbe der Vergangenheit als auch wegen der spannenden Unternehmungen und der aktiven Menschen heute anregt. Die Region ist bekannt wegen der ersten wohlhabenderen estnischen Bauernh\u00f6fe und als Geburtsort von Kulturschaffenden und Politikern der Anfangsjahre der Republik [&hellip;]<\/p>\n","protected":false},"author":4,"featured_media":630,"parent":693,"menu_order":0,"comment_status":"closed","ping_status":"closed","template":"","meta":{"_acf_changed":false,"inline_featured_image":false,"footnotes":""},"class_list":["post-721","page","type-page","status-publish","has-post-thumbnail","hentry"],"acf":[],"_links":{"self":[{"href":"https:\/\/visitviljandi.ee\/de\/wp-json\/wp\/v2\/pages\/721","targetHints":{"allow":["GET"]}}],"collection":[{"href":"https:\/\/visitviljandi.ee\/de\/wp-json\/wp\/v2\/pages"}],"about":[{"href":"https:\/\/visitviljandi.ee\/de\/wp-json\/wp\/v2\/types\/page"}],"author":[{"embeddable":true,"href":"https:\/\/visitviljandi.ee\/de\/wp-json\/wp\/v2\/users\/4"}],"replies":[{"embeddable":true,"href":"https:\/\/visitviljandi.ee\/de\/wp-json\/wp\/v2\/comments?post=721"}],"version-history":[{"count":5,"href":"https:\/\/visitviljandi.ee\/de\/wp-json\/wp\/v2\/pages\/721\/revisions"}],"predecessor-version":[{"id":51768,"href":"https:\/\/visitviljandi.ee\/de\/wp-json\/wp\/v2\/pages\/721\/revisions\/51768"}],"up":[{"embeddable":true,"href":"https:\/\/visitviljandi.ee\/de\/wp-json\/wp\/v2\/pages\/693"}],"wp:featuredmedia":[{"embeddable":true,"href":"https:\/\/visitviljandi.ee\/de\/wp-json\/wp\/v2\/media\/630"}],"wp:attachment":[{"href":"https:\/\/visitviljandi.ee\/de\/wp-json\/wp\/v2\/media?parent=721"}],"curies":[{"name":"wp","href":"https:\/\/api.w.org\/{rel}","templated":true}]}}