{"id":392,"date":"2022-01-28T16:02:10","date_gmt":"2022-01-28T14:02:10","guid":{"rendered":"https:\/\/visitviljandi.ee\/?page_id=392"},"modified":"2022-01-28T16:02:11","modified_gmt":"2022-01-28T14:02:11","slug":"vorstellung-der-stadt","status":"publish","type":"page","link":"https:\/\/visitviljandi.ee\/de\/bist-du-ein-unternehmer\/vorstellung-der-stadt\/","title":{"rendered":"Vorstellung der Stadt"},"content":{"rendered":"\n<h2 class=\"wp-block-heading\" id=\"viljandi-ist-eine-sich-entwickelnde-exportstadt\">Viljandi ist eine sich entwickelnde Exportstadt<\/h2>\n\n\n\n<p><strong>Bev\u00f6lkerungszahl:&nbsp;<\/strong>17 083 (1. Februar 2020);&nbsp;<strong>Bev\u00f6lkerungszahl des Wirkungsbereichs:&nbsp;<\/strong>44 258 (1. Januar 2019)<\/p>\n\n\n\n<p><strong>Entfernungen:<\/strong>&nbsp;Tallinn 161 km, Tartu 81 km, P\u00e4rnu 97 km, Riga 245 km, St. Petersburg 393 km, Helsinki 247 km, Stockholm 580 km.<\/p>\n\n\n\n<p><strong>Durchschnittsgehalt (2019 III Q.)<\/strong>&nbsp;1230 Euro<\/p>\n\n\n\n<p><strong>Wichtigere T\u00e4tigkeitsbereiche:<\/strong><\/p>\n\n\n\n<ul class=\"wp-block-list\"><li>Holz-, Papier- und M\u00f6belindustrie, andere Bereiche der verarbeitenden Industrie, darunter<\/li><li>Textil- und N\u00e4hindustrie, Metallindustrie und Maschinenbau, Druckindustrie u.a.,<\/li><li>Landwirtschaft und Lebensmittelindustrie.<\/li><\/ul>\n\n\n\n<h2 class=\"wp-block-heading\" id=\"aussenhandel\">Au\u00dfenhandel<\/h2>\n\n\n\n<p>Im Jahr 2018 Exporte 383 Mio. EUR, Importe 200 Mio. EUR.<\/p>\n","protected":false},"excerpt":{"rendered":"<p>Viljandi ist eine sich entwickelnde Exportstadt Bev\u00f6lkerungszahl:&nbsp;17 083 (1. Februar 2020);&nbsp;Bev\u00f6lkerungszahl des Wirkungsbereichs:&nbsp;44 258 (1. Januar 2019) Entfernungen:&nbsp;Tallinn 161 km, Tartu 81 km, P\u00e4rnu 97 km, Riga 245 km, St. Petersburg 393 km, Helsinki 247 km, Stockholm 580 km. Durchschnittsgehalt (2019 III Q.)&nbsp;1230 Euro Wichtigere T\u00e4tigkeitsbereiche: Holz-, Papier- und M\u00f6belindustrie, andere Bereiche der verarbeitenden Industrie, [&hellip;]<\/p>\n","protected":false},"author":4,"featured_media":893,"parent":338,"menu_order":0,"comment_status":"closed","ping_status":"closed","template":"","meta":{"_acf_changed":false,"inline_featured_image":false,"footnotes":""},"class_list":["post-392","page","type-page","status-publish","has-post-thumbnail","hentry"],"acf":[],"_links":{"self":[{"href":"https:\/\/visitviljandi.ee\/de\/wp-json\/wp\/v2\/pages\/392","targetHints":{"allow":["GET"]}}],"collection":[{"href":"https:\/\/visitviljandi.ee\/de\/wp-json\/wp\/v2\/pages"}],"about":[{"href":"https:\/\/visitviljandi.ee\/de\/wp-json\/wp\/v2\/types\/page"}],"author":[{"embeddable":true,"href":"https:\/\/visitviljandi.ee\/de\/wp-json\/wp\/v2\/users\/4"}],"replies":[{"embeddable":true,"href":"https:\/\/visitviljandi.ee\/de\/wp-json\/wp\/v2\/comments?post=392"}],"version-history":[{"count":1,"href":"https:\/\/visitviljandi.ee\/de\/wp-json\/wp\/v2\/pages\/392\/revisions"}],"predecessor-version":[{"id":393,"href":"https:\/\/visitviljandi.ee\/de\/wp-json\/wp\/v2\/pages\/392\/revisions\/393"}],"up":[{"embeddable":true,"href":"https:\/\/visitviljandi.ee\/de\/wp-json\/wp\/v2\/pages\/338"}],"wp:featuredmedia":[{"embeddable":true,"href":"https:\/\/visitviljandi.ee\/de\/wp-json\/wp\/v2\/media\/893"}],"wp:attachment":[{"href":"https:\/\/visitviljandi.ee\/de\/wp-json\/wp\/v2\/media?parent=392"}],"curies":[{"name":"wp","href":"https:\/\/api.w.org\/{rel}","templated":true}]}}