{"id":366,"date":"2022-01-28T15:50:18","date_gmt":"2022-01-28T13:50:18","guid":{"rendered":"https:\/\/visitviljandi.ee\/?page_id=366"},"modified":"2022-01-28T15:50:19","modified_gmt":"2022-01-28T13:50:19","slug":"entwicklungen","status":"publish","type":"page","link":"https:\/\/visitviljandi.ee\/de\/bist-du-ein-unternehmer\/entwicklungen\/","title":{"rendered":"Entwicklungen"},"content":{"rendered":"\n<h2 class=\"wp-block-heading\" id=\"freie-grundstucke-im-stadteigentum\">Freie Grundst\u00fccke im Stadteigentum<\/h2>\n\n\n\n<figure class=\"wp-block-table\"><table><tbody><tr><td>Roheline t\u00e4nav 3<\/td><td>8262m\u00b2<\/td><td>Gewerbe- und Produktionsland<\/td><\/tr><tr><td>Ravila t\u00e4nav 26<\/td><td>3575m\u00b2<\/td><td>Gewerbe- und Produktionsland<\/td><\/tr><tr><td>Musta tee 24<\/td><td>5123m\u00b2<\/td><td>Gewerbe- und Produktionsland<\/td><\/tr><tr><td>Musta tee 22a<\/td><td>12 434m\u00b2<\/td><td>Gewerbe- und Produktionsland<\/td><\/tr><tr><td>Riia mnt 68<\/td><td>34 044m\u00b2<\/td><td>Produktionsland<\/td><\/tr><tr><td>Reinu tee 5<\/td><td>2011m\u00b2<\/td><td>Wohngrundst\u00fccke<\/td><\/tr><\/tbody><\/table><\/figure>\n\n\n\n<h2 class=\"wp-block-heading\" id=\"bebaute-grundstucke\">Bebaute Grundst\u00fccke<\/h2>\n\n\n\n<figure class=\"wp-block-table\"><table><tbody><tr><td>Linnu t\u00e4nav 4 \/\/ 4a<\/td><td>1654m\u00b2<\/td><td>Grundst\u00fcck f\u00fcr \u00f6ffentliche Geb\u00e4ude<\/td><\/tr><tr><td>Hariduse t\u00e4nav 7<\/td><td>3517m\u00b2<\/td><td>Wohngrundst\u00fcck<\/td><\/tr><\/tbody><\/table><\/figure>\n\n\n\n<p>Weitere Informationen:&nbsp;<a href=\"mailto:visit@viljandi.ee\">visit@viljandi.ee<\/a><\/p>\n\n\n\n<p>In Viljandi haben sich drei Hauptindustriegebiete herausgebildet: M\u00e4nnim\u00e4e (Reinu-Stra\u00dfe, Puidu-Stra\u00dfe, Riia-Chaussee), Kantremaa (Raua-Stra\u00dfe, Piiri-Stra\u00dfe) und Roheline-Stra\u00dfe (um die Kreuzung der Leola-Strasse und der Tallinna-Stra\u00dfe).<\/p>\n\n\n\n<p>Alle verf\u00fcgen \u00fcber Zentralheizung, Wasser und Abwasser, Strom, Gas, organisierten Abfalltransport und Zufahrtsstra\u00dfen. Dar\u00fcber hinaus verf\u00fcgt das Industriegebiet M\u00e4nnim\u00e4e \u00fcber eine Eisenbahnverbindung.<\/p>\n","protected":false},"excerpt":{"rendered":"<p>Freie Grundst\u00fccke im Stadteigentum Roheline t\u00e4nav 3 8262m\u00b2 Gewerbe- und Produktionsland Ravila t\u00e4nav 26 3575m\u00b2 Gewerbe- und Produktionsland Musta tee 24 5123m\u00b2 Gewerbe- und Produktionsland Musta tee 22a 12 434m\u00b2 Gewerbe- und Produktionsland Riia mnt 68 34 044m\u00b2 Produktionsland Reinu tee 5 2011m\u00b2 Wohngrundst\u00fccke Bebaute Grundst\u00fccke Linnu t\u00e4nav 4 \/\/ 4a 1654m\u00b2 Grundst\u00fcck f\u00fcr \u00f6ffentliche [&hellip;]<\/p>\n","protected":false},"author":4,"featured_media":899,"parent":338,"menu_order":0,"comment_status":"closed","ping_status":"closed","template":"","meta":{"_acf_changed":false,"inline_featured_image":false,"footnotes":""},"class_list":["post-366","page","type-page","status-publish","has-post-thumbnail","hentry"],"acf":[],"_links":{"self":[{"href":"https:\/\/visitviljandi.ee\/de\/wp-json\/wp\/v2\/pages\/366","targetHints":{"allow":["GET"]}}],"collection":[{"href":"https:\/\/visitviljandi.ee\/de\/wp-json\/wp\/v2\/pages"}],"about":[{"href":"https:\/\/visitviljandi.ee\/de\/wp-json\/wp\/v2\/types\/page"}],"author":[{"embeddable":true,"href":"https:\/\/visitviljandi.ee\/de\/wp-json\/wp\/v2\/users\/4"}],"replies":[{"embeddable":true,"href":"https:\/\/visitviljandi.ee\/de\/wp-json\/wp\/v2\/comments?post=366"}],"version-history":[{"count":1,"href":"https:\/\/visitviljandi.ee\/de\/wp-json\/wp\/v2\/pages\/366\/revisions"}],"predecessor-version":[{"id":367,"href":"https:\/\/visitviljandi.ee\/de\/wp-json\/wp\/v2\/pages\/366\/revisions\/367"}],"up":[{"embeddable":true,"href":"https:\/\/visitviljandi.ee\/de\/wp-json\/wp\/v2\/pages\/338"}],"wp:featuredmedia":[{"embeddable":true,"href":"https:\/\/visitviljandi.ee\/de\/wp-json\/wp\/v2\/media\/899"}],"wp:attachment":[{"href":"https:\/\/visitviljandi.ee\/de\/wp-json\/wp\/v2\/media?parent=366"}],"curies":[{"name":"wp","href":"https:\/\/api.w.org\/{rel}","templated":true}]}}