{"id":319,"date":"2022-01-28T15:34:44","date_gmt":"2022-01-28T13:34:44","guid":{"rendered":"https:\/\/visitviljandi.ee\/?page_id=319"},"modified":"2022-03-23T11:34:19","modified_gmt":"2022-03-23T09:34:19","slug":"wirst-ansaessig","status":"publish","type":"page","link":"https:\/\/visitviljandi.ee\/de\/wirst-ansaessig\/","title":{"rendered":"Wirst ans\u00e4ssig?"},"content":{"rendered":"\n<h2 class=\"wp-block-heading\" id=\"das-leben-in-viljandi-erwartet-dich\">Das Leben in Viljandi erwartet dich!<\/h2>\n\n\n\n<figure class=\"wp-block-image size-large\"><a href=\"https:\/\/visitviljandi.ee\/wp-content\/uploads\/2022\/01\/IMG_3266.jpg\"><img loading=\"lazy\" decoding=\"async\" width=\"1024\" height=\"683\" src=\"https:\/\/visitviljandi.ee\/wp-content\/uploads\/2022\/01\/IMG_3266-1024x683.jpg\" alt=\"\" class=\"wp-image-419\" srcset=\"https:\/\/visitviljandi.ee\/wp-content\/uploads\/2022\/01\/IMG_3266-1024x683.jpg 1024w, https:\/\/visitviljandi.ee\/wp-content\/uploads\/2022\/01\/IMG_3266-300x200.jpg 300w, https:\/\/visitviljandi.ee\/wp-content\/uploads\/2022\/01\/IMG_3266-768x512.jpg 768w, https:\/\/visitviljandi.ee\/wp-content\/uploads\/2022\/01\/IMG_3266.jpg 1200w\" sizes=\"auto, (max-width: 1024px) 100vw, 1024px\" \/><\/a><\/figure>\n\n\n\n<h2 class=\"wp-block-heading\" id=\"viljandi-ist-eine-wahre-grossstadt\">Viljandi ist eine wahre Gro\u00dfstadt\u2026<\/h2>\n\n\n\n<p>Vielleicht nicht so sehr wegen der Volksmenge oder der H\u00f6he ihrer H\u00e4user, wohl aber wegen des Unternehmergeists, der Kreativit\u00e4t und der Erfolge der hiesigen Menschen. Hier wird gro\u00df gedacht und alles, was getan wird, muss auf dem bestm\u00f6glichen Niveau erfolgen \u2013 sei es Sommerfestivals, Theaterauff\u00fchrungen, Stra\u00dfenfeste, lokale Restaurants und Caf\u00e9s, aber auch High-Tech-Gep\u00e4ckautomaten, Betten und IT-L\u00f6sungen. Dabei handeln die Menschen in Viljandi immer sich umeinander k\u00fcmmernd, fr\u00f6hlich und mit einem guten Sinn f\u00fcr Humor.<\/p>\n\n\n\n<figure class=\"wp-block-image size-large\"><a href=\"https:\/\/visitviljandi.ee\/wp-content\/uploads\/2022\/01\/IMG_3166.jpg\"><img loading=\"lazy\" decoding=\"async\" width=\"1024\" height=\"683\" src=\"https:\/\/visitviljandi.ee\/wp-content\/uploads\/2022\/01\/IMG_3166-1024x683.jpg\" alt=\"\" class=\"wp-image-425\" srcset=\"https:\/\/visitviljandi.ee\/wp-content\/uploads\/2022\/01\/IMG_3166-1024x683.jpg 1024w, https:\/\/visitviljandi.ee\/wp-content\/uploads\/2022\/01\/IMG_3166-300x200.jpg 300w, https:\/\/visitviljandi.ee\/wp-content\/uploads\/2022\/01\/IMG_3166-768x512.jpg 768w, https:\/\/visitviljandi.ee\/wp-content\/uploads\/2022\/01\/IMG_3166.jpg 1200w\" sizes=\"auto, (max-width: 1024px) 100vw, 1024px\" \/><\/a><\/figure>\n\n\n\n<h2 class=\"wp-block-heading\" id=\"unsere-menschen-schatzen-das-gemeinschaftsgefuhl\">Unsere Menschen sch\u00e4tzen das Gemeinschaftsgef\u00fchl&#8230;<\/h2>\n\n\n\n<p>Gemeinsam werden die Kinder zur Schule gebracht, ein Stra\u00dfencaf\u00e9 er\u00f6ffnet oder Stadtteiltage organisiert. Gemeinsam steht man daf\u00fcr ein, dass der Heimatort sich entwickeln w\u00fcrde und sicher w\u00e4re.<br>Viljandi ist eine Stadt mit engen Gassen, gem\u00fctlichen Holzh\u00e4usern und Katzen, die tr\u00e4ge am Zaun entlang gehen. Es ist eine Stadt der intelligenten Fabriken, innovativen Technologien und der exportierenden Industrie. Viljandi ist auch eine Universit\u00e4tsstadt, in die eine neue Generation von Frischlingen jeden Herbst jugendliche Frische bringt.<\/p>\n\n\n\n<p>Sei ein Teil unserer Gemeinschaft!<\/p>\n\n\n\n<h2 class=\"wp-block-heading\" id=\"werde-ein-einwohner-von-viljandi\">Werde ein Einwohner von Viljandi!<\/h2>\n\n\n\n<figure class=\"wp-block-image size-large\"><a href=\"https:\/\/visitviljandi.ee\/wp-content\/uploads\/2022\/01\/IMG_3210.jpg\"><img loading=\"lazy\" decoding=\"async\" width=\"1024\" height=\"683\" src=\"https:\/\/visitviljandi.ee\/wp-content\/uploads\/2022\/01\/IMG_3210-1024x683.jpg\" alt=\"\" class=\"wp-image-432\" srcset=\"https:\/\/visitviljandi.ee\/wp-content\/uploads\/2022\/01\/IMG_3210-1024x683.jpg 1024w, https:\/\/visitviljandi.ee\/wp-content\/uploads\/2022\/01\/IMG_3210-300x200.jpg 300w, https:\/\/visitviljandi.ee\/wp-content\/uploads\/2022\/01\/IMG_3210-768x512.jpg 768w, https:\/\/visitviljandi.ee\/wp-content\/uploads\/2022\/01\/IMG_3210.jpg 1200w\" sizes=\"auto, (max-width: 1024px) 100vw, 1024px\" \/><\/a><\/figure>\n","protected":false},"excerpt":{"rendered":"<p>Das Leben in Viljandi erwartet dich! Viljandi ist eine wahre Gro\u00dfstadt\u2026 Vielleicht nicht so sehr wegen der Volksmenge oder der H\u00f6he ihrer H\u00e4user, wohl aber wegen des Unternehmergeists, der Kreativit\u00e4t und der Erfolge der hiesigen Menschen. Hier wird gro\u00df gedacht und alles, was getan wird, muss auf dem bestm\u00f6glichen Niveau erfolgen \u2013 sei es Sommerfestivals, [&hellip;]<\/p>\n","protected":false},"author":4,"featured_media":0,"parent":0,"menu_order":0,"comment_status":"closed","ping_status":"closed","template":"","meta":{"_acf_changed":false,"inline_featured_image":false,"footnotes":""},"class_list":["post-319","page","type-page","status-publish","hentry"],"acf":[],"_links":{"self":[{"href":"https:\/\/visitviljandi.ee\/de\/wp-json\/wp\/v2\/pages\/319","targetHints":{"allow":["GET"]}}],"collection":[{"href":"https:\/\/visitviljandi.ee\/de\/wp-json\/wp\/v2\/pages"}],"about":[{"href":"https:\/\/visitviljandi.ee\/de\/wp-json\/wp\/v2\/types\/page"}],"author":[{"embeddable":true,"href":"https:\/\/visitviljandi.ee\/de\/wp-json\/wp\/v2\/users\/4"}],"replies":[{"embeddable":true,"href":"https:\/\/visitviljandi.ee\/de\/wp-json\/wp\/v2\/comments?post=319"}],"version-history":[{"count":2,"href":"https:\/\/visitviljandi.ee\/de\/wp-json\/wp\/v2\/pages\/319\/revisions"}],"predecessor-version":[{"id":441,"href":"https:\/\/visitviljandi.ee\/de\/wp-json\/wp\/v2\/pages\/319\/revisions\/441"}],"wp:attachment":[{"href":"https:\/\/visitviljandi.ee\/de\/wp-json\/wp\/v2\/media?parent=319"}],"curies":[{"name":"wp","href":"https:\/\/api.w.org\/{rel}","templated":true}]}}