{"id":297,"date":"2022-01-28T15:24:06","date_gmt":"2022-01-28T13:24:06","guid":{"rendered":"https:\/\/visitviljandi.ee\/?page_id=297"},"modified":"2022-01-28T15:24:07","modified_gmt":"2022-01-28T13:24:07","slug":"sport-und-camps","status":"publish","type":"page","link":"https:\/\/visitviljandi.ee\/de\/wirst-besuchen\/sport-und-camps\/","title":{"rendered":"Sport und Camps"},"content":{"rendered":"\n<p>Der Sportkomplex am See von Viljandi bietet ideale M\u00f6glichkeiten f\u00fcr Einzel- und Teamtrainings. Die N\u00e4he von Unterk\u00fcnften bedeutet, dass die Stadt ein gro\u00dfartiger Ort zur Organisierung von Sportcamps ist.<\/p>\n\n\n\n<p><strong>M\u00f6glichkeiten am See:<\/strong>&nbsp;Stadtstadion, Kunstrasenplatz, multifunktionaler Sportspielplatz,&nbsp; Tennissandpl\u00e4tze, Ruderzentrum, Paddelzentrum, Stra\u00dfenbasketball, Beachvolleyball, Beachtennis, Beachfu\u00dfball, Petanque, Fitnessstudio im Freien, Freibad, Offroad-Pfad rund um den See, Treppenberg, Bootfahren.<\/p>\n\n\n\n<p>In der Stadt befinden sich noch Fitnessstudios, mehrere Indoor-Turnhallen, Indoor-Tennishalle, Kunstrasenplatz, Schwimmbad, Bowling, Eisbahnhalle<\/p>\n\n\n\n<p>Wenn du am Trainieren in Viljandi interessiert bist, kontaktiere uns!<\/p>\n\n\n\n<p>Mati J\u00fcrisson, Leiter des Sportzentrums Viljandi, Telefon +372 520 0454, E-Mail&nbsp;<a href=\"mailto:mati.jyrisson@viljandi.ee\">mati.jyrisson@viljandi.ee<\/a><\/p>\n\n\n\n<p>Ott Ahonen, Leiter des Tenniszentrums Viljandi, Telefon +372 5649 4381, E-Mail&nbsp;<a href=\"mailto:ott@viljanditennis.ee\">ott@viljanditennis.ee<\/a><\/p>\n","protected":false},"excerpt":{"rendered":"<p>Der Sportkomplex am See von Viljandi bietet ideale M\u00f6glichkeiten f\u00fcr Einzel- und Teamtrainings. Die N\u00e4he von Unterk\u00fcnften bedeutet, dass die Stadt ein gro\u00dfartiger Ort zur Organisierung von Sportcamps ist. M\u00f6glichkeiten am See:&nbsp;Stadtstadion, Kunstrasenplatz, multifunktionaler Sportspielplatz,&nbsp; Tennissandpl\u00e4tze, Ruderzentrum, Paddelzentrum, Stra\u00dfenbasketball, Beachvolleyball, Beachtennis, Beachfu\u00dfball, Petanque, Fitnessstudio im Freien, Freibad, Offroad-Pfad rund um den See, Treppenberg, Bootfahren. In [&hellip;]<\/p>\n","protected":false},"author":4,"featured_media":830,"parent":328,"menu_order":0,"comment_status":"closed","ping_status":"closed","template":"","meta":{"_acf_changed":false,"inline_featured_image":false,"footnotes":""},"class_list":["post-297","page","type-page","status-publish","has-post-thumbnail","hentry"],"acf":[],"_links":{"self":[{"href":"https:\/\/visitviljandi.ee\/de\/wp-json\/wp\/v2\/pages\/297","targetHints":{"allow":["GET"]}}],"collection":[{"href":"https:\/\/visitviljandi.ee\/de\/wp-json\/wp\/v2\/pages"}],"about":[{"href":"https:\/\/visitviljandi.ee\/de\/wp-json\/wp\/v2\/types\/page"}],"author":[{"embeddable":true,"href":"https:\/\/visitviljandi.ee\/de\/wp-json\/wp\/v2\/users\/4"}],"replies":[{"embeddable":true,"href":"https:\/\/visitviljandi.ee\/de\/wp-json\/wp\/v2\/comments?post=297"}],"version-history":[{"count":1,"href":"https:\/\/visitviljandi.ee\/de\/wp-json\/wp\/v2\/pages\/297\/revisions"}],"predecessor-version":[{"id":298,"href":"https:\/\/visitviljandi.ee\/de\/wp-json\/wp\/v2\/pages\/297\/revisions\/298"}],"up":[{"embeddable":true,"href":"https:\/\/visitviljandi.ee\/de\/wp-json\/wp\/v2\/pages\/328"}],"wp:featuredmedia":[{"embeddable":true,"href":"https:\/\/visitviljandi.ee\/de\/wp-json\/wp\/v2\/media\/830"}],"wp:attachment":[{"href":"https:\/\/visitviljandi.ee\/de\/wp-json\/wp\/v2\/media?parent=297"}],"curies":[{"name":"wp","href":"https:\/\/api.w.org\/{rel}","templated":true}]}}