{"id":287,"date":"2022-01-28T15:20:36","date_gmt":"2022-01-28T13:20:36","guid":{"rendered":"https:\/\/visitviljandi.ee\/?page_id=287"},"modified":"2025-04-29T09:55:32","modified_gmt":"2025-04-29T06:55:32","slug":"wie-kommt-man-an","status":"publish","type":"page","link":"https:\/\/visitviljandi.ee\/de\/wirst-besuchen\/wie-kommt-man-an\/","title":{"rendered":"Wie kommt man an?"},"content":{"rendered":"\n<h2 class=\"wp-block-heading\" id=\"anreise\">Anreise<\/h2>\n\n\n\n<p>Auf der Strecke&nbsp;<strong>Viljandi &#8211; Tallinn<\/strong>&nbsp;fahren Busse ungef\u00e4hr st\u00fcndlich von 6 Uhr morgens bis 19 Uhr abends. Die Fahrkartenpreise betragen 7 \u20ac&nbsp; &#8211; 10 \u20ac.<\/p>\n\n\n\n<p>Auf der Strecke&nbsp;<strong>Viljandi &#8211; Tartu<\/strong>&nbsp;fahren Busse ungef\u00e4hr st\u00fcndlich von 6.25 Uhr morgens bis 20.25 Uhr abends. Die Fahrkartenpreise betragen durchschnittlich 5 \u20ac.<\/p>\n\n\n\n<p>Auf der Strecke&nbsp;<strong>Viljandi &#8211; P\u00e4rnu<\/strong>&nbsp;fahren Busse ungef\u00e4hr st\u00fcndlich von 6.55 Uhr morgens bis 18.40 Uhr abends. Die Fahrkartenpreise betragen durchschnittlich 5 \u20ac.<\/p>\n\n\n\n<p>Die genauen Abfahrtszeiten und Fahrkarteninformationen finden Sie&nbsp;<a href=\"https:\/\/www.tpilet.ee\/en\/\" target=\"_blank\" rel=\"noreferrer noopener\">HIER<\/a><\/p>\n\n\n\n<p><strong>Viljandi hat eine Zugverbindung mit Tallinn<\/strong>\u00a0sechsmal am Tag an sieben Tagen in der Woche. Die Busse fahren vom Bahnhof Viljandi in die Innenstadt unmittelbar nach Ankunft des Zugs am Bahnhof. Die Fahrkartenpreis betr\u00e4gt 2 \u20ac. Am Bahnhof warten meistens auch Taxis mit einer Mindestfahrgeb\u00fchr von 4 \u20ac.<\/p>\n\n\n\n<p>Zugfahrpl\u00e4ne finden Sie&nbsp;<a href=\"https:\/\/elron.pilet.ee\/en\" target=\"_blank\" rel=\"noreferrer noopener\">HIER<\/a><\/p>\n\n\n\n<p><strong>Entfernung von anderen St\u00e4dten:<\/strong>&nbsp;Tallinn 161 km, Tartu 81 km, P\u00e4rnu 97 km, Riga 245 km, St. Petersburg 393 km, Helsinki 247 km, Stockholm 580 km.<\/p>\n\n\n\n<p><strong>Aus Richtung Tallinn<\/strong>&nbsp;kommend biege in Imavere von der Tallinn-Tartu Stra\u00dfe (2) in die Imavere-Viljandi-Karksi-Nuia Stra\u00dfe (49) ab.<\/p>\n\n\n\n<p><strong>Aus Richtung Riga<\/strong>&nbsp;kommend biege an der Tankstelle in H\u00e4\u00e4demeeste rechts in die T\u00f5itoja-H\u00e4\u00e4demeeste Stra\u00dfe (330) ab. Beim Erreichen der Valga-Uulu Stra\u00dfe (6) fahr bis zur Kilingi-N\u00f5mme, nachdem du an der Ortschaft vorbeigefahren bist, biege links in die Tartu-Viljandi-Kilingi-N\u00f5mme Stra\u00dfe (92) ab.<\/p>\n","protected":false},"excerpt":{"rendered":"<p>Anreise Auf der Strecke&nbsp;Viljandi &#8211; Tallinn&nbsp;fahren Busse ungef\u00e4hr st\u00fcndlich von 6 Uhr morgens bis 19 Uhr abends. Die Fahrkartenpreise betragen 7 \u20ac&nbsp; &#8211; 10 \u20ac. Auf der Strecke&nbsp;Viljandi &#8211; Tartu&nbsp;fahren Busse ungef\u00e4hr st\u00fcndlich von 6.25 Uhr morgens bis 20.25 Uhr abends. Die Fahrkartenpreise betragen durchschnittlich 5 \u20ac. Auf der Strecke&nbsp;Viljandi &#8211; P\u00e4rnu&nbsp;fahren Busse ungef\u00e4hr st\u00fcndlich [&hellip;]<\/p>\n","protected":false},"author":4,"featured_media":861,"parent":328,"menu_order":0,"comment_status":"closed","ping_status":"closed","template":"","meta":{"_acf_changed":false,"inline_featured_image":false,"footnotes":""},"class_list":["post-287","page","type-page","status-publish","has-post-thumbnail","hentry"],"acf":[],"_links":{"self":[{"href":"https:\/\/visitviljandi.ee\/de\/wp-json\/wp\/v2\/pages\/287","targetHints":{"allow":["GET"]}}],"collection":[{"href":"https:\/\/visitviljandi.ee\/de\/wp-json\/wp\/v2\/pages"}],"about":[{"href":"https:\/\/visitviljandi.ee\/de\/wp-json\/wp\/v2\/types\/page"}],"author":[{"embeddable":true,"href":"https:\/\/visitviljandi.ee\/de\/wp-json\/wp\/v2\/users\/4"}],"replies":[{"embeddable":true,"href":"https:\/\/visitviljandi.ee\/de\/wp-json\/wp\/v2\/comments?post=287"}],"version-history":[{"count":2,"href":"https:\/\/visitviljandi.ee\/de\/wp-json\/wp\/v2\/pages\/287\/revisions"}],"predecessor-version":[{"id":514637,"href":"https:\/\/visitviljandi.ee\/de\/wp-json\/wp\/v2\/pages\/287\/revisions\/514637"}],"up":[{"embeddable":true,"href":"https:\/\/visitviljandi.ee\/de\/wp-json\/wp\/v2\/pages\/328"}],"wp:featuredmedia":[{"embeddable":true,"href":"https:\/\/visitviljandi.ee\/de\/wp-json\/wp\/v2\/media\/861"}],"wp:attachment":[{"href":"https:\/\/visitviljandi.ee\/de\/wp-json\/wp\/v2\/media?parent=287"}],"curies":[{"name":"wp","href":"https:\/\/api.w.org\/{rel}","templated":true}]}}