{"id":276,"date":"2022-01-28T15:07:02","date_gmt":"2022-01-28T13:07:02","guid":{"rendered":"https:\/\/visitviljandi.ee\/?page_id=276"},"modified":"2022-01-28T15:07:03","modified_gmt":"2022-01-28T13:07:03","slug":"schule-und-universitaet","status":"publish","type":"page","link":"https:\/\/visitviljandi.ee\/de\/wirst-ansaessig\/schule-und-universitaet\/","title":{"rendered":"Schule und Universit\u00e4t"},"content":{"rendered":"\n<h2 class=\"wp-block-heading\" id=\"bildungseinrichtungen-in-viljandi\">Bildungseinrichtungen in Viljandi<\/h2>\n\n\n\n<p>In Viljandi gibt es drei Grundschulen und eine Schule f\u00fcr Kinder mit besonderen Bed\u00fcrfnissen. Das Studium der Gymnasialstufe findet am Viljandi Gymnasium statt, die eine moderne staatliche Schule ist. Zudem gibt es in Viljandi auch ein Gymnasium f\u00fcr Erwachsene.<\/p>\n\n\n\n<p>In der Stadt wird exzellente informelle Bildung an der Kunstschule, Musikschule, Sportschule und Hobbyschule angeboten.<\/p>\n\n\n\n<p>Dar\u00fcber hinaus sind in der Stadt zwei Privatschulen t\u00e4tig.<\/p>\n\n\n\n<p>Unweit der Stadt Viljandi befindet sich in Vana-V\u00f5idu das Berufsbildungszentrum Viljandi, an dem exzellente Fachkr\u00e4fte f\u00fcr verschiedene Lebensbereiche ausgebildet werden.<\/p>\n\n\n\n<h2 class=\"wp-block-heading\" id=\"stipendien-der-stadt\">Stipendien der Stadt<\/h2>\n\n\n\n<p>Die Stadt Viljandi h\u00e4lt ihre jungen Leute f\u00fcr wichtig und daher ist es m\u00f6glich, bei der Stadtverwaltung mehrere Stipendien zu beantragen.<\/p>\n\n\n\n<h2 class=\"wp-block-heading\" id=\"kulturakademie-der-universitat-tartu-in-viljandi\">Kulturakademie der Universit\u00e4t Tartu in Viljandi<\/h2>\n\n\n\n<p>Die Kulturakademie der Universit\u00e4t Tartu in Viljandi bietet mehr als 700 Studenten in vier Abteilungen Bildung an. An der Akademie kann man sowohl Fachhochschulabschl\u00fcsse als auch Bachelor- und Masterabschl\u00fcsse erwerben. Die Akademie ist f\u00fcr die Stadt ein wichtiger Partner bei der Veranstaltung verschiedener Events und der Aufnahme von G\u00e4sten. Dar\u00fcber hinaus bereichern viele Studentenveranstaltungen das kulturelle Leben der Stadt das ganze Jahr \u00fcber.<\/p>\n","protected":false},"excerpt":{"rendered":"<p>Bildungseinrichtungen in Viljandi In Viljandi gibt es drei Grundschulen und eine Schule f\u00fcr Kinder mit besonderen Bed\u00fcrfnissen. Das Studium der Gymnasialstufe findet am Viljandi Gymnasium statt, die eine moderne staatliche Schule ist. Zudem gibt es in Viljandi auch ein Gymnasium f\u00fcr Erwachsene. In der Stadt wird exzellente informelle Bildung an der Kunstschule, Musikschule, Sportschule und [&hellip;]<\/p>\n","protected":false},"author":4,"featured_media":836,"parent":319,"menu_order":0,"comment_status":"closed","ping_status":"closed","template":"","meta":{"_acf_changed":false,"inline_featured_image":false,"footnotes":""},"class_list":["post-276","page","type-page","status-publish","has-post-thumbnail","hentry"],"acf":[],"_links":{"self":[{"href":"https:\/\/visitviljandi.ee\/de\/wp-json\/wp\/v2\/pages\/276","targetHints":{"allow":["GET"]}}],"collection":[{"href":"https:\/\/visitviljandi.ee\/de\/wp-json\/wp\/v2\/pages"}],"about":[{"href":"https:\/\/visitviljandi.ee\/de\/wp-json\/wp\/v2\/types\/page"}],"author":[{"embeddable":true,"href":"https:\/\/visitviljandi.ee\/de\/wp-json\/wp\/v2\/users\/4"}],"replies":[{"embeddable":true,"href":"https:\/\/visitviljandi.ee\/de\/wp-json\/wp\/v2\/comments?post=276"}],"version-history":[{"count":1,"href":"https:\/\/visitviljandi.ee\/de\/wp-json\/wp\/v2\/pages\/276\/revisions"}],"predecessor-version":[{"id":277,"href":"https:\/\/visitviljandi.ee\/de\/wp-json\/wp\/v2\/pages\/276\/revisions\/277"}],"up":[{"embeddable":true,"href":"https:\/\/visitviljandi.ee\/de\/wp-json\/wp\/v2\/pages\/319"}],"wp:featuredmedia":[{"embeddable":true,"href":"https:\/\/visitviljandi.ee\/de\/wp-json\/wp\/v2\/media\/836"}],"wp:attachment":[{"href":"https:\/\/visitviljandi.ee\/de\/wp-json\/wp\/v2\/media?parent=276"}],"curies":[{"name":"wp","href":"https:\/\/api.w.org\/{rel}","templated":true}]}}